{"id":1295,"date":"2025-05-27T22:20:29","date_gmt":"2025-05-28T01:20:29","guid":{"rendered":"https:\/\/leyard.com.br\/?page_id=1295"},"modified":"2025-06-06T16:21:20","modified_gmt":"2025-06-06T19:21:20","slug":"sobre","status":"publish","type":"page","link":"https:\/\/leyard.com.br\/esp\/sobre\/","title":{"rendered":"En"},"content":{"rendered":"<div data-elementor-type=\"wp-page\" data-elementor-id=\"1295\" class=\"elementor elementor-1295\" data-elementor-post-type=\"page\">\n\t\t\t\t<div class=\"elementor-element elementor-element-2ec41a2 e-flex e-con-boxed e-con e-parent\" data-id=\"2ec41a2\" data-element_type=\"container\" data-e-type=\"container\" data-settings=\"{&quot;background_background&quot;:&quot;classic&quot;}\">\n\t\t\t\t\t<div class=\"e-con-inner\">\n\t\t\t\t<div class=\"elementor-element elementor-element-9e1bc67 elementor-widget elementor-widget-html\" data-id=\"9e1bc67\" data-element_type=\"widget\" data-e-type=\"widget\" data-widget_type=\"html.default\">\n\t\t\t\t<div class=\"elementor-widget-container\">\n\t\t\t\t\t<div class=\"container-sobre\" style=\"  display: flex;  background-color: #fff;  border-radius: 20px;  padding: 40px;  gap: 40px;  max-width: 1000px;  height: auto;  margin: 40px auto;  align-items: center;  flex-wrap: wrap;\">\r\n\r\n  <!-- Imagem -->\r\n  <div class=\"sobre-imagem\" style=\"flex: 1 1 45%;\">\r\n    <img decoding=\"async\" src=\"https:\/\/leyard.com.br\/wp-content\/uploads\/2025\/05\/39aRP8N7D9w4OajYNWCIEaitTY.jpg\"\r\n         alt=\"leyard img\"\r\n         style=\"width: 100%; height: 350px;\">\r\n  <\/div>\r\n\r\n  <!-- Texto -->\r\n  <div style=\"flex: 1 1 45%;\">\r\n    <h2 style=\"      font-family: Poppins, sans-serif;      font-size: 42px;      color: #B5171E;      font-weight:400;      margin: 0 0 20px 0;    \">\r\n      DESDE 1995\r\n    <\/h2>\r\n\r\n    <p style=\"      font-family: 'Inter', sans-serif;      font-size: 17px;      color: #828e9d;      line-height: 1.7;      padding-top: 20px;      margin: 0;    \">\r\n      El Grupo Leyard ha estado trabajando activamente en el desarrollo de nuevas tecnolog\u00edas que son pioneras en innovaci\u00f3n y calidad en el mercado de equipos de visualizaci\u00f3n visual para interiores y exteriores.\r\n    <\/p>\r\n  <\/div>\r\n  \r\n  <style>\r\n    @media (max-width: 768px) {\r\n  .sobre-imagem img {\r\n    height: auto !important;\r\n  }\r\n\r\n  .container-sobre{\r\n    border-radius: 0 !important;\r\n  }\r\n}\r\n  <\/style>\r\n\r\n<\/div>\r\n\r\n\t\t\t\t<\/div>\n\t\t\t\t<\/div>\n\t\t\t\t\t<\/div>\n\t\t\t\t<\/div>\n\t\t<div class=\"elementor-element elementor-element-d0db6fc e-flex e-con-boxed e-con e-parent\" data-id=\"d0db6fc\" data-element_type=\"container\" data-e-type=\"container\" data-settings=\"{&quot;background_background&quot;:&quot;classic&quot;}\">\n\t\t\t\t\t<div class=\"e-con-inner\">\n\t\t\t\t<div class=\"elementor-element elementor-element-2499d13 elementor-widget elementor-widget-html\" data-id=\"2499d13\" data-element_type=\"widget\" data-e-type=\"widget\" data-widget_type=\"html.default\">\n\t\t\t\t<div class=\"elementor-widget-container\">\n\t\t\t\t\t<div style=\"  display: flex;  justify-content: center;  gap: 24px;  padding: 20px;  background-color: #04070D;  flex-wrap: wrap;\">\r\n\r\n  <!-- Bloco 1 -->\r\n  <div style=\"    background: linear-gradient(235deg, rgba(255, 255, 255, 0.14) 0%, rgba(222, 232, 246, 0.1) 100%);    padding: 30px 20px;    border-radius: 12px;    width: 237px;    height: 170px;    text-align: center;    color: #e5ecf5;    font-family: 'Inter', sans-serif;  \">\r\n    <div style=\"font-size: 42px; font-weight: 400; color: #f2f9fe; font-family: Poppins;\">%<\/div>\r\n    <div style=\"font-size: 18px; line-height: 1.5; color: #828e9d;\">L\u00cdDER DEL MERCADO<br>PARTICIPACI\u00d3N GLOBAL<\/div>\r\n  <\/div>\r\n\r\n  <!-- Bloco 2 -->\r\n  <div style=\"        background: linear-gradient(235deg, rgba(255, 255, 255, 0.14) 0%, rgba(222, 232, 246, 0.1) 100%);    padding: 30px 20px;    border-radius: 12px;    width: 237px;    height: 170px;    text-align: center;    color: #e5ecf5;    font-family: 'Inter', sans-serif;  \">\r\n    <div style=\"font-size: 42px; font-weight: 400; color: #f2f9fe; font-family: Poppins;\">24<\/div>\r\n    <div style=\"font-size: 18px; line-height: 1.5; color: #828e9d;\">ACTUACI\u00d3N EN VEINTE<br>Y CUATRO PA\u00cdSES<\/div>\r\n  <\/div>\r\n\r\n  <!-- Bloco 3 -->\r\n  <div style=\"        background: linear-gradient(235deg, rgba(255, 255, 255, 0.14) 0%, rgba(222, 232, 246, 0.1) 100%);    padding: 30px 20px;    border-radius: 12px;    width: 237px;    height: 170px;    text-align: center;    color: #e5ecf5;    font-family: 'Inter', sans-serif;  \">\r\n    <div style=\"font-size: 42px; font-weight: 400; color: #f2f9fe; font-family: Poppins;\">+4000<\/div>\r\n    <div style=\"font-size: 18px; line-height: 1.5; color: #828e9d; \">PROYECTOS EN EL<br>AM\u00c9RICA LATINA<\/div>\r\n  <\/div>\r\n\r\n  <!-- Bloco 4 -->\r\n  <div style=\"        background: linear-gradient(235deg, rgba(255, 255, 255, 0.14) 0%, rgba(222, 232, 246, 0.1) 100%);    padding: 30px 20px;    border-radius: 12px;    width: 237px;    height: 170px;    text-align: center;    color: #e5ecf5;    font-family: 'Inter', sans-serif;  \">\r\n    <div style=\"font-size: 42px; font-weight: 400; color: #f2f9fe; font-family: Poppins;\">4370<\/div>\r\n    <div style=\"font-size: 18px; line-height: 1.5; color: #828e9d;\">COLABORADORES<br>GLOBAL<\/div>\r\n  <\/div>\r\n\r\n<\/div>\r\n\t\t\t\t<\/div>\n\t\t\t\t<\/div>\n\t\t\t\t\t<\/div>\n\t\t\t\t<\/div>\n\t\t<div class=\"elementor-element elementor-element-7d596b1 e-flex e-con-boxed e-con e-parent\" data-id=\"7d596b1\" data-element_type=\"container\" data-e-type=\"container\" data-settings=\"{&quot;background_background&quot;:&quot;classic&quot;}\">\n\t\t\t\t\t<div class=\"e-con-inner\">\n\t\t\t\t<div class=\"elementor-element elementor-element-f50b7b7 elementor-widget elementor-widget-heading\" data-id=\"f50b7b7\" data-element_type=\"widget\" data-e-type=\"widget\" data-widget_type=\"heading.default\">\n\t\t\t\t<div class=\"elementor-widget-container\">\n\t\t\t\t\t<h2 class=\"elementor-heading-title elementor-size-default\">GRUPO LEYARD<\/h2>\t\t\t\t<\/div>\n\t\t\t\t<\/div>\n\t\t\t\t\t<\/div>\n\t\t\t\t<\/div>\n\t\t<div class=\"elementor-element elementor-element-45300c6 e-flex e-con-boxed e-con e-parent\" data-id=\"45300c6\" data-element_type=\"container\" data-e-type=\"container\" data-settings=\"{&quot;background_background&quot;:&quot;classic&quot;}\">\n\t\t\t\t\t<div class=\"e-con-inner\">\n\t\t<div class=\"elementor-element elementor-element-7d7abda e-con-full e-flex e-con e-child\" data-id=\"7d7abda\" data-element_type=\"container\" data-e-type=\"container\" data-settings=\"{&quot;background_background&quot;:&quot;classic&quot;}\">\n\t\t<div class=\"elementor-element elementor-element-88e6922 e-grid e-con-full e-con e-child\" data-id=\"88e6922\" data-element_type=\"container\" data-e-type=\"container\">\n\t\t\t\t<div class=\"elementor-element elementor-element-2dde2aa elementor-widget elementor-widget-image\" data-id=\"2dde2aa\" data-element_type=\"widget\" data-e-type=\"widget\" data-widget_type=\"image.default\">\n\t\t\t\t<div class=\"elementor-widget-container\">\n\t\t\t\t\t\t\t\t\t\t\t\t\t\t\t<img decoding=\"async\" width=\"188\" height=\"141\" src=\"https:\/\/leyard.com.br\/wp-content\/uploads\/2025\/06\/QDwJAEKwrqVyJLojQw9jlrRwlw-1.png\" class=\"attachment-large size-large wp-image-2767\" alt=\"\" \/>\t\t\t\t\t\t\t\t\t\t\t\t\t\t\t<\/div>\n\t\t\t\t<\/div>\n\t\t\t\t<div class=\"elementor-element elementor-element-7e0c842 elementor-widget elementor-widget-image\" data-id=\"7e0c842\" data-element_type=\"widget\" data-e-type=\"widget\" data-widget_type=\"image.default\">\n\t\t\t\t<div class=\"elementor-widget-container\">\n\t\t\t\t\t\t\t\t\t\t\t\t\t\t\t<img decoding=\"async\" width=\"188\" height=\"141\" src=\"https:\/\/leyard.com.br\/wp-content\/uploads\/2025\/06\/XAZLn4F8dywzELrMn5t1eXrMssc-2.png\" class=\"attachment-full size-full wp-image-2775\" alt=\"\" \/>\t\t\t\t\t\t\t\t\t\t\t\t\t\t\t<\/div>\n\t\t\t\t<\/div>\n\t\t\t\t<div class=\"elementor-element elementor-element-b73e4c8 elementor-widget elementor-widget-image\" data-id=\"b73e4c8\" data-element_type=\"widget\" data-e-type=\"widget\" data-widget_type=\"image.default\">\n\t\t\t\t<div class=\"elementor-widget-container\">\n\t\t\t\t\t\t\t\t\t\t\t\t\t\t\t<img decoding=\"async\" width=\"188\" height=\"141\" src=\"https:\/\/leyard.com.br\/wp-content\/uploads\/2025\/06\/i4A7az7fKC3G3M2ubgCtncZBup4-1.png\" class=\"attachment-large size-large wp-image-2766\" alt=\"\" \/>\t\t\t\t\t\t\t\t\t\t\t\t\t\t\t<\/div>\n\t\t\t\t<\/div>\n\t\t\t\t<div class=\"elementor-element elementor-element-9231d0d elementor-widget elementor-widget-image\" data-id=\"9231d0d\" data-element_type=\"widget\" data-e-type=\"widget\" data-widget_type=\"image.default\">\n\t\t\t\t<div class=\"elementor-widget-container\">\n\t\t\t\t\t\t\t\t\t\t\t\t\t\t\t<img loading=\"lazy\" decoding=\"async\" width=\"188\" height=\"141\" src=\"https:\/\/leyard.com.br\/wp-content\/uploads\/2025\/06\/u9CnO5HRgc7E7BH7pnEn6gGdgGI-1.png\" class=\"attachment-large size-large wp-image-2769\" alt=\"\" \/>\t\t\t\t\t\t\t\t\t\t\t\t\t\t\t<\/div>\n\t\t\t\t<\/div>\n\t\t\t\t<div class=\"elementor-element elementor-element-e750c75 elementor-widget elementor-widget-image\" data-id=\"e750c75\" data-element_type=\"widget\" data-e-type=\"widget\" data-widget_type=\"image.default\">\n\t\t\t\t<div class=\"elementor-widget-container\">\n\t\t\t\t\t\t\t\t\t\t\t\t\t\t\t<img loading=\"lazy\" decoding=\"async\" width=\"188\" height=\"141\" src=\"https:\/\/leyard.com.br\/wp-content\/uploads\/2025\/06\/hTV3TpNGy95nDarwuaxriaPVc-1.png\" class=\"attachment-large size-large wp-image-2765\" alt=\"\" \/>\t\t\t\t\t\t\t\t\t\t\t\t\t\t\t<\/div>\n\t\t\t\t<\/div>\n\t\t\t\t<\/div>\n\t\t\t\t<\/div>\n\t\t\t\t\t<\/div>\n\t\t\t\t<\/div>\n\t\t<div class=\"elementor-element elementor-element-4077348 e-flex e-con-boxed e-con e-parent\" data-id=\"4077348\" data-element_type=\"container\" data-e-type=\"container\">\n\t\t\t\t\t<div class=\"e-con-inner\">\n\t\t\t\t<div class=\"elementor-element elementor-element-ab3ec57 elementor-widget elementor-widget-html\" data-id=\"ab3ec57\" data-element_type=\"widget\" data-e-type=\"widget\" data-widget_type=\"html.default\">\n\t\t\t\t<div class=\"elementor-widget-container\">\n\t\t\t\t\t<div style=\"  display: flex;  align-items: center;  justify-content: center;    background-color: #fff;  gap: 30px;  flex-wrap: wrap;\">\r\n\r\n  <!-- COLUNA DE IMAGEM -->\r\n  <div style=\"flex: 1; min-width: 300px; max-width: 50%;\">\r\n    <img decoding=\"async\" src=\"https:\/\/leyard.com.br\/wp-content\/uploads\/2025\/05\/GqQQTQN1RU1KruJCSfoe9S0.jpg\" alt=\"Fachada da empresa\" style=\"width: 70%; border-radius: 20px;\">\r\n  <\/div>\r\n\r\n  <!-- COLUNA DE TEXTO -->\r\n  <div style=\"flex: 1; min-width: 300px; max-width: 50%;\">\r\n    <h2 class=\"text-sobre\" style=\"font-size:43px; font-family: Inter; color: #B5171E; font-weight: 700;\">\r\n      Responsabilidad social\r\n    <\/h2>\r\n\r\n    <p style=\"font-family: Inter; font-size: 18px; color: #888888; line-height: 1.6; font-weight: 600;\">\r\n        Leyard do Brasil apoya al Hospital Peque\u00f1o Pr\u00edncipe. Esta alianza ejemplifica nuestro compromiso de marcar la diferencia en las comunidades donde operamos. El Hospital Peque\u00f1o Pr\u00edncipe es una instituci\u00f3n dedicada a la atenci\u00f3n de ni\u00f1os y adolescentes, que ofrece tratamiento m\u00e9dico de alta calidad, investigaci\u00f3n avanzada y educaci\u00f3n m\u00e9dica. Como parte de nuestra responsabilidad social corporativa, Leyard do Brasil brinda apoyo para ayudar al hospital en su importante misi\u00f3n.\r\n    <\/p>\r\n\r\n        <a class=\"button-sobre\" href=\"https:\/\/pequenoprincipe.org.br\/\" target=\"_blank\" rel=\"noopener noreferrer\" style=\"display: inline-flex; align-items: center; justify-content: center; text-align: center; font-family: Inter, sans-serif; font-size: 14px; color: #fff; text-decoration: none; background-color: #222222; border-radius: 5px; width: 140px; height: 40px;\">\r\n        M\u00e1s informaci\u00f3n\r\n        <\/a>\r\n\r\n\r\n  <\/div>\r\n\r\n    <style>\r\n    @media (max-width: 768px) {\r\n.text-sobre{\r\n  font-size: 39px !important;\r\n}\r\n\r\n  .button-sobre {\r\n    display: flex !important;\r\n    align-items: center !important;\r\n    justify-content: center !important;\r\n    line-height: 1 !important;\r\n    height: 40px !important;\r\n    width: 140px !important;\r\n    margin: 0 auto !important; \/* centraliza o bot\u00e3o na tela *\/\r\n    text-align: center;\r\n  }\r\n\r\n}\r\n  <\/style>\r\n\r\n<\/div>\r\n\t\t\t\t<\/div>\n\t\t\t\t<\/div>\n\t\t\t\t\t<\/div>\n\t\t\t\t<\/div>\n\t\t<div class=\"elementor-element elementor-element-a0816fc e-flex e-con-boxed e-con e-parent\" data-id=\"a0816fc\" data-element_type=\"container\" data-e-type=\"container\">\n\t\t\t\t\t<div class=\"e-con-inner\">\n\t\t\t\t<div class=\"elementor-element elementor-element-c4758b4 elementor-widget elementor-widget-heading\" data-id=\"c4758b4\" data-element_type=\"widget\" data-e-type=\"widget\" data-widget_type=\"heading.default\">\n\t\t\t\t<div class=\"elementor-widget-container\">\n\t\t\t\t\t<h2 class=\"elementor-heading-title elementor-size-default\">\u00daltimos premios<\/h2>\t\t\t\t<\/div>\n\t\t\t\t<\/div>\n\t\t<div class=\"elementor-element elementor-element-2b66a0d e-con-full e-flex e-con e-child\" data-id=\"2b66a0d\" data-element_type=\"container\" data-e-type=\"container\" data-settings=\"{&quot;background_background&quot;:&quot;classic&quot;}\">\n\t\t<div class=\"elementor-element elementor-element-73f0608 e-grid e-con-full e-con e-child\" data-id=\"73f0608\" data-element_type=\"container\" data-e-type=\"container\">\n\t\t\t\t<div class=\"elementor-element elementor-element-ec319f6 elementor-widget elementor-widget-image\" data-id=\"ec319f6\" data-element_type=\"widget\" data-e-type=\"widget\" data-widget_type=\"image.default\">\n\t\t\t\t<div class=\"elementor-widget-container\">\n\t\t\t\t\t\t\t\t\t\t\t\t\t\t\t<img loading=\"lazy\" decoding=\"async\" width=\"188\" height=\"141\" src=\"https:\/\/leyard.com.br\/wp-content\/uploads\/2025\/06\/WImThFSQAQIqtWB1U8pUMLk-2.png\" class=\"attachment-large size-large wp-image-2774\" alt=\"\" \/>\t\t\t\t\t\t\t\t\t\t\t\t\t\t\t<\/div>\n\t\t\t\t<\/div>\n\t\t\t\t<div class=\"elementor-element elementor-element-750d1bd elementor-widget elementor-widget-image\" data-id=\"750d1bd\" data-element_type=\"widget\" data-e-type=\"widget\" data-widget_type=\"image.default\">\n\t\t\t\t<div class=\"elementor-widget-container\">\n\t\t\t\t\t\t\t\t\t\t\t\t\t\t\t<img loading=\"lazy\" decoding=\"async\" width=\"188\" height=\"141\" src=\"https:\/\/leyard.com.br\/wp-content\/uploads\/2025\/06\/vUvDRhA9x8yRhHRykkKOhP0DMo-1.png\" class=\"attachment-large size-large wp-image-2770\" alt=\"\" \/>\t\t\t\t\t\t\t\t\t\t\t\t\t\t\t<\/div>\n\t\t\t\t<\/div>\n\t\t\t\t<div class=\"elementor-element elementor-element-82ddfc3 elementor-widget elementor-widget-image\" data-id=\"82ddfc3\" data-element_type=\"widget\" data-e-type=\"widget\" data-widget_type=\"image.default\">\n\t\t\t\t<div class=\"elementor-widget-container\">\n\t\t\t\t\t\t\t\t\t\t\t\t\t\t\t<img loading=\"lazy\" decoding=\"async\" width=\"188\" height=\"141\" src=\"https:\/\/leyard.com.br\/wp-content\/uploads\/2025\/06\/rRGq3nUIgYudk2VnGuNLvO2w0g-1.png\" class=\"attachment-large size-large wp-image-2768\" alt=\"\" \/>\t\t\t\t\t\t\t\t\t\t\t\t\t\t\t<\/div>\n\t\t\t\t<\/div>\n\t\t\t\t<div class=\"elementor-element elementor-element-858c36e elementor-widget elementor-widget-image\" data-id=\"858c36e\" data-element_type=\"widget\" data-e-type=\"widget\" data-widget_type=\"image.default\">\n\t\t\t\t<div class=\"elementor-widget-container\">\n\t\t\t\t\t\t\t\t\t\t\t\t\t\t\t<img loading=\"lazy\" decoding=\"async\" width=\"188\" height=\"141\" src=\"https:\/\/leyard.com.br\/wp-content\/uploads\/2025\/06\/xNiHdc8oX6DPPsluLZrFY3GEGY-1.png\" class=\"attachment-large size-large wp-image-2773\" alt=\"\" \/>\t\t\t\t\t\t\t\t\t\t\t\t\t\t\t<\/div>\n\t\t\t\t<\/div>\n\t\t\t\t<div class=\"elementor-element elementor-element-f8e347f elementor-widget elementor-widget-image\" data-id=\"f8e347f\" data-element_type=\"widget\" data-e-type=\"widget\" data-widget_type=\"image.default\">\n\t\t\t\t<div class=\"elementor-widget-container\">\n\t\t\t\t\t\t\t\t\t\t\t\t\t\t\t<img loading=\"lazy\" decoding=\"async\" width=\"188\" height=\"141\" src=\"https:\/\/leyard.com.br\/wp-content\/uploads\/2025\/06\/0xs4Onb9zvDMjc8Ifs2iAz3aP38-1.png\" class=\"attachment-large size-large wp-image-2764\" alt=\"\" \/>\t\t\t\t\t\t\t\t\t\t\t\t\t\t\t<\/div>\n\t\t\t\t<\/div>\n\t\t\t\t<\/div>\n\t\t\t\t<\/div>\n\t\t\t\t\t<\/div>\n\t\t\t\t<\/div>\n\t\t<div class=\"elementor-element elementor-element-9ec7569 e-flex e-con-boxed e-con e-parent\" data-id=\"9ec7569\" data-element_type=\"container\" data-e-type=\"container\">\n\t\t\t\t\t<div class=\"e-con-inner\">\n\t\t\t\t<div class=\"elementor-element elementor-element-507be47 elementor-widget elementor-widget-html\" data-id=\"507be47\" data-element_type=\"widget\" data-e-type=\"widget\" data-widget_type=\"html.default\">\n\t\t\t\t<div class=\"elementor-widget-container\">\n\t\t\t\t\t<script type=\"text\/javascript\" async src=\"https:\/\/d335luupugsy2.cloudfront.net\/js\/loader-scripts\/524ed72b-5cce-4625-a136-f5939fe68241-loader.js\"\u00a0><\/script>\t\t\t\t<\/div>\n\t\t\t\t<\/div>\n\t\t\t\t\t<\/div>\n\t\t\t\t<\/div>\n\t\t\t\t<\/div>","protected":false},"excerpt":{"rendered":"<p>DESDE 1995 O Grupo Leyard vem atuando ativamente no desenvolvimento de novas tecnologias que s\u00e3o pioneiras em inova\u00e7\u00e3o e qualidade no mercado de equipamentos de exibi\u00e7\u00e3o visual indoor e outdoor. % LIDER MARKETSHARE GLOBAL 24 ATUA\u00c7\u00c3O EM VINTEE QUATRO PA\u00cdSES +4000 PROJETOS NAAM\u00c9RICA LATINA 4370 COLABORADORESGLOBAIS GRUPO LEYARD Responsabilidade Social A Leyard do Brasil apoia [&hellip;]<\/p>","protected":false},"author":2,"featured_media":0,"parent":0,"menu_order":0,"comment_status":"closed","ping_status":"closed","template":"elementor_canvas","meta":{"footnotes":""},"class_list":["post-1295","page","type-page","status-publish","hentry"],"_links":{"self":[{"href":"https:\/\/leyard.com.br\/esp\/wp-json\/wp\/v2\/pages\/1295","targetHints":{"allow":["GET"]}}],"collection":[{"href":"https:\/\/leyard.com.br\/esp\/wp-json\/wp\/v2\/pages"}],"about":[{"href":"https:\/\/leyard.com.br\/esp\/wp-json\/wp\/v2\/types\/page"}],"author":[{"embeddable":true,"href":"https:\/\/leyard.com.br\/esp\/wp-json\/wp\/v2\/users\/2"}],"replies":[{"embeddable":true,"href":"https:\/\/leyard.com.br\/esp\/wp-json\/wp\/v2\/comments?post=1295"}],"version-history":[{"count":62,"href":"https:\/\/leyard.com.br\/esp\/wp-json\/wp\/v2\/pages\/1295\/revisions"}],"predecessor-version":[{"id":4080,"href":"https:\/\/leyard.com.br\/esp\/wp-json\/wp\/v2\/pages\/1295\/revisions\/4080"}],"wp:attachment":[{"href":"https:\/\/leyard.com.br\/esp\/wp-json\/wp\/v2\/media?parent=1295"}],"curies":[{"name":"wp","href":"https:\/\/api.w.org\/{rel}","templated":true}]}}