{"id":1299,"date":"2025-05-27T22:20:18","date_gmt":"2025-05-28T01:20:18","guid":{"rendered":"https:\/\/leyard.com.br\/?page_id=1299"},"modified":"2025-06-06T16:20:46","modified_gmt":"2025-06-06T19:20:46","slug":"servicos","status":"publish","type":"page","link":"https:\/\/leyard.com.br\/esp\/servicos\/","title":{"rendered":"Servicios"},"content":{"rendered":"<div data-elementor-type=\"wp-page\" data-elementor-id=\"1299\" class=\"elementor elementor-1299\" data-elementor-post-type=\"page\">\n\t\t\t\t<div class=\"elementor-element elementor-element-8682d8e e-flex e-con-boxed e-con e-parent\" data-id=\"8682d8e\" data-element_type=\"container\" data-e-type=\"container\" data-settings=\"{&quot;background_background&quot;:&quot;classic&quot;}\">\n\t\t\t\t\t<div class=\"e-con-inner\">\n\t\t\t\t<div class=\"elementor-element elementor-element-10d8309 elementor-widget elementor-widget-html\" data-id=\"10d8309\" data-element_type=\"widget\" data-e-type=\"widget\" data-widget_type=\"html.default\">\n\t\t\t\t<div class=\"elementor-widget-container\">\n\t\t\t\t\t<div style=\"    text-align: center; margin-top: 50px; margin-bottom: 50px;\">\r\n    <div style=\"background-color: #111111; border-radius: 20px; width: 207px; height: 39px; margin: 0 auto; padding:6px ;     box-shadow: rgba(0, 0, 0, 0.4) 16px 24px 20px 8px, rgba(184, 180, 180, 0.08) 0px 2px 0px 0px inset;\">\r\n     <p style=\"font-family: Inter; font-size: 15px; color: #ffffff; font-weight: 400;\">Descubra nuestros servicios<\/p>\r\n    <\/div>\r\n\r\n\r\n  <div style=\"\">\r\n    <h2 style=\"font-size:37px; font-family: Poppins; color: #B5171E; font-weight: 400;margin-top: 30px\">\r\n      Ofrecemos varios servicios para mejorar <br> \u00a1servirle!\r\n    <\/h2>\r\n\r\n    <p class=\"text-services\" style=\"font-family: Inter; font-size: 20px; color: #ffffff; font-weight: 300; width: 703px; margin: 0 auto;\">\r\n        Desde 1995, Leyard ha liderado el mercado de soluciones de pantallas LED para diversas aplicaciones. Con soporte t\u00e9cnico local dedicado y un equipo de expertos, garantizamos experiencias visuales impactantes y un rendimiento constante a lo largo del tiempo.\r\n         <\/p>\r\n\r\n  <\/div>\r\n  \r\n    <style>\r\n    @media (max-width: 768px) {\r\n.text-services{width: auto !important\r\n}\r\n\r\n  <\/style>\r\n\r\n<\/div>\r\n\t\t\t\t<\/div>\n\t\t\t\t<\/div>\n\t\t\t\t\t<\/div>\n\t\t\t\t<\/div>\n\t\t<div class=\"elementor-element elementor-element-23493c4 e-con-full e-flex e-con e-parent\" data-id=\"23493c4\" data-element_type=\"container\" data-e-type=\"container\">\n\t\t\t\t<div class=\"elementor-element elementor-element-f91ed40 elementor-widget elementor-widget-html\" data-id=\"f91ed40\" data-element_type=\"widget\" data-e-type=\"widget\" data-widget_type=\"html.default\">\n\t\t\t\t<div class=\"elementor-widget-container\">\n\t\t\t\t\t<div style=\"max-width: 1300px; margin: 0 auto; padding: 40px 20px; display: flex; flex-direction: column; gap: 10px;\">\r\n\r\n  <!-- LINHA 1 \u2013 4 blocos -->\r\n  <div class=\"linha-blocos\" style=\"display: flex; justify-content: center; gap: 10px; flex-wrap: nowrap;\">\r\n\r\n    <!-- Bloco 1 -->\r\n    <div style=\"min-width: 298px; min-height: 385px; max-width: 298px ;max-height: 390px; background: #1a1a1a; border-radius: 20px; padding-bottom: 20px; font-family: Inter; text-align: center;\">\r\n      <img decoding=\"async\" src=\"https:\/\/leyard.com.br\/wp-content\/uploads\/2025\/05\/OtoMMDYWxEibrUhKmDLLb6100.jpg\" style=\"width: 100%; height: 160px; object-fit: cover; border-radius: 20px 20px 0 0; border-radius: 20px 20px 0 0;\">\r\n      <h3 style=\"color: #b1161d; font-size: 20px; margin: 16px 0 10px; font-family: Poppins; font-weight: 300;\">SERVICIOS DE INSTALACI\u00d3N<\/h3>\r\n    <p style=\"color: #7a7a7a; font-size: 16px; padding: 0 12px;\">Los t\u00e9cnicos especializados de Leyard realizan la instalaci\u00f3n profesional de nuestras soluciones, garantizando la excelencia, la eficiencia y el m\u00e1ximo rendimiento desde el primer uso.<\/p>\r\n    <\/div>\r\n\r\n    <!-- Bloco 2 -->\r\n    <div style=\"min-width: 298px; min-height: 385px; max-width: 298px ;max-height: 390px; background: #1a1a1a; border-radius: 20px; padding-bottom: 20px; font-family: Inter; text-align: center;\">\r\n      <img decoding=\"async\" src=\"https:\/\/leyard.com.br\/wp-content\/uploads\/2025\/05\/9kA155RTg2zizbXfmImkh7H8Bn8.jpg\" style=\"width: 100%; height: 160px; object-fit: cover; border-radius: 20px 20px 0 0;\">\r\n      <h3 style=\"color: #b1161d; font-size: 20px; margin: 16px 0 10px; font-family: Poppins; font-weight: 300;\">SOPORTE T\u00c9CNICO LOCAL<\/h3>\r\n    <p style=\"color: #7a7a7a; font-size: 16px; padding: 0 12px;\">El equipo de soporte de Leyard est\u00e1 altamente capacitado para dominar los detalles de cada soluci\u00f3n, garantizando una asistencia especializada y eficiente.<\/p>\r\n    <\/div>\r\n\r\n    <!-- Bloco 3 -->\r\n    <div style=\"min-width: 298px; min-height: 385px; max-width: 298px ;max-height: 390px; background: #1a1a1a; border-radius: 20px; padding-bottom: 20px; font-family: Inter; text-align: center;\">\r\n      <img decoding=\"async\" src=\"https:\/\/leyard.com.br\/wp-content\/uploads\/2025\/05\/Vniosj0WYFepAjcAop285Ki7Zw.jpg\" style=\"width: 100%; height: 160px; object-fit: cover; border-radius: 20px 20px 0 0;\">\r\n      <h3 style=\"color: #b1161d; font-size: 20px; margin: 16px 0 10px; font-family: Poppins; font-weight: 300;\">GESTI\u00d3N DE PROYECTOS<\/h3>\r\n    <p style=\"color: #7a7a7a; font-size: 16px; padding: 0 12px;\">Equipo especializado para guiarle en la elecci\u00f3n de la soluci\u00f3n ideal para cada entorno, garantizando un proceso optimizado que satisfaga necesidades espec\u00edficas.<\/p>\r\n    <\/div>\r\n\r\n    <!-- Bloco 4 -->\r\n    <div style=\"min-width: 298px; min-height: 385px; max-width: 298px ;max-height: 390px; background: #1a1a1a; border-radius: 20px; padding-bottom: 20px; font-family: Inter; text-align: center;\">\r\n      <img decoding=\"async\" src=\"https:\/\/leyard.com.br\/wp-content\/uploads\/2025\/05\/LdkEdqHChgUP4VMHwbWZ3a9fJ4.jpg\" style=\"width: 100%; height: 160px; object-fit: cover; border-radius: 20px 20px 0 0;\">\r\n      <h3 style=\"color: #b1161d; font-size: 20px; margin: 16px 0 10px; font-family: Poppins; font-weight: 300;\">CUADRO EL\u00c9CTRICO<\/h3>\r\n     <p style=\"color: #7a7a7a; font-size: 16px; padding: 0 12px;\">Suministro de cuadro el\u00e9ctrico dise\u00f1ado para cubrir las necesidades espec\u00edficas de cada proyecto, garantizando la seguridad y una perfecta integraci\u00f3n con soluciones LED.<\/p>\r\n    <\/div>\r\n  <\/div>\r\n\r\n  <!-- LINHA 2 \u2013 3 blocos -->\r\n  <div class=\"linha-blocos\" style=\"display: flex; justify-content: center; gap: 10px; flex-wrap: nowrap;\">\r\n\r\n    <!-- Bloco 5 -->\r\n    <div style=\"min-width: 298px; min-height: 385px; max-width: 298px ;max-height: 390px; background: #1a1a1a; border-radius: 20px; padding-bottom: 20px; font-family: Inter; text-align: center;\">\r\n      <img decoding=\"async\" src=\"https:\/\/leyard.com.br\/wp-content\/uploads\/2025\/05\/xfWFGjWOy2e7UTWaeILlR8oRms-1.jpg\" style=\"width: 100%; height: 160px; object-fit: cover; border-radius: 20px 20px 0 0;\">\r\n      <h3 style=\"color: #b1161d; font-size: 20px; margin: 16px 0 10px; font-family: Poppins; font-weight: 300;\">FORMACI\u00d3N EN USO<\/h3>\r\n    <p style=\"color: #7a7a7a; font-size: 16px; padding: 0 12px;\">Para nuestros clientes e integradores, ofrecemos capacitaciones en nuestra sede para asegurar la correcta instalaci\u00f3n de los productos Leyard.<\/p>\r\n    <\/div>\r\n\r\n    <!-- Bloco 6 -->\r\n    <div style=\"min-width: 298px; min-height: 385px; max-width: 298px ;max-height: 390px; max-width: 298px ;max-height: 390px; background: #1a1a1a; border-radius: 20px; padding-bottom: 20px; font-family: Inter; text-align: center;\">\r\n      <img decoding=\"async\" src=\"https:\/\/leyard.com.br\/wp-content\/uploads\/2025\/05\/pkNofyJmLfwmVrvsFl1ZLLWYK9s.jpg\" style=\"width: 100%; height: 160px; object-fit: cover; border-radius: 20px 20px 0 0;\">\r\n      <h3 style=\"color: #b1161d; font-size: 20px; margin: 16px 0 10px; font-family: Poppins; font-weight: 300;\">GARANT\u00cdA EXTENDIDA<\/h3>\r\n    <p style=\"color: #7a7a7a; font-size: 16px; padding: 0 12px;\">Ofrecemos una garant\u00eda extendida para garantizar una mayor tranquilidad y soporte t\u00e9cnico continuo, adem\u00e1s de los 24 meses de la garant\u00eda est\u00e1ndar, dependiendo de las necesidades del cliente.<\/p>\r\n    <\/div>\r\n\r\n    <!-- Bloco 7 -->\r\n    <div style=\"min-width: 298px; min-height: 385px; max-width: 298px ;max-height: 390px; background: #1a1a1a; border-radius: 20px; padding-bottom: 20px; font-family: Inter; text-align: center;\">\r\n      <img decoding=\"async\" src=\"https:\/\/leyard.com.br\/wp-content\/uploads\/2025\/05\/vb3Y3bvUnFcX40j9YkvNF2yAuc.jpg\" style=\"width: 100%; height: 160px; object-fit: cover; border-radius: 20px 20px 0 0;\">\r\n      <h3 style=\"color: #b1161d; font-size: 20px; margin: 16px 0 10px; font-family: Poppins; font-weight: 300;\">SERVICIOS EN SITIO<\/h3>\r\n    <p style=\"color: #7a7a7a; font-size: 16px; padding: 0 12px;\">Ofrecemos servicio in situ de mantenimiento correctivo y preventivo, garantizando el correcto funcionamiento de sus equipos LED. Consulte a continuaci\u00f3n los servicios disponibles para contratar.<\/p>\r\n    <\/div>\r\n  <\/div>\r\n\r\n  <style>\r\n    @media (max-width: 768px) {\r\n  .linha-blocos {\r\n    flex-direction: column !important;\r\n    align-items: center !important; \r\n    gap: 20px !important;\r\n  }\r\n\r\n  .linha-blocos > div {\r\n    width: 100% !important;\r\n    max-width: 100% !important;\r\n  }\r\n}\r\n\r\n  <\/style>\r\n\r\n<\/div>\r\n\t\t\t\t<\/div>\n\t\t\t\t<\/div>\n\t\t\t\t<\/div>\n\t\t<div class=\"elementor-element elementor-element-2b7c159 e-flex e-con-boxed e-con e-parent\" data-id=\"2b7c159\" data-element_type=\"container\" data-e-type=\"container\" data-settings=\"{&quot;background_background&quot;:&quot;classic&quot;}\">\n\t\t\t\t\t<div class=\"e-con-inner\">\n\t\t\t\t<div class=\"elementor-element elementor-element-e73551c elementor-widget elementor-widget-heading\" data-id=\"e73551c\" data-element_type=\"widget\" data-e-type=\"widget\" data-widget_type=\"heading.default\">\n\t\t\t\t<div class=\"elementor-widget-container\">\n\t\t\t\t\t<h2 class=\"elementor-heading-title elementor-size-default\">Mant\u00e9n tu panel siempre en perfecto estado de funcionamiento<\/h2>\t\t\t\t<\/div>\n\t\t\t\t<\/div>\n\t\t\t\t<div class=\"elementor-element elementor-element-7f8bddf elementor-widget elementor-widget-heading\" data-id=\"7f8bddf\" data-element_type=\"widget\" data-e-type=\"widget\" data-widget_type=\"heading.default\">\n\t\t\t\t<div class=\"elementor-widget-container\">\n\t\t\t\t\t<h2 class=\"elementor-heading-title elementor-size-default\">Contrata un plan de mantenimiento correctivo mensual ideal para tus necesidades y asegura un soporte t\u00e9cnico r\u00e1pido, eficiente y de calidad:<\/h2>\t\t\t\t<\/div>\n\t\t\t\t<\/div>\n\t\t\t\t\t<\/div>\n\t\t\t\t<\/div>\n\t\t<div class=\"elementor-element elementor-element-8945b31 e-con-full e-flex e-con e-parent\" data-id=\"8945b31\" data-element_type=\"container\" data-e-type=\"container\">\n\t\t\t\t<div class=\"elementor-element elementor-element-a0670d6 elementor-widget elementor-widget-html\" data-id=\"a0670d6\" data-element_type=\"widget\" data-e-type=\"widget\" data-widget_type=\"html.default\">\n\t\t\t\t<div class=\"elementor-widget-container\">\n\t\t\t\t\t<div\r\n  class=\"linha-planos\"\r\n  style=\"    display: flex;    justify-content: center;    gap: 15px;    padding: 20px;    font-family: Inter, sans-serif;  \"\r\n>\r\n  <!-- Bloco 1 - Vermelho -->\r\n  <div\r\n    style=\"      width: 254px;      height: auto;      background: #b1161d;      border-radius: 20px;      color: white;      padding: 10px;      text-align: left;      font-size: 14px;    \"\r\n  >\r\n    <div style=\"height: 100px; margin-bottom: 5px\">\r\n      <img decoding=\"async\"\r\n        src=\"https:\/\/leyard.com.br\/wp-content\/uploads\/2025\/05\/A9en1zgeTNOBCnOsP9oVAoirHU-removebg-preview.png\"\r\n        alt=\"\u00cdcone Garantia\"\r\n        style=\"max-width: 190px; height: auto; margin: 0 auto; display: block\"\r\n      \/>\r\n    <\/div>\r\n    <h3\r\n      style=\"        font-size: 16px;        font-weight: 400;        text-align: center;        font-weight: 700;        white-space: nowrap;        padding-top: 70px;      \"\r\n    >\r\n      GARANT\u00cdA EST\u00c1NDAR\/CONTRAGARANT\u00cdA\r\n    <\/h3>\r\n    <hr style=\"margin: 16px 0; border-color: #ffffff\" \/>\r\n    <p>Garant\u00eda del producto contra reembolso:<br \/><b>2 a\u00f1os<\/b><\/p>\r\n    <p>\r\n      Garant\u00eda del producto con servicio en sitio:<br \/><b>No incluido<\/b>\r\n    <\/p>\r\n    <p>Garant\u00eda de instalaci\u00f3n si la realiza Leyard:<br \/><b>90 d\u00edas<\/b><\/p>\r\n    <p>Periodo m\u00ednimo de contrato:<br \/><b>No incluido<\/b><\/p>\r\n    <p>Servicio SLA: <b>M\u00e1ximo esfuerzo<\/b><\/p>\r\n    <p>Servicio SLA gratuito: <br>No incluido<\/br><\/p>\r\n    <p>Servicio hasta 500 km desde SP\/RJ\/Curitiba: <b>No incluido<\/b><\/p>\r\n    <p>Otras ciudades: <b>A solicitud<\/b><\/p>\r\n    <a class=\"button-service\" href=\"https:\/\/api.whatsapp.com\/send\/?phone=5541991416788&amp;text=Ol%C3%A1%21+Preciso+de+suporte+t%C3%A9cnico+&amp;type=phone_number&amp;app_absent=0\" style=\"        display: flex;        align-items: center;        justify-content: center;                background: #930f16;        padding: 10px 12px;        border-radius: 8px;        color: white;        text-decoration: none;        font-weight: 300;        font-size: 16px;        margin: 20px auto 10px auto;      \" target=\"_blank\" rel=\"noopener\">Habla con un experto\r\n      <svg\r\n        xmlns=\"http:\/\/www.w3.org\/2000\/svg\"\r\n        width=\"33\"\r\n        height=\"25\"\r\n        fill=\"none\"\r\n        stroke=\"currentColor\"\r\n        stroke-width=\"2\"\r\n        viewbox=\"0 0 24 24\"\r\n      >\r\n        <path d=\"M7 17L17 7M7 7h10v10\" \/>\r\n      <\/svg>\r\n    <\/a>\r\n  <\/div>\r\n\r\n  <!-- Bloco 2 - Bronze -->\r\n  <div\r\n    style=\"      width: 254px;      height: auto;      background: #222730;      border-radius: 20px;      color: white;      padding: 10px;      text-align: left;      font-size: 14px;    \"\r\n  >\r\n    <div style=\"height: 100px; margin-bottom: 5px\">\r\n      <img decoding=\"async\"\r\n        src=\"https:\/\/leyard.com.br\/wp-content\/uploads\/2025\/05\/F2CircXAqAiNEpz1odt41re7Uo-removebg-preview.png\"\r\n        alt=\"\u00cdcone Garantia\"\r\n        style=\"max-width: 150px; height: auto; margin: 0 auto; display: block\"\r\n      \/>\r\n    <\/div>\r\n    <h3\r\n      class=\"title-column\"\r\n      style=\"        font-size: 17px;        font-weight: 400;        text-align: center;        font-weight: 700;        color: #c26d4a;        padding-top: 70px;      \"\r\n    >\r\n      PLAN BRONCE SLA\r\n    <\/h3>\r\n    <hr style=\"margin: 16px 0; border-color: #ffffff\" \/>\r\n    <p>Garant\u00eda del producto contra reembolso:<br \/><b>No aplicable<\/b><\/p>\r\n    <p>Garant\u00eda del producto con servicio en sitio:<br \/><b>2 a\u00f1os<\/b><\/p>\r\n    <p>Garant\u00eda de instalaci\u00f3n si la realiza Leyard:<br \/><b>90 d\u00edas<\/b><\/p>\r\n    <p>Periodo m\u00ednimo de contrato:<br \/><b>2 a\u00f1os<\/b><\/p>\r\n    <p>Servicio SLA: <b>48 h, 72 h, 96 h<\/b><\/p>\r\n    <p>Servicio SLA gratuito: <br>2 a\u00f1os<\/rb><\/p>\r\n    <p>Servicio hasta 500 km desde SP\/RJ\/Curitiba: <b>Incluido<\/b><\/p>\r\n    <p>Otras ciudades: <b>A solicitud<\/b><\/p>\r\n    <a class=\"button-service\" href=\"https:\/\/api.whatsapp.com\/send\/?phone=5541991416788&amp;text=Ol%C3%A1%21+Preciso+de+suporte+t%C3%A9cnico+&amp;type=phone_number&amp;app_absent=0\" style=\"        display: flex;        align-items: center;        justify-content: center;                background: #3a3e44;        padding: 10px 12px;        border-radius: 8px;        color: white;        text-decoration: none;        font-weight: 300;        font-size: 16px;        margin: 20px auto 10px auto;      \" target=\"_blank\" rel=\"noopener\">Habla con un experto\r\n      <svg\r\n        xmlns=\"http:\/\/www.w3.org\/2000\/svg\"\r\n        width=\"33\"\r\n        height=\"25\"\r\n        fill=\"none\"\r\n        stroke=\"currentColor\"\r\n        stroke-width=\"2\"\r\n        viewbox=\"0 0 24 24\"\r\n      >\r\n        <path d=\"M7 17L17 7M7 7h10v10\" \/>\r\n      <\/svg>\r\n    <\/a>\r\n  <\/div>\r\n\r\n  <!-- Bloco 3 - Prata -->\r\n  <div\r\n    style=\"      width: 254px;      height: auto;      background: #015683;      border-radius: 20px;      color: white;      padding: 10px;      text-align: left;      font-size: 14px;    \"\r\n  >\r\n    <div style=\"height: 100px; margin-bottom: 5px\">\r\n      <img decoding=\"async\"\r\n        src=\"https:\/\/leyard.com.br\/wp-content\/uploads\/2025\/05\/g84mOdcZZUxEnN4F4FFeFlfXgZ4-removebg-preview.png\"\r\n        alt=\"\u00cdcone Garantia\"\r\n        style=\"max-width: 150px; height: auto; margin: 0 auto; display: block\"\r\n      \/>\r\n    <\/div>\r\n    <h3\r\n      class=\"title-column\"\r\n      style=\"        font-size: 17px;        font-weight: 400;        text-align: center;        font-weight: 700;        color: #d6d6d6;        padding-top: 70px;      \"\r\n    >\r\n      PLAN PLATA SLA\r\n    <\/h3>\r\n    <hr style=\"margin: 16px 0; border-color: #ffffff\" \/>\r\n    <p>Garant\u00eda del producto contra reembolso:<br \/><b>No aplicable<\/b><\/p>\r\n    <p>Garant\u00eda del producto con servicio en sitio:<br \/><b>3 a\u00f1os<\/b><\/p>\r\n    <p>Garant\u00eda de instalaci\u00f3n si la realiza Leyard:<br \/><b>90 d\u00edas<\/b><\/p>\r\n    <p>Periodo m\u00ednimo de contrato:<br \/><b>3 a\u00f1os<\/b><\/p>\r\n    <p>Servicio SLA: <b>48 h, 72 h, 96 h<\/b><\/p>\r\n    <p>Servicio SLA gratuito: <br>3 a\u00f1os<\/rb><\/p>\r\n    <p>Servicio hasta 500 km desde SP\/RJ\/Curitiba: <b>Incluido<\/b><\/p>\r\n    <p>Otras ciudades: <b>A solicitud<\/b><\/p>\r\n    <a class=\"button-service\" href=\"https:\/\/api.whatsapp.com\/send\/?phone=5541991416788&amp;text=Ol%C3%A1%21+Preciso+de+suporte+t%C3%A9cnico+&amp;type=phone_number&amp;app_absent=0\" style=\"        display:flex;        align-items: center;        justify-content: center;                background: #00507f;        padding: 10px 12px;        border-radius: 8px;        color: white;        text-decoration: none;        font-weight: 300;        font-size: 16px;        margin: 20px auto 10px auto;      \" target=\"_blank\" rel=\"noopener\">Habla con un experto\r\n      <svg\r\n        xmlns=\"http:\/\/www.w3.org\/2000\/svg\"\r\n        width=\"33\"\r\n        height=\"25\"\r\n        fill=\"none\"\r\n        stroke=\"currentColor\"\r\n        stroke-width=\"2\"\r\n        viewbox=\"0 0 24 24\"\r\n      >\r\n        <path d=\"M7 17L17 7M7 7h10v10\" \/>\r\n      <\/svg>\r\n    <\/a>\r\n  <\/div>\r\n\r\n  <!-- Bloco 4 - Ouro -->\r\n  <div\r\n    style=\"      width: 254px;      height: auto;      background: #211e1e;      border-radius: 20px;      color: white;      padding: 10px;      text-align: left;      font-size: 14px;    \"\r\n  >\r\n    <div style=\"height: 100px; margin-bottom: 5px\">\r\n      <img decoding=\"async\"\r\n        src=\"https:\/\/leyard.com.br\/wp-content\/uploads\/2025\/05\/odA5Z6QiizdXg3Bt69GruBcRK4-removebg-preview.png\"\r\n        alt=\"\u00cdcone Garantia\"\r\n        style=\"max-width: 150px; height: auto; margin: 0 auto; display: block\"\r\n      \/>\r\n    <\/div>\r\n    <h3\r\n      class=\"title-column\"\r\n      style=\"        font-size: 17px;        font-weight: 400;        text-align: center;        font-weight: 700;        color: #f2a21b;        padding-top: 70px;      \"\r\n    >\r\n      PLAN ORO SLA\r\n    <\/h3>\r\n    <hr style=\"margin: 16px 0; border-color: #ffffff\" \/>\r\n    <p>Garant\u00eda del producto contra reembolso:<br \/><b>No aplicable<\/b><\/p>\r\n    <p>Garant\u00eda del producto con servicio en sitio:<br \/><b>4 a\u00f1os<\/b><\/p>\r\n    <p>Garant\u00eda de instalaci\u00f3n si la realiza Leyard:<br \/><b>90 d\u00edas<\/b><\/p>\r\n    <p>Periodo m\u00ednimo de contrato:<br \/><b>4 a\u00f1os<\/b><\/p>\r\n    <p>Servicio SLA: <b>48 h, 72 h, 96 h<\/b><\/p>\r\n    <p>Servicio SLA gratuito: <br>4 a\u00f1os<\/br><\/p>\r\n    <p>Servicio hasta 500 km desde SP\/RJ\/Curitiba: <b>Incluido<\/b><\/p>\r\n    <p>Otras ciudades: <b>A solicitud<\/b><\/p>\r\n    <a class=\"button-service\" href=\"https:\/\/api.whatsapp.com\/send\/?phone=5541991416788&amp;text=Ol%C3%A1%21+Preciso+de+suporte+t%C3%A9cnico+&amp;type=phone_number&amp;app_absent=0\" style=\"        display:flex;        align-items: center;        justify-content: center;                background: #3a3a3a;        padding: 10px 12px;        border-radius: 8px;        color: white;        text-decoration: none;        font-weight: 300;        font-size: 16px;        margin: 20px auto 10px auto;      \" target=\"_blank\" rel=\"noopener\">Habla con un experto\r\n      <svg\r\n        xmlns=\"http:\/\/www.w3.org\/2000\/svg\"\r\n        width=\"33\"\r\n        height=\"25\"\r\n        fill=\"none\"\r\n        stroke=\"currentColor\"\r\n        stroke-width=\"2\"\r\n        viewbox=\"0 0 24 24\"\r\n      >\r\n        <path d=\"M7 17L17 7M7 7h10v10\" \/>\r\n      <\/svg>\r\n    <\/a>\r\n  <\/div>\r\n\r\n  <!-- Bloco 5 - Platina -->\r\n  <div\r\n    style=\"      width: 254px;      height: auto;      background: #04070d;      border-radius: 20px;      color: white;      padding: 10px;      text-align: left;      font-size: 14px;    \"\r\n  >\r\n    <div style=\"height: 100px; margin-bottom: 5px\">\r\n      <img decoding=\"async\"\r\n        src=\"https:\/\/leyard.com.br\/wp-content\/uploads\/2025\/05\/1r2PShJVSJV0vaxC1lstzSxfUZQ-removebg-preview.png\"\r\n        alt=\"\u00cdcone Garantia\"\r\n        style=\"max-width: 150px; height: auto; margin: 0 auto; display: block\"\r\n      \/>\r\n    <\/div>\r\n    <h3\r\n      class=\"title-column\"\r\n      style=\"        font-size: 17px;        font-weight: 400;        text-align: center;        font-weight: 700;        color: #7ac8f4;        padding-top: 70px;      \"\r\n    >\r\n      PLAN PLATINO SLA\r\n    <\/h3>\r\n    <hr style=\"margin: 16px 0; border-color: #ffffff\" \/>\r\n    <p>Garant\u00eda del producto contra reembolso:<br \/><b>No aplicable<\/b><\/p>\r\n    <p>Garant\u00eda del producto con servicio en sitio:<br \/><b>5 a\u00f1os<\/b><\/p>\r\n    <p>Garant\u00eda de instalaci\u00f3n si la realiza Leyard:<br \/><b>90 d\u00edas<\/b><\/p>\r\n    <p>Periodo m\u00ednimo de contrato:<br \/><b>5 a\u00f1os<\/b><\/p>\r\n    <p>Servicio SLA: <b>48 h, 72 h, 96 h<\/b><\/p>\r\n    <p>Servicio SLA gratuito: <br>5 a\u00f1os<\/br><\/p>\r\n    <p>Servicio hasta 500 km desde SP\/RJ\/Curitiba: <b>Incluido<\/b><\/p>\r\n    <p>Otras ciudades: <b>A solicitud<\/b><\/p>\r\n    <a class=\"button-service\" href=\"https:\/\/api.whatsapp.com\/send\/?phone=5541991416788&amp;text=Ol%C3%A1%21+Preciso+de+suporte+t%C3%A9cnico+&amp;type=phone_number&amp;app_absent=0\" style=\"        display:flex;        align-items: center;        justify-content: center;                background: #2c2c34;        padding: 10px 12px;        border-radius: 8px;        color: white;        text-decoration: none;        font-weight: 300;        font-size: 16px;        margin: 20px auto 10px auto;      \" target=\"_blank\" rel=\"noopener\">Habla con un experto\r\n      <svg\r\n        xmlns=\"http:\/\/www.w3.org\/2000\/svg\"\r\n        width=\"33\"\r\n        height=\"25\"\r\n        fill=\"none\"\r\n        stroke=\"currentColor\"\r\n        stroke-width=\"2\"\r\n        viewbox=\"0 0 24 24\"\r\n      >\r\n        <path d=\"M7 17L17 7M7 7h10v10\" \/>\r\n      <\/svg>\r\n    <\/a>\r\n  <\/div>\r\n\r\n  <style>\r\n    @media (max-width: 768px) {\r\n      .linha-planos {\r\n        flex-direction: column !important;\r\n        align-items: center !important;\r\n      }\r\n\r\n      .linha-planos > div {\r\n        width: 100% !important;\r\n        max-width: 100% !important;\r\n      }\r\n\r\n      .title-column {\r\n        padding-top: 60px !important;\r\n      }\r\n\r\n      .button-service {\r\n        display: flex !important;\r\n        justify-content: center !important;\r\n        width: 100% !important;\r\n      }\r\n    }\r\n  <\/style>\r\n<\/div>\r\n\t\t\t\t<\/div>\n\t\t\t\t<\/div>\n\t\t\t\t<\/div>\n\t\t<div class=\"elementor-element elementor-element-4d3bf3a e-flex e-con-boxed e-con e-parent\" data-id=\"4d3bf3a\" data-element_type=\"container\" data-e-type=\"container\">\n\t\t\t\t\t<div class=\"e-con-inner\">\n\t\t\t\t<div class=\"elementor-element elementor-element-c3464f3 elementor-widget elementor-widget-heading\" data-id=\"c3464f3\" data-element_type=\"widget\" data-e-type=\"widget\" data-widget_type=\"heading.default\">\n\t\t\t\t<div class=\"elementor-widget-container\">\n\t\t\t\t\t<p class=\"elementor-heading-title elementor-size-default\">*El tiempo de respuesta (SLA), entre 48h, 72h o 96h, deber\u00e1 definirse al momento de la contrataci\u00f3n.\n<br>\nConsulta con nuestro equipo para m\u00e1s informaci\u00f3n sobre los precios de cada opci\u00f3n.<\/p>\t\t\t\t<\/div>\n\t\t\t\t<\/div>\n\t\t\t\t\t<\/div>\n\t\t\t\t<\/div>\n\t\t<div class=\"elementor-element elementor-element-cd43608 e-flex e-con-boxed e-con e-parent\" data-id=\"cd43608\" data-element_type=\"container\" data-e-type=\"container\">\n\t\t\t\t\t<div class=\"e-con-inner\">\n\t\t\t\t<div class=\"elementor-element elementor-element-b1b793d elementor-widget elementor-widget-html\" data-id=\"b1b793d\" data-element_type=\"widget\" data-e-type=\"widget\" data-widget_type=\"html.default\">\n\t\t\t\t<div class=\"elementor-widget-container\">\n\t\t\t\t\t<script type=\"text\/javascript\" async src=\"https:\/\/d335luupugsy2.cloudfront.net\/js\/loader-scripts\/524ed72b-5cce-4625-a136-f5939fe68241-loader.js\"\u00a0><\/script>\t\t\t\t<\/div>\n\t\t\t\t<\/div>\n\t\t\t\t\t<\/div>\n\t\t\t\t<\/div>\n\t\t\t\t<\/div>","protected":false},"excerpt":{"rendered":"<p>Descubra nuestros servicios. Ofrecemos una variedad de servicios para brindarle un mejor servicio. Desde 1995, Leyard ha liderado el mercado con soluciones de pantallas LED para diversas aplicaciones. Con soporte t\u00e9cnico local dedicado y un equipo de expertos, garantizamos experiencias visuales impactantes y un rendimiento constante a lo largo del tiempo. SERVICIOS DE INSTALACI\u00d3N T\u00e9cnicos especializados [\u2026]<\/p>","protected":false},"author":2,"featured_media":0,"parent":0,"menu_order":0,"comment_status":"closed","ping_status":"closed","template":"elementor_header_footer","meta":{"footnotes":""},"class_list":["post-1299","page","type-page","status-publish","hentry"],"_links":{"self":[{"href":"https:\/\/leyard.com.br\/esp\/wp-json\/wp\/v2\/pages\/1299","targetHints":{"allow":["GET"]}}],"collection":[{"href":"https:\/\/leyard.com.br\/esp\/wp-json\/wp\/v2\/pages"}],"about":[{"href":"https:\/\/leyard.com.br\/esp\/wp-json\/wp\/v2\/types\/page"}],"author":[{"embeddable":true,"href":"https:\/\/leyard.com.br\/esp\/wp-json\/wp\/v2\/users\/2"}],"replies":[{"embeddable":true,"href":"https:\/\/leyard.com.br\/esp\/wp-json\/wp\/v2\/comments?post=1299"}],"version-history":[{"count":104,"href":"https:\/\/leyard.com.br\/esp\/wp-json\/wp\/v2\/pages\/1299\/revisions"}],"predecessor-version":[{"id":2817,"href":"https:\/\/leyard.com.br\/esp\/wp-json\/wp\/v2\/pages\/1299\/revisions\/2817"}],"wp:attachment":[{"href":"https:\/\/leyard.com.br\/esp\/wp-json\/wp\/v2\/media?parent=1299"}],"curies":[{"name":"wp","href":"https:\/\/api.w.org\/{rel}","templated":true}]}}