{"id":1305,"date":"2025-05-27T22:20:58","date_gmt":"2025-05-28T01:20:58","guid":{"rendered":"https:\/\/leyard.com.br\/?page_id=1305"},"modified":"2026-03-12T14:50:32","modified_gmt":"2026-03-12T17:50:32","slug":"contato","status":"publish","type":"page","link":"https:\/\/leyard.com.br\/esp\/contato\/","title":{"rendered":"Contacto"},"content":{"rendered":"<div data-elementor-type=\"wp-page\" data-elementor-id=\"1305\" class=\"elementor elementor-1305\" data-elementor-post-type=\"page\">\n\t\t\t\t<div class=\"elementor-element elementor-element-02342d8 container-black e-flex e-con-boxed e-con e-parent\" data-id=\"02342d8\" data-element_type=\"container\" data-e-type=\"container\" data-settings=\"{&quot;background_background&quot;:&quot;classic&quot;,&quot;background_motion_fx_motion_fx_scrolling&quot;:&quot;yes&quot;,&quot;background_motion_fx_devices&quot;:[&quot;desktop&quot;,&quot;tablet&quot;,&quot;mobile&quot;]}\">\n\t\t\t\t\t<div class=\"e-con-inner\">\n\t\t\t\t<div class=\"elementor-element elementor-element-b7cf94f elementor-widget elementor-widget-html\" data-id=\"b7cf94f\" data-element_type=\"widget\" data-e-type=\"widget\" data-widget_type=\"html.default\">\n\t\t\t\t<div class=\"elementor-widget-container\">\n\t\t\t\t\t<div style=\"    text-align: center; margin-top: 50px; margin-bottom: 10px;\">\r\n\r\n<div style=\"  background-color: #04070D;  border-radius: 20px;  width: 140px;  height: 30px;  margin: 0 auto;  padding: 6px 12px;  box-shadow: rgba(0, 0, 0, 0.1) 16px 24px 20px 8px,              rgba(184, 180, 180, 0.09) 3px 2px 3px 3px inset;  display: flex;  align-items: center;  justify-content: center;  gap: 6px;\">\r\n  <svg xmlns=\"http:\/\/www.w3.org\/2000\/svg\" width=\"16\" height=\"16\" fill=\"white\" viewbox=\"0 0 256 256\">\r\n    <path d=\"M231.88,175.08A56.26,56.26,0,0,1,176,224C96.6,224,32,159.4,32,80A56.26,56.26,0,0,1,80.92,24.12a16,16,0,0,1,16.62,9.52l21.12,47.15,0,.12A16,16,0,0,1,117.39,96c-.18.27-.37.52-.57.77L96,121.45c7.49,15.22,23.41,31,38.83,38.51l24.34-20.71a8.12,8.12,0,0,1,.75-.56,16,16,0,0,1,15.17-1.4l.13.06,47.11,21.11A16,16,0,0,1,231.88,175.08Z\"\/>\r\n  <\/svg>\r\n\r\n  <!-- TEXTO -->\r\n  <p style=\"    font-family: Poppins;    font-size: 15px;    color: #ffffff;    font-weight: 400;    margin: 0;  \">Contacto<\/p>\r\n<\/div>\r\n\r\n\r\n\r\n\r\n<\/div>\r\n\r\n\t\t\t\t<\/div>\n\t\t\t\t<\/div>\n\t\t\t\t<div class=\"elementor-element elementor-element-f602190 elementor-widget elementor-widget-heading\" data-id=\"f602190\" data-element_type=\"widget\" data-e-type=\"widget\" data-widget_type=\"heading.default\">\n\t\t\t\t<div class=\"elementor-widget-container\">\n\t\t\t\t\t<h2 class=\"elementor-heading-title elementor-size-default\">\u00a1Ser\u00e1 un placer poder atenderle!\n<br>\n<span style=\"font-size: 16px\">Contacte con nosotros a trav\u00e9s de nuestros contactos o utilice el formulario comercial que aparece a continuaci\u00f3n:<\/span>\n<\/h2>\t\t\t\t<\/div>\n\t\t\t\t<\/div>\n\t\t\t\t\t<\/div>\n\t\t\t\t<\/div>\n\t\t<div class=\"elementor-element elementor-element-531d8c9 container-black e-flex e-con-boxed e-con e-parent\" data-id=\"531d8c9\" data-element_type=\"container\" data-e-type=\"container\" data-settings=\"{&quot;background_background&quot;:&quot;classic&quot;}\">\n\t\t\t\t\t<div class=\"e-con-inner\">\n\t\t\t\t<div class=\"elementor-element elementor-element-bc0de8d elementor-widget elementor-widget-html\" data-id=\"bc0de8d\" data-element_type=\"widget\" data-e-type=\"widget\" data-widget_type=\"html.default\">\n\t\t\t\t<div class=\"elementor-widget-container\">\n\t\t\t\t\t<!-- Container Principal -->\r\n<div style=\"display: flex; justify-content: center; gap: 40px; padding: 60px 20px; max-width: 1200px; margin: 0 auto; flex-wrap: wrap; font-family: 'Inter', sans-serif;\">\r\n\r\n  <!-- Coluna Esquerda (Contatos) -->\r\n  <div style=\"flex: 1; min-width: 300px; max-width: 450px; display: flex; flex-direction: column; gap: 20px;\">\r\n\r\n    <!-- Bloco: E-mail -->\r\n    <div style=\"background: #04070d; border: 1px solid #2a2a2a; border-radius: 12px; padding: 24px; color: #d5dbe6;\">\r\n      <div style=\"display: flex; align-items: center; gap: 12px; margin-bottom: 10px;\">\r\n        <div style=\"  background-color: #0a0d13;  padding: 12px;  border-radius: 12px;  display: inline-flex;  align-items: center;  justify-content: center;  width: 48px;  height: 48px;\">\r\n            <svg xmlns=\"http:\/\/www.w3.org\/2000\/svg\" width=\"32\" height=\"32\" fill=\"white\" viewbox=\"0 0 256 256\">\r\n          <path d=\"M224,48H32a8,8,0,0,0-8,8V192a16,16,0,0,0,16,16H216a16,16,0,0,0,16-16V56A8,8,0,0,0,224,48ZM203.43,64,128,133.15,52.57,64ZM216,192H40V74.19l82.59,75.71a8,8,0,0,0,10.82,0L216,74.19V192Z\"\/>\r\n        <\/svg>\r\n        <\/div>\r\n\r\n        <strong style=\"font-size: 20px;\">Correo electr\u00f3nico<\/strong>\r\n      <\/div>\r\n      <p style=\"margin: 0; font-size: 16px;\">Cont\u00e1ctanos a trav\u00e9s de nuestro correo electr\u00f3nico:<\/p>\r\n      <br>\r\n      <a href=\"mailto:sales.brazil@leyardgroup.com\" style=\"color: #d5dbe6; font-size: 14px;\">ventas.brasil@leyardgroup.com<\/a>\r\n    <\/div>\r\n\r\n    <!-- Bloco: WhatsApp -->\r\n    <div style=\"background: #04070d; border: 1px solid #2a2a2a; border-radius: 12px; padding: 24px; color: #d5dbe6;;\">\r\n      <div style=\"display: flex; align-items: center; gap: 12px; margin-bottom: 10px;\">\r\n        <div style=\"  background-color: #0a0d13;  padding: 12px;  border-radius: 12px;  display: inline-flex;  align-items: center;  justify-content: center;  width: 48px;  height: 48px;\">\r\n                    <svg xmlns=\"http:\/\/www.w3.org\/2000\/svg\" width=\"32\" height=\"32\" fill=\"white\" viewbox=\"0 0 256 256\">\r\n          <path d=\"M222.37,158.46l-47.11-21.11-.13-.06a16,16,0,0,0-15.17,1.4,8.12,8.12,0,0,0-.75.56L134.87,160c-15.42-7.49-31.34-23.29-38.83-38.51l20.78-24.71c.2-.25.39-.5.57-.77a16,16,0,0,0,1.32-15.06l0-.12L97.54,33.64a16,16,0,0,0-16.62-9.52A56.26,56.26,0,0,0,32,80c0,79.4,64.6,144,144,144a56.26,56.26,0,0,0,55.88-48.92A16,16,0,0,0,222.37,158.46ZM176,208A128.14,128.14,0,0,1,48,80,40.2,40.2,0,0,1,82.87,40a.61.61,0,0,0,0,.12l21,47L83.2,111.86a6.13,6.13,0,0,0-.57.77,16,16,0,0,0-1,15.7c9.06,18.53,27.73,37.06,46.46,46.11a16,16,0,0,0,15.75-1.14,8.44,8.44,0,0,0,.74-.56L168.89,152l47,21.05h0s.08,0,.11,0A40.21,40.21,0,0,1,176,208Z\"\/>\r\n        <\/svg>\r\n        <\/div>\r\n\r\n        <strong style=\"font-size: 20px;\">WhatsApp Business<\/strong>\r\n      <\/div>\r\n      <p style=\"margin: 0; font-size: 16px;\">Lunes a viernes - 8 a 18 horas<\/p>\r\n      <br>\r\n      <p style=\"font-size: 14px; margin: 4px 0 0;\">\r\n        Brasil: +55 (41) 99219-5297\r\n        Latam: +57 316 5270141\r\n      <\/p>\r\n    <\/div>\r\n\r\n    <!-- Bloco: Suporte T\u00e9cnico -->\r\n    <div style=\"background: #04070d; border: 1px solid #2a2a2a; border-radius: 12px; padding: 24px; color: #d5dbe6;;\">\r\n      <div style=\"display: flex; align-items: center; gap: 12px; margin-bottom: 10px;\">\r\n        <div style=\"  background-color: #0a0d13;  padding: 12px;  border-radius: 12px;  display: inline-flex;  align-items: center;  justify-content: center;  width: 48px;  height: 48px;\">        <svg xmlns=\"http:\/\/www.w3.org\/2000\/svg\" width=\"32\" height=\"32\" fill=\"white\" viewbox=\"0 0 256 256\">\r\n          <path d=\"M230.92,212c-15.23-26.33-38.7-45.21-66.09-54.16a72,72,0,1,0-73.66,0C63.78,166.78,40.31,185.66,25.08,212a8,8,0,1,0,13.85,8c18.84-32.56,52.14-52,89.07-52s70.23,19.44,89.07,52a8,8,0,1,0,13.85-8ZM72,96a56,56,0,1,1,56,56A56.06,56.06,0,0,1,72,96Z\"\/>\r\n        <\/svg><\/div>\r\n\r\n        <strong style=\"font-size: 20px;\">Apoyo t\u00e9cnico<\/strong>\r\n      <\/div>\r\n      <p style=\"margin: 0; font-size: 16px;\">\r\n        De lunes a viernes, de 9 a 17 h: Los reclamos de garant\u00eda limitada est\u00e1ndar de las instalaciones de Leyard se pueden realizar a trav\u00e9s de los siguientes canales de SAC:\r\n      <\/p>\r\n      <br>\r\n      <p style=\"font-size: 14px; margin: 4px 0 0;\">\r\n        WhatsApp: (41) 99141-6788 o (41) 99197-4993<br>\r\n        Correo electr\u00f3nico: <a href=\"mailto:sac.brasil@leyardgroup.com\" style=\"color: #b3caff;\">sac.brasil@leyardgroup.com<\/a>\r\n      <\/p>\r\n    <\/div>\r\n  <\/div>\r\n\r\n  <!-- Coluna Direita (Formul\u00e1rio) -->\r\n<div role=\"main\"\r\nid=\"atualizado-formulario-pagina-de-contato-5c5c25ad2d498b35af8c\"><\/div><script\r\ntype=\"text\/javascript\"\r\nsrc=\"https:\/\/d335luupugsy2.cloudfront.net\/js\/rdstation-forms\/stable\/rdstation-forms.m\r\nin.js\"><\/script><script type=\"text\/javascript\"> new\r\nRDStationForms('atualizado-formulario-pagina-de-contato-5c5c25ad2d498b35af8c'\r\n,\r\n'UA-91729524-1').createForm();<\/script>\r\n\r\n<script>\r\n  document.addEventListener(\"DOMContentLoaded\", function () {\r\n    const targetId = 'atualizado-formulario-pagina-de-contato-5c5c25ad2d498b35af8c';\r\n    const container = document.getElementById(targetId);\r\n\r\n    const interval = setInterval(() => {\r\n      const form = container && container.querySelector('form');\r\n\r\n      if (form) {\r\n        clearInterval(interval);\r\n\r\n        const header = document.createElement('div');\r\n        header.style.display = 'flex';\r\n        header.style.flexDirection = 'column';\r\n        header.style.alignItems = 'center';\r\n        header.style.marginBottom = '24px';\r\n\r\n        header.innerHTML = `\r\n          <div style=\"\r\n            background-color: #0a0d13;\r\n            padding: 12px;\r\n            border-radius: 12px;\r\n            display: inline-flex;\r\n            align-items: center;\r\n            justify-content: center;\r\n            width: 48px;\r\n            height: 48px;\r\n            margin-bottom: 12px;\r\n          \">\r\n            <svg xmlns=\"http:\/\/www.w3.org\/2000\/svg\" width=\"24\" height=\"24\" fill=\"#fff\" viewBox=\"0 0 256 256\">\r\n              <path d=\"M201.89,54.66A103.43,103.43,0,0,0,128.79,24H128A104,104,0,0,0,24,128v56a24,24,0,0,0,24,24H64a24,24,0,0,0,24-24V144a24,24,0,0,0-24-24H40.36A88.12,88.12,0,0,1,190.54,65.93,87.39,87.39,0,0,1,215.65,120H192a24,24,0,0,0-24,24v40a24,24,0,0,0,24,24h24a24,24,0,0,1-24,24H136a8,8,0,0,0,0,16h56a40,40,0,0,0,40-40V128A103.41,103.41,0,0,0,201.89,54.66ZM64,136a8,8,0,0,1,8,8v40a8,8,0,0,1-8,8H48a8,8,0,0,1-8-8V136Zm128,56a8,8,0,0,1-8-8V144a8,8,0,0,1,8-8h24v56Z\"\/>\r\n            <\/svg>\r\n          <\/div>\r\n          <h2 style=\"\r\n            font-family: 'Inter', sans-serif;\r\n            font-size: 20px;\r\n            color: #fff;\r\n            margin: 0;\r\n          \">\r\n            Formul\u00e1rio comercial\r\n          <\/h2>\r\n        `;\r\n\r\n        form.insertBefore(header, form.firstChild);\r\n      }\r\n    }, 300);\r\n  });\r\n<\/script>\r\n<\/div>\r\n\r\n\r\n\t\t\t\t<\/div>\n\t\t\t\t<\/div>\n\t\t\t\t\t<\/div>\n\t\t\t\t<\/div>\n\t\t<div class=\"elementor-element elementor-element-2a28247 e-flex e-con-boxed e-con e-parent\" data-id=\"2a28247\" data-element_type=\"container\" data-e-type=\"container\">\n\t\t\t\t\t<div class=\"e-con-inner\">\n\t\t\t\t<div class=\"elementor-element elementor-element-664a58a elementor-widget elementor-widget-html\" data-id=\"664a58a\" data-element_type=\"widget\" data-e-type=\"widget\" data-widget_type=\"html.default\">\n\t\t\t\t<div class=\"elementor-widget-container\">\n\t\t\t\t\t<script type=\"text\/javascript\" async src=\"https:\/\/d335luupugsy2.cloudfront.net\/js\/loader-scripts\/524ed72b-5cce-4625-a136-f5939fe68241-loader.js\"\u00a0><\/script>\t\t\t\t<\/div>\n\t\t\t\t<\/div>\n\t\t\t\t\t<\/div>\n\t\t\t\t<\/div>\n\t\t\t\t<\/div>","protected":false},"excerpt":{"rendered":"<p>Contato Ser\u00e1 um prazer atend\u00ea-lo! Fale conosco atrav\u00e9s dos nossos contatos ou utilize o formul\u00e1rio comercial abaixo: E-mail Fale conosco atrav\u00e9s do nosso e-mail: sales.brazil@leyardgroup.com WhatsApp Comercial Segunda \u00e0 Sexta-feira &#8211; 8h \u00e0s 18h Brasil: +55 (41) 99219-5297 Latam: +57 316 5270141 Suporte T\u00e9cnico Seg \u00e0 Sex &#8211; 9h \u00e0s 17h &#8211; Os acionamentos de [&hellip;]<\/p>","protected":false},"author":2,"featured_media":0,"parent":0,"menu_order":0,"comment_status":"closed","ping_status":"closed","template":"","meta":{"footnotes":""},"class_list":["post-1305","page","type-page","status-publish","hentry"],"_links":{"self":[{"href":"https:\/\/leyard.com.br\/esp\/wp-json\/wp\/v2\/pages\/1305","targetHints":{"allow":["GET"]}}],"collection":[{"href":"https:\/\/leyard.com.br\/esp\/wp-json\/wp\/v2\/pages"}],"about":[{"href":"https:\/\/leyard.com.br\/esp\/wp-json\/wp\/v2\/types\/page"}],"author":[{"embeddable":true,"href":"https:\/\/leyard.com.br\/esp\/wp-json\/wp\/v2\/users\/2"}],"replies":[{"embeddable":true,"href":"https:\/\/leyard.com.br\/esp\/wp-json\/wp\/v2\/comments?post=1305"}],"version-history":[{"count":100,"href":"https:\/\/leyard.com.br\/esp\/wp-json\/wp\/v2\/pages\/1305\/revisions"}],"predecessor-version":[{"id":5877,"href":"https:\/\/leyard.com.br\/esp\/wp-json\/wp\/v2\/pages\/1305\/revisions\/5877"}],"wp:attachment":[{"href":"https:\/\/leyard.com.br\/esp\/wp-json\/wp\/v2\/media?parent=1305"}],"curies":[{"name":"wp","href":"https:\/\/api.w.org\/{rel}","templated":true}]}}