{"id":2005,"date":"2025-06-02T13:13:25","date_gmt":"2025-06-02T16:13:25","guid":{"rendered":"https:\/\/leyard.com.br\/?page_id=2005"},"modified":"2025-09-22T15:00:05","modified_gmt":"2025-09-22T18:00:05","slug":"termo-de-garantia-de-instalacao","status":"publish","type":"page","link":"https:\/\/leyard.com.br\/esp\/termo-de-garantia-de-instalacao\/","title":{"rendered":"T\u00e9rminos de la garant\u00eda de instalaci\u00f3n"},"content":{"rendered":"<div data-elementor-type=\"wp-page\" data-elementor-id=\"2005\" class=\"elementor elementor-2005\" data-elementor-post-type=\"page\">\n\t\t\t\t<div class=\"elementor-element elementor-element-5a75f3c e-flex e-con-boxed e-con e-parent\" data-id=\"5a75f3c\" data-element_type=\"container\" data-e-type=\"container\">\n\t\t\t\t\t<div class=\"e-con-inner\">\n\t\t\t\t<div class=\"elementor-element elementor-element-835e0f7 elementor-widget elementor-widget-html\" data-id=\"835e0f7\" data-element_type=\"widget\" data-e-type=\"widget\" data-widget_type=\"html.default\">\n\t\t\t\t<div class=\"elementor-widget-container\">\n\t\t\t\t\t<div class=\"container\">\r\n  <h1\r\n    class=\"title\"\r\n    style=\"      font-family: Inter;      font-size: 72px;      color: #ac171d;      text-align: center;      font-weight: 700;      margin-bottom: 0;      padding-top: 100px;    \"\r\n  >\r\n    Plazo de garant\u00eda\r\n  <\/h1>\r\n\r\n  <h2\r\n    style=\"      font-family: Inter;      font-size: 31px;      color: #ac171d;      text-align: center;      font-weight: 700;      margin-top: 0;      margin-bottom: 40px;    \"\r\n  >\r\n    instalaci\u00f3n (est\u00e1ndar)\r\n  <\/h2>\r\n<\/div>\r\n\r\n<div\r\n  style=\"    width: 100vw;    position: relative;    left: 50%;    right: 50%;    margin-left: -50vw;    margin-right: -50vw;  \"\r\n>\r\n  <img decoding=\"async\"\r\n    src=\"https:\/\/leyard.com.br\/wp-content\/uploads\/2025\/06\/ZZRJk3GuMGLgG8burkWs5M2Eq9k.png\"\r\n    alt=\"banner\"\r\n    style=\"width: 100%; height: auto; display: block; padding-bottom: 50px\"\r\n  \/>\r\n<\/div>\r\n\r\n<div>\r\n  <div class=\"text-container\" style=\"text-align: center\">\r\n    <p\r\n      style=\"        font-family: Inter;        font-size: 22px;        color: #888888;        font-weight: 500;      \"\r\n    >\r\n      T\u00e9rminos de la garant\u00eda de instalaci\u00f3n de Leyard <br \/><br \/>\r\n      \r\n     LEYARD DO BRASIL LTDA, registrada con el n\u00famero CNPJ 20.596.494\/0001-26, presenta sus T\u00e9rminos de Garant\u00eda Est\u00e1ndar para el servicio de Instalaci\u00f3n cuando sea realizado por el equipo t\u00e9cnico de Leyard Brasil.\r\n      <br \/><br \/>\r\n      1. GARANT\u00cdA LIMITADA EST\u00c1NDAR PARA INSTALACIONES LEYARD. Leyard do Brasil ofrece a sus usuarios finales, revendedores o distribuidores autorizados (\u201cClientes\u201d) una garant\u00eda in situ de 3 (tres) meses o 90 d\u00edas para la instalaci\u00f3n realizada por el equipo t\u00e9cnico de Leyard do Brasil. El per\u00edodo de garant\u00eda comenzar\u00e1 a partir de la fecha de emisi\u00f3n de la factura de compra del servicio de instalaci\u00f3n de Leyard do Brasil y\/o la fecha del informe de instalaci\u00f3n (lo que ocurra primero). Durante el per\u00edodo de Garant\u00eda Limitada Est\u00e1ndar para Instalaciones Leyard, el servicio de nuestro equipo t\u00e9cnico podr\u00e1 proporcionarse mediante soporte \u201cRemoto\u201d o \u201cIn Situ\u201d sin costo adicional, sujeto a los siguientes criterios:\r\n    <\/p>\r\n\r\n    <p\r\n      style=\"        font-family: inter;        font-size: 22px;        color: #b4171f;        text-align: left;        font-weight: 700;      \"\r\n    >\r\n      Proceso de solicitud de servicio durante el per\u00edodo de garant\u00eda:\r\n    <\/p>\r\n\r\n    <ul\r\n      style=\"        font-family: Inter;        font-size: 20px;        color: #888888;        font-weight: 500;        text-align: left;      \"\r\n    >\r\n      <li>\r\n        El usuario final o su distribuidor autorizado abrir\u00e1 una llamada t\u00e9cnica a trav\u00e9s de los canales disponibles en Leyard do Brasil;\r\n      <\/li>\r\n      <li>\r\n        Para abrir una solicitud de servicio, necesitar\u00e1 la factura de compra del Servicio de Instalaci\u00f3n de Leyard do Brasil;\r\n      <\/li>\r\n      <br \/>\r\n    <\/ul>\r\n\r\n    <p\r\n      style=\"        font-family: inter;        font-size: 20px;        color: #b4171f;        font-weight: 700;        text-align: left;        margin-top: 30px;      \"\r\n    >\r\n      Servicio:\r\n    <\/p>\r\n\r\n    <p\r\n      style=\"        font-family: inter;        font-size: 20px;        color: #b4171f;        font-weight: 700;        text-align: left;      \"\r\n    >\r\n      Nivel 1 - Remoto:\r\n    <\/p>\r\n\r\n    <ul\r\n      style=\"        font-family: Inter;        font-size: 20px;        color: #888888;        font-weight: 500;        text-align: left;      \"\r\n    >\r\n      <li>\r\n        Una vez abierta la solicitud de servicio, un t\u00e9cnico de Leyard Brasil se pondr\u00e1 en contacto con usted para analizarla.;\r\n      <\/li>\r\n\r\n      <li>\r\n        Tras el an\u00e1lisis, el t\u00e9cnico de Leyard do Brasil realizar\u00e1 la intervenci\u00f3n de forma remota si es posible;\r\n      <\/li>\r\n\r\n      <li>\r\n        Si la intervenci\u00f3n remota resuelve la necesidad presentada, la llamada ser\u00e1 cerrada, en caso contrario, la llamada ser\u00e1 derivada al servicio de nivel 2.\r\n      <\/li>\r\n    <\/ul>\r\n\r\n    <p\r\n      style=\"        font-family: inter;        font-size: 20px;        color: #b4171f;        font-weight: 700;        text-align: left;        margin-top: 35px;      \"\r\n    >\r\n      Nivel 2 - Presencial:\r\n    <\/p>\r\n\r\n    <ul\r\n      style=\"        font-family: Inter;        font-size: 20px;        color: #888888;        font-weight: 500;        text-align: left;      \"\r\n    >\r\n      <li>\r\n        El equipo t\u00e9cnico de Leyard Brasil (nivel 1) le informar\u00e1 sobre la necesidad de soporte t\u00e9cnico &quot;en sitio&quot;;\r\n      <\/li>\r\n\r\n      <li>\r\n        La programaci\u00f3n se realizar\u00e1 de acuerdo con la disponibilidad t\u00e9cnica de Leyard do Brasil (en el mejor esfuerzo posible);\r\n      <\/li>\r\n\r\n      <li>\r\n        Se ofrecer\u00e1 asistencia t\u00e9cnica presencial de lunes a viernes en horario laboral, de 9:00 a 17:00 (hora de Brasilia), previa cita.;\r\n      <\/li>\r\n\r\n      <li>\r\n        Si, durante la visita t\u00e9cnica, un t\u00e9cnico de Leyard Brasil detecta la necesidad de elementos adicionales m\u00e1s all\u00e1 de los ya instalados por Leyard Brasil para resolver el problema, ser\u00e1 responsabilidad del cliente\/revendedor adquirir el\/los producto(s) y servicio(s);\r\n      <\/li>\r\n\r\n      <li>\r\n        En este caso, el equipo t\u00e9cnico de Leyard Brasil puede emitir un informe t\u00e9cnico que detalle los requisitos.\r\n      <\/li>\r\n    <\/ul>\r\n\r\n    <p\r\n      style=\"        font-family: inter;        font-size: 20px;        color: #b4171f;        text-align: left;        margin-top: 30px;        margin-bottom: 0;      \"\r\n    >\r\n      SLA \u2013 Acuerdo de Nivel de Servicio:\r\n    <\/p>\r\n\r\n    <p\r\n      style=\"        font-family: inter;        font-size: 20px;        color: #b4171f;        font-weight: 700;        text-align: left;      \"\r\n    >\r\n      Tanto para el soporte de Nivel 1 como para el de Nivel 2, el tiempo de respuesta se basar\u00e1 en el &quot;mejor esfuerzo&quot;; el SLA de &quot;mejor esfuerzo&quot; puede verse afectado si:\r\n    <\/p>\r\n\r\n    <ul\r\n      style=\"        font-family: Inter;        font-size: 20px;        color: #888888;        font-weight: 500;        text-align: left;      \"\r\n    >\r\n      <li>El SLA de &quot;mejor esfuerzo&quot; puede verse afectado desde el momento en que:<\/li>\r\n\r\n      <li>Si se requiere apoyo o intervenci\u00f3n de terceros;<\/li>\r\n\r\n      <li>Falta de disponibilidad del horario del cliente;<\/li>\r\n\r\n      <li>Falta de disponibilidad de cualquier tipo por parte del cliente;<\/li>\r\n\r\n      <li>\r\n        Es posible que se necesite informaci\u00f3n adicional del cliente.\r\n      <\/li>\r\n    <\/ul>\r\n\r\n    <p\r\n      style=\"        font-family: inter;        font-size: 20px;        color: #b4171f;        text-align: left;        margin-top: 30px;        margin-bottom: 0;      \"\r\n    >\r\n      Canales para abrir una llamada:\r\n    <\/p>\r\n\r\n    <p\r\n      style=\"        font-family: inter;        font-size: 20px;        color: #b4171f;        font-weight: 700;        text-align: left;      \"\r\n    >\r\n      La garant\u00eda limitada est\u00e1ndar de instalaci\u00f3n de Leyard se puede activar a trav\u00e9s de los siguientes canales:\r\n    <\/p>\r\n\r\n    <ul\r\n      style=\"        font-family: Inter;        font-size: 20px;        color: #888888;        font-weight: 500;        text-align: left;      \"\r\n    >\r\n      <li>\r\n        <strong>WhatsApp 1<\/strong> : +55 41 99141-6788 Lunes a viernes *8:00 a 18:00\r\n      <\/li>\r\n\r\n      <li>\r\n        <strong>WhatsApp 2<\/strong>: +55 41 99197- 4993 Lunes a Viernes *8:00 a 18:00\r\n      <\/li>\r\n\r\n      <li>\r\n        Correo electr\u00f3nico: sac.brasil@leyardgroup.com Lunes a viernes *8:00 a 18:00 (excepto festivos)\r\n      <\/li>\r\n    <\/ul>\r\n\r\n    <p\r\n      style=\"        font-family: inter;        font-size: 20px;        color: #b4171f;        text-align: left;        margin-top: 30px;        margin-bottom: 0;      \"\r\n    >\r\n      2. CONDICIONES GENERALES:\r\n    <\/p>\r\n\r\n    <p\r\n      style=\"        font-family: inter;        font-size: 20px;        color: #b4171f;        text-align: left;        margin-bottom: 0;      \"\r\n    >\r\n      Cobertura:\r\n    <\/p>\r\n\r\n    <p\r\n      style=\"        font-family: inter;        font-size: 20px;        color: #b4171f;        font-weight: 700;        text-align: left;      \"\r\n    >\r\n      La garant\u00eda limitada de instalaci\u00f3n est\u00e1ndar de Leyard cubre exclusivamente los gastos relacionados con:\r\n    <\/p>\r\n\r\n    <ul\r\n      style=\"        font-family: Inter;        font-size: 20px;        color: #888888;        font-weight: 500;        text-align: left;      \"\r\n    >\r\n      <li>Horas de soporte t\u00e9cnico de Leyard para asistencia t\u00e9cnica remota;<\/li>\r\n\r\n      <li>Hora de soporte t\u00e9cnico de Leyard para asistencia t\u00e9cnica in situ;<\/li>\r\n\r\n      <li>Gastos relacionados con el traslado del entrenador Leyard desde Brasil;<\/li>\r\n\r\n      <li>\r\n        La garant\u00eda limitada est\u00e1ndar para instalaciones de Leyard Brasil se aplica \u00fanica y exclusivamente a las instalaciones realizadas por el equipo t\u00e9cnico de Leyard Brasil;\r\n      <\/li>\r\n\r\n      <li>\r\n        La definici\u00f3n de la garant\u00eda ser\u00e1 determinada por el \u00e1rea de Soporte T\u00e9cnico de Leyard Brasil;\r\n      <\/li>\r\n\r\n      <li>\r\n        En los casos en que el \u00e1rea de Soporte T\u00e9cnico de Leyard Brasil determine que la Garant\u00eda Limitada Est\u00e1ndar para Instalaciones Leyard no es aplicable, el soporte t\u00e9cnico (remoto o presencial) podr\u00e1 cobrarse de acuerdo con la tarifa horaria vigente en el momento de la solicitud de servicio.\r\n      <\/li>\r\n    <\/ul>\r\n\r\n    <p\r\n      style=\"        font-family: inter;        font-size: 20px;        color: #b4171f;        text-align: left;        margin-top: 30px;        margin-bottom: 0;      \"\r\n    >\r\n      No cubierto por la garant\u00eda:\r\n    <\/p>\r\n\r\n    <p\r\n      style=\"        font-family: inter;        font-size: 20px;        color: #b4171f;        font-weight: 700;        text-align: left;      \"\r\n    >\r\n      Si la instalaci\u00f3n es objeto de cualquier tipo de intervenci\u00f3n por parte de personas no autorizadas por Leyard Brasil;\r\n    <\/p>\r\n\r\n    <ul\r\n      style=\"        font-family: Inter;        font-size: 20px;        color: #888888;        font-weight: 500;        text-align: left;      \"\r\n    >\r\n      <li>\r\n        Instalaciones realizadas por el distribuidor o concesionario autorizado;\r\n      <\/li>\r\n\r\n      <li>\r\n        Cuando el departamento de Soporte T\u00e9cnico de Leyard Brasil determina que la garant\u00eda no cubre la reclamaci\u00f3n;\r\n      <\/li>\r\n\r\n      <li>\r\n        Servicios prestados por terceros, incluso cuando sean complementarios;\r\n      <\/li>\r\n    <\/ul>\r\n\r\n    <p\r\n      style=\"        font-family: inter;        font-size: 20px;        color: #b4171f;        text-align: left;        margin-top: 30px;      \"\r\n    >\r\n      La garant\u00eda limitada de instalaci\u00f3n est\u00e1ndar de Leyard no cubre ning\u00fan gasto relacionado con:\r\n    <\/p>\r\n\r\n    <ul\r\n      style=\"        font-family: Inter;        font-size: 20px;        color: #888888;        font-weight: 500;        text-align: left;      \"\r\n    >\r\n      <li>\r\n        Alquiler de equipos necesarios para realizar el servicio, tales como:\r\n        <ul>\r\n          <li>Plataforma elevadora;<\/li>\r\n\r\n          <li>Gr\u00faa;<\/li>\r\n\r\n          <li>Andamio.<\/li>\r\n        <\/ul>\r\n      <\/li>\r\n\r\n      <li>Gastos de un t\u00e9cnico de una empresa externa.<\/li>\r\n\r\n      <li>\r\n        Gastos relacionados con una empresa externa no contratada por Leyard Brasil.\r\n      <\/li>\r\n\r\n      <li>\r\n        Horario de atenci\u00f3n t\u00e9cnica de Leyard para la sustituci\u00f3n de componentes del panel LED Leyard, ya sean piezas de repuesto, piezas de recambio o cualquier otro elemento.\r\n      <\/li>\r\n\r\n      <li>Mantenimiento correctivo y preventivo.<\/li>\r\n      <br \/>\r\n    <\/ul>\r\n\r\n    <p\r\n      style=\"        font-family: inter;        font-size: 20px;        color: #b4171f;        font-weight: 700;        text-align: left;        margin-top: 30px;      \"\r\n    >\r\n      Servicios relacionados con el uso del panel, tales como:\r\n    <\/p>\r\n\r\n    <ul\r\n      style=\"        font-family: Inter;        font-size: 20px;        color: #888888;        font-weight: 500;        text-align: left;      \"\r\n    >\r\n      <li>\r\n        Sustituci\u00f3n de medios;\r\n        <ul>\r\n          <li>Creaci\u00f3n de medios;<\/li>\r\n\r\n          <li>Gesti\u00f3n de contenidos;<\/li>\r\n\r\n          <li>Reconfiguraci\u00f3n del dise\u00f1o.<\/li>\r\n        <\/ul>\r\n      <\/li>\r\n\r\n      <li>\r\n        Da\u00f1os resultantes de accidentes, ca\u00eddas, variaciones de voltaje el\u00e9ctrico y sobrecargas que superen las especificaciones.\r\n      <\/li>\r\n\r\n      <li>Art\u00edculos sujetos a desgaste natural y consumibles.<\/li>\r\n\r\n      <li>\r\n        Defectos o da\u00f1os resultantes de un uso anormal, uso inadecuado, exposici\u00f3n a la humedad, modificaciones no autorizadas, conexiones no autorizadas, mal uso, negligencia, accidentes, alteraciones, incluidos los derrames de l\u00edquidos.\r\n      <\/li>\r\n\r\n      <li>\r\n        Productos con n\u00fameros de serie eliminados o da\u00f1ados, lo que los hace ilegibles.\r\n      <\/li>\r\n\r\n      <li>\r\n        Todas las superficies de pl\u00e1stico y todas las dem\u00e1s partes expuestas externamente que est\u00e9n rayadas o da\u00f1adas debido al uso del usuario.\r\n      <\/li>\r\n\r\n      <li>\r\n        Da\u00f1os causados por elementos naturales (lluvia, sol, inundaciones, salpicaduras de agua de mar, etc.).\r\n      <\/li>\r\n\r\n      <li>\r\n        Cualquier evento imprevisto resultante del mal uso por parte del usuario.\r\n      <\/li>\r\n      <br \/>\r\n    <\/ul>\r\n  <\/div>\r\n\r\n  <style>\r\n    @media (max-width: 768px) {\r\n  .title{\r\n    font-size: 40px !important;\r\n    padding-top: 50px !important;\r\n }\r\n\r\n .text-container p {\r\n  font-size: 18px !important;\r\n }\r\n}\r\n  <\/style>\r\n<\/div>\r\n\t\t\t\t<\/div>\n\t\t\t\t<\/div>\n\t\t\t\t\t<\/div>\n\t\t\t\t<\/div>\n\t\t<div class=\"elementor-element elementor-element-1472b5a e-flex e-con-boxed e-con e-parent\" data-id=\"1472b5a\" data-element_type=\"container\" data-e-type=\"container\">\n\t\t\t\t\t<div class=\"e-con-inner\">\n\t\t\t\t<div class=\"elementor-element elementor-element-8eaf22e elementor-widget elementor-widget-html\" data-id=\"8eaf22e\" data-element_type=\"widget\" data-e-type=\"widget\" data-widget_type=\"html.default\">\n\t\t\t\t<div class=\"elementor-widget-container\">\n\t\t\t\t\t<script type=\"text\/javascript\" async src=\"https:\/\/d335luupugsy2.cloudfront.net\/js\/loader-scripts\/524ed72b-5cce-4625-a136-f5939fe68241-loader.js\"\u00a0><\/script>\t\t\t\t<\/div>\n\t\t\t\t<\/div>\n\t\t\t\t\t<\/div>\n\t\t\t\t<\/div>\n\t\t\t\t<\/div>","protected":false},"excerpt":{"rendered":"<p>Termo de Garantia de instala\u00e7\u00e3o (padr\u00e3o) TERMO DE GARANTIA DE INSTALA\u00c7\u00c3O LEYARD A LEYARD DO BRASIL LTDA, inscrita no CNPJ n\u00ba 20.596.494\/0001-26, apresenta o seu Termo de Garantia Padr\u00e3o para o servi\u00e7o de Instala\u00e7\u00e3o quando executado pela equipe t\u00e9cnica da Leyard Brasil. 1. GARANTIA LIMITADA PADR\u00c3O PARA INSTALA\u00c7\u00d5ES LEYARD. A Leyard do Brasil oferece a [&hellip;]<\/p>","protected":false},"author":2,"featured_media":0,"parent":0,"menu_order":0,"comment_status":"closed","ping_status":"closed","template":"","meta":{"footnotes":""},"class_list":["post-2005","page","type-page","status-publish","hentry"],"_links":{"self":[{"href":"https:\/\/leyard.com.br\/esp\/wp-json\/wp\/v2\/pages\/2005","targetHints":{"allow":["GET"]}}],"collection":[{"href":"https:\/\/leyard.com.br\/esp\/wp-json\/wp\/v2\/pages"}],"about":[{"href":"https:\/\/leyard.com.br\/esp\/wp-json\/wp\/v2\/types\/page"}],"author":[{"embeddable":true,"href":"https:\/\/leyard.com.br\/esp\/wp-json\/wp\/v2\/users\/2"}],"replies":[{"embeddable":true,"href":"https:\/\/leyard.com.br\/esp\/wp-json\/wp\/v2\/comments?post=2005"}],"version-history":[{"count":13,"href":"https:\/\/leyard.com.br\/esp\/wp-json\/wp\/v2\/pages\/2005\/revisions"}],"predecessor-version":[{"id":4448,"href":"https:\/\/leyard.com.br\/esp\/wp-json\/wp\/v2\/pages\/2005\/revisions\/4448"}],"wp:attachment":[{"href":"https:\/\/leyard.com.br\/esp\/wp-json\/wp\/v2\/media?parent=2005"}],"curies":[{"name":"wp","href":"https:\/\/api.w.org\/{rel}","templated":true}]}}