{"id":2459,"date":"2025-06-04T11:27:31","date_gmt":"2025-06-04T14:27:31","guid":{"rendered":"https:\/\/leyard.com.br\/?page_id=2459"},"modified":"2026-03-18T10:37:46","modified_gmt":"2026-03-18T13:37:46","slug":"sv-modulo-indoor","status":"publish","type":"page","link":"https:\/\/leyard.com.br\/esp\/sv-modulo-indoor\/","title":{"rendered":"M\u00f3dulo interior SV"},"content":{"rendered":"<div data-elementor-type=\"wp-page\" data-elementor-id=\"2459\" class=\"elementor elementor-2459\" data-elementor-post-type=\"page\">\n\t\t\t\t<div class=\"elementor-element elementor-element-703ac24 e-con-full e-flex e-con e-child\" data-id=\"703ac24\" data-element_type=\"container\" data-e-type=\"container\" data-settings=\"{&quot;background_background&quot;:&quot;classic&quot;}\">\n\t\t\t\t<div class=\"elementor-element elementor-element-4bf6c75 elementor-widget elementor-widget-heading\" data-id=\"4bf6c75\" data-element_type=\"widget\" data-e-type=\"widget\" data-widget_type=\"heading.default\">\n\t\t\t\t<div class=\"elementor-widget-container\">\n\t\t\t\t\t<h1 class=\"elementor-heading-title elementor-size-default\">            <\/h1>\t\t\t\t<\/div>\n\t\t\t\t<\/div>\n\t\t\t\t<div class=\"elementor-element elementor-element-3a767c4 elementor-widget elementor-widget-heading\" data-id=\"3a767c4\" data-element_type=\"widget\" data-e-type=\"widget\" data-widget_type=\"heading.default\">\n\t\t\t\t<div class=\"elementor-widget-container\">\n\t\t\t\t\t<h2 class=\"elementor-heading-title elementor-size-default\">Painel de LED - S\u00e9rie SV Leyard<\/h2>\t\t\t\t<\/div>\n\t\t\t\t<\/div>\n\t\t\t\t<\/div>\n\t\t<div class=\"elementor-element elementor-element-3de9740 e-con-full e-flex e-con e-parent\" data-id=\"3de9740\" data-element_type=\"container\" data-e-type=\"container\">\n\t\t<div class=\"elementor-element elementor-element-a77f2d9 e-con-full e-flex e-con e-child\" data-id=\"a77f2d9\" data-element_type=\"container\" data-e-type=\"container\">\n\t\t<div class=\"elementor-element elementor-element-06ee30e e-con-full e-flex e-con e-child\" data-id=\"06ee30e\" data-element_type=\"container\" data-e-type=\"container\">\n\t\t\t\t<div class=\"elementor-element elementor-element-da3d1d2 elementor--h-position-center elementor--v-position-middle elementor-arrows-position-inside elementor-pagination-position-inside elementor-widget elementor-widget-slides\" data-id=\"da3d1d2\" data-element_type=\"widget\" data-e-type=\"widget\" data-settings=\"{&quot;navigation&quot;:&quot;both&quot;,&quot;autoplay&quot;:&quot;yes&quot;,&quot;pause_on_hover&quot;:&quot;yes&quot;,&quot;pause_on_interaction&quot;:&quot;yes&quot;,&quot;autoplay_speed&quot;:5000,&quot;infinite&quot;:&quot;yes&quot;,&quot;transition&quot;:&quot;slide&quot;,&quot;transition_speed&quot;:500}\" data-widget_type=\"slides.default\">\n\t\t\t\t<div class=\"elementor-widget-container\">\n\t\t\t\t\t\t\t\t\t<div class=\"elementor-swiper\">\n\t\t\t\t\t<div class=\"elementor-slides-wrapper elementor-main-swiper swiper\" role=\"region\" aria-roledescription=\"carousel\" aria-label=\"Slides\" dir=\"ltr\" data-animation=\"fadeInUp\">\n\t\t\t\t<div class=\"swiper-wrapper elementor-slides\">\n\t\t\t\t\t\t\t\t\t\t<div class=\"elementor-repeater-item-6da5f88 swiper-slide\" role=\"group\" aria-roledescription=\"slide\"><div class=\"swiper-slide-bg\" role=\"img\"><\/div><div class=\"swiper-slide-inner\" ><div class=\"swiper-slide-contents\"><\/div><\/div><\/div>\t\t\t\t<\/div>\n\t\t\t\t\t\t\t<\/div>\n\t\t\t\t<\/div>\n\t\t\t\t\t\t\t\t<\/div>\n\t\t\t\t<\/div>\n\t\t\t\t<\/div>\n\t\t\t\t<\/div>\n\t\t<div class=\"elementor-element elementor-element-102578e e-con-full e-flex e-con e-child\" data-id=\"102578e\" data-element_type=\"container\" data-e-type=\"container\">\n\t\t<div class=\"elementor-element elementor-element-f922bc2 e-con-full e-flex e-con e-child\" data-id=\"f922bc2\" data-element_type=\"container\" data-e-type=\"container\">\n\t\t\t\t<div class=\"elementor-element elementor-element-d85a321 elementor-widget elementor-widget-heading\" data-id=\"d85a321\" data-element_type=\"widget\" data-e-type=\"widget\" data-widget_type=\"heading.default\">\n\t\t\t\t<div class=\"elementor-widget-container\">\n\t\t\t\t\t<h2 class=\"elementor-heading-title elementor-size-default\">SERIE SV - M\u00d3DULO LED PARA INTERIOR<\/h2>\t\t\t\t<\/div>\n\t\t\t\t<\/div>\n\t\t\t\t<div class=\"elementor-element elementor-element-c31c639 elementor-widget elementor-widget-text-editor\" data-id=\"c31c639\" data-element_type=\"widget\" data-e-type=\"widget\" data-widget_type=\"text-editor.default\">\n\t\t\t\t<div class=\"elementor-widget-container\">\n\t\t\t\t\t\t\t\t\t<p>Los m\u00f3dulos LED de la serie SV de Leyard incorporan componentes de alta calidad y representan una innovaci\u00f3n notable en el sector de la iluminaci\u00f3n de alta gama. Dise\u00f1ados con precisi\u00f3n de vanguardia, esta gama ofrece una experiencia visual impresionante.<\/p>\t\t\t\t\t\t\t\t<\/div>\n\t\t\t\t<\/div>\n\t\t\t\t<\/div>\n\t\t\t\t<div class=\"elementor-element elementor-element-cf011e7 elementor-widget elementor-widget-heading\" data-id=\"cf011e7\" data-element_type=\"widget\" data-e-type=\"widget\" data-widget_type=\"heading.default\">\n\t\t\t\t<div class=\"elementor-widget-container\">\n\t\t\t\t\t<h2 class=\"elementor-heading-title elementor-size-default\">INFORMACI\u00d3N T\u00c9CNICA<\/h2>\t\t\t\t<\/div>\n\t\t\t\t<\/div>\n\t\t\t\t<div class=\"elementor-element elementor-element-77a2564 elementor-widget elementor-widget-text-editor\" data-id=\"77a2564\" data-element_type=\"widget\" data-e-type=\"widget\" data-widget_type=\"text-editor.default\">\n\t\t\t\t<div class=\"elementor-widget-container\">\n\t\t\t\t\t\t\t\t\t<ul><li data-start=\"630\" data-end=\"728\"><strong data-start=\"630\" data-end=\"689\"><strong data-start=\"630\" data-end=\"689\">Desenvolvido em dist\u00e2ncias de pixel pitch:\u00a0 <\/strong><\/strong>2.5, 3 e 4mm.<strong data-start=\"630\" data-end=\"689\"><strong data-start=\"630\" data-end=\"689\"><br data-start=\"340\" data-end=\"343\" \/><\/strong><\/strong><\/li><li data-start=\"730\" data-end=\"822\"><p data-start=\"732\" data-end=\"822\"><strong data-start=\"732\" data-end=\"743\">Brilho: <\/strong>450 a 600 nits<\/p><\/li><li data-start=\"730\" data-end=\"822\"><p data-start=\"732\" data-end=\"822\"><strong data-start=\"826\" data-end=\"861\">Dimens\u00e3o do gabinete:\u00a0 <\/strong>320 \u00d7 160 e 80 \u00d7 320 mm<\/p><\/li><li data-start=\"730\" data-end=\"822\"><p data-start=\"732\" data-end=\"822\"><strong data-start=\"1060\" data-end=\"1084\">Taxa de atualiza\u00e7\u00e3o:<\/strong> 1920 a \u22653840 Hz<\/p><\/li><li data-start=\"1105\" data-end=\"1136\"><p data-start=\"1107\" data-end=\"1136\">Instala\u00e7\u00e3o por \u00edm\u00e3s ou fixa\u00e7\u00e3o<\/p><\/li><\/ul>\t\t\t\t\t\t\t\t<\/div>\n\t\t\t\t<\/div>\n\t\t\t\t<div class=\"elementor-element elementor-element-666ee83 elementor-widget elementor-widget-text-editor\" data-id=\"666ee83\" data-element_type=\"widget\" data-e-type=\"widget\" data-widget_type=\"text-editor.default\">\n\t\t\t\t<div class=\"elementor-widget-container\">\n\t\t\t\t\t\t\t\t\t<p>*A disponibilidade de pixel pitch no estoque Brasil, bem como as informa\u00e7\u00f5es t\u00e9cnicas dos produtos \u00e0 pronta entrega, est\u00e3o sujeitas a altera\u00e7\u00f5es conforme disponibilidade de estoque. Recomendamos consultar um de nossos consultores para verificar as op\u00e7\u00f5es dispon\u00edveis.<\/p>\t\t\t\t\t\t\t\t<\/div>\n\t\t\t\t<\/div>\n\t\t\t\t<div class=\"elementor-element elementor-element-1cbca00 elementor-widget elementor-widget-button\" data-id=\"1cbca00\" data-element_type=\"widget\" data-e-type=\"widget\" data-widget_type=\"button.default\">\n\t\t\t\t<div class=\"elementor-widget-container\">\n\t\t\t\t\t\t\t\t\t<div class=\"elementor-button-wrapper\">\n\t\t\t\t\t<a class=\"elementor-button elementor-button-link elementor-size-sm\" href=\"https:\/\/drive.google.com\/file\/d\/1CiGjqt-2hiSEZrO3Eww0D7c-Oz86bq4n\/view?usp=sharing\" target=\"_blank\" rel=\"noopener\">\n\t\t\t\t\t\t<span class=\"elementor-button-content-wrapper\">\n\t\t\t\t\t\t\t\t\t<span class=\"elementor-button-text\">Baixar Datasheet<\/span>\n\t\t\t\t\t<\/span>\n\t\t\t\t\t<\/a>\n\t\t\t\t<\/div>\n\t\t\t\t\t\t\t\t<\/div>\n\t\t\t\t<\/div>\n\t\t\t\t<\/div>\n\t\t\t\t<\/div>\n\t\t<div class=\"elementor-element elementor-element-b297e38 e-con-full e-flex e-con e-parent\" data-id=\"b297e38\" data-element_type=\"container\" data-e-type=\"container\">\n\t\t<div class=\"elementor-element elementor-element-22915dc e-con-full e-flex e-con e-child\" data-id=\"22915dc\" data-element_type=\"container\" data-e-type=\"container\">\n\t\t<div class=\"elementor-element elementor-element-4a0af7d e-con-full e-flex e-con e-child\" data-id=\"4a0af7d\" data-element_type=\"container\" data-e-type=\"container\">\n\t\t\t\t<div class=\"elementor-element elementor-element-7c870d5 elementor-widget elementor-widget-heading\" data-id=\"7c870d5\" data-element_type=\"widget\" data-e-type=\"widget\" data-widget_type=\"heading.default\">\n\t\t\t\t<div class=\"elementor-widget-container\">\n\t\t\t\t\t<h2 class=\"elementor-heading-title elementor-size-default\">COLORES BRILLANTES E INSTALACI\u00d3N FLEXIBLE<\/h2>\t\t\t\t<\/div>\n\t\t\t\t<\/div>\n\t\t\t\t<div class=\"elementor-element elementor-element-f1038a7 elementor-widget elementor-widget-text-editor\" data-id=\"f1038a7\" data-element_type=\"widget\" data-e-type=\"widget\" data-widget_type=\"text-editor.default\">\n\t\t\t\t<div class=\"elementor-widget-container\">\n\t\t\t\t\t\t\t\t\t<p data-start=\"37\" data-end=\"188\">Design Inteligente para Desempenho M\u00e1ximo<br data-start=\"78\" data-end=\"81\" \/>Design moderno e funcional. O painel se destaca pelo seu design inovador que combina est\u00e9tica e efici\u00eancia.<\/p><p data-start=\"190\" data-end=\"324\">Manuten\u00e7\u00e3o Pr\u00e1tica e \u00c1gil<br data-start=\"215\" data-end=\"218\" \/>Projetado para facilitar o dia a dia, permite manuten\u00e7\u00f5es r\u00e1pidas e simples, garantindo opera\u00e7\u00e3o cont\u00ednua.<\/p><p data-start=\"326\" data-end=\"485\" data-is-last-node=\"\" data-is-only-node=\"\">Gabinete de Liga de Alum\u00ednio<br data-start=\"354\" data-end=\"357\" \/>Fabricado com materiais que combinam resist\u00eancia e leveza, assegura desempenho confi\u00e1vel e versatilidade em diversas aplica\u00e7\u00f5es.<\/p>\t\t\t\t\t\t\t\t<\/div>\n\t\t\t\t<\/div>\n\t\t\t\t<\/div>\n\t\t\t\t<\/div>\n\t\t<div class=\"elementor-element elementor-element-1a8f90b e-con-full e-flex e-con e-child\" data-id=\"1a8f90b\" data-element_type=\"container\" data-e-type=\"container\">\n\t\t<div class=\"elementor-element elementor-element-504a635 e-con-full e-flex e-con e-child\" data-id=\"504a635\" data-element_type=\"container\" data-e-type=\"container\">\n\t\t\t\t<div class=\"elementor-element elementor-element-ac9a111 elementor--h-position-center elementor--v-position-middle elementor-arrows-position-inside elementor-pagination-position-inside elementor-widget elementor-widget-slides\" data-id=\"ac9a111\" data-element_type=\"widget\" data-e-type=\"widget\" data-settings=\"{&quot;navigation&quot;:&quot;both&quot;,&quot;autoplay&quot;:&quot;yes&quot;,&quot;pause_on_hover&quot;:&quot;yes&quot;,&quot;pause_on_interaction&quot;:&quot;yes&quot;,&quot;autoplay_speed&quot;:5000,&quot;infinite&quot;:&quot;yes&quot;,&quot;transition&quot;:&quot;slide&quot;,&quot;transition_speed&quot;:500}\" data-widget_type=\"slides.default\">\n\t\t\t\t<div class=\"elementor-widget-container\">\n\t\t\t\t\t\t\t\t\t<div class=\"elementor-swiper\">\n\t\t\t\t\t<div class=\"elementor-slides-wrapper elementor-main-swiper swiper\" role=\"region\" aria-roledescription=\"carousel\" aria-label=\"Slides\" dir=\"ltr\" data-animation=\"fadeInUp\">\n\t\t\t\t<div class=\"swiper-wrapper elementor-slides\">\n\t\t\t\t\t\t\t\t\t\t<div class=\"elementor-repeater-item-99a7071 swiper-slide\" role=\"group\" aria-roledescription=\"slide\"><div class=\"swiper-slide-bg\" role=\"img\"><\/div><div class=\"swiper-slide-inner\" ><div class=\"swiper-slide-contents\"><\/div><\/div><\/div>\t\t\t\t<\/div>\n\t\t\t\t\t\t\t<\/div>\n\t\t\t\t<\/div>\n\t\t\t\t\t\t\t\t<\/div>\n\t\t\t\t<\/div>\n\t\t\t\t<\/div>\n\t\t\t\t<\/div>\n\t\t\t\t<\/div>\n\t\t<div class=\"elementor-element elementor-element-5c12f2f e-con-full e-flex e-con e-parent\" data-id=\"5c12f2f\" data-element_type=\"container\" data-e-type=\"container\">\n\t\t<div class=\"elementor-element elementor-element-0682737 e-con-full e-flex e-con e-child\" data-id=\"0682737\" data-element_type=\"container\" data-e-type=\"container\">\n\t\t<div class=\"elementor-element elementor-element-d4eeeef e-con-full e-flex e-con e-child\" data-id=\"d4eeeef\" data-element_type=\"container\" data-e-type=\"container\">\n\t\t\t\t<div class=\"elementor-element elementor-element-1e48b69 elementor--h-position-center elementor--v-position-middle elementor-arrows-position-inside elementor-pagination-position-inside elementor-widget elementor-widget-slides\" data-id=\"1e48b69\" data-element_type=\"widget\" data-e-type=\"widget\" data-settings=\"{&quot;navigation&quot;:&quot;both&quot;,&quot;autoplay&quot;:&quot;yes&quot;,&quot;pause_on_hover&quot;:&quot;yes&quot;,&quot;pause_on_interaction&quot;:&quot;yes&quot;,&quot;autoplay_speed&quot;:5000,&quot;infinite&quot;:&quot;yes&quot;,&quot;transition&quot;:&quot;slide&quot;,&quot;transition_speed&quot;:500}\" data-widget_type=\"slides.default\">\n\t\t\t\t<div class=\"elementor-widget-container\">\n\t\t\t\t\t\t\t\t\t<div class=\"elementor-swiper\">\n\t\t\t\t\t<div class=\"elementor-slides-wrapper elementor-main-swiper swiper\" role=\"region\" aria-roledescription=\"carousel\" aria-label=\"Slides\" dir=\"ltr\" data-animation=\"fadeInUp\">\n\t\t\t\t<div class=\"swiper-wrapper elementor-slides\">\n\t\t\t\t\t\t\t\t\t\t<div class=\"elementor-repeater-item-6da5f88 swiper-slide\" role=\"group\" aria-roledescription=\"slide\"><div class=\"swiper-slide-bg\" role=\"img\"><\/div><div class=\"swiper-slide-inner\" ><div class=\"swiper-slide-contents\"><\/div><\/div><\/div><div class=\"elementor-repeater-item-21f8120 swiper-slide\" role=\"group\" aria-roledescription=\"slide\"><div class=\"swiper-slide-bg\" role=\"img\"><\/div><div class=\"swiper-slide-inner\" ><div class=\"swiper-slide-contents\"><\/div><\/div><\/div>\t\t\t\t<\/div>\n\t\t\t\t\t\t\t\t\t\t\t\t\t\t\t<div class=\"elementor-swiper-button elementor-swiper-button-prev\" role=\"button\" tabindex=\"0\" aria-label=\"Diapositiva anterior\">\n\t\t\t\t\t\t\t<svg aria-hidden=\"true\" class=\"e-font-icon-svg e-eicon-chevron-left\" viewbox=\"0 0 1000 1000\" xmlns=\"http:\/\/www.w3.org\/2000\/svg\"><path d=\"M646 125C629 125 613 133 604 142L308 442C296 454 292 471 292 487 292 504 296 521 308 533L604 854C617 867 629 875 646 875 663 875 679 871 692 858 704 846 713 829 713 812 713 796 708 779 692 767L438 487 692 225C700 217 708 204 708 187 708 171 704 154 692 142 675 129 663 125 646 125Z\"><\/path><\/svg>\t\t\t\t\t\t<\/div>\n\t\t\t\t\t\t<div class=\"elementor-swiper-button elementor-swiper-button-next\" role=\"button\" tabindex=\"0\" aria-label=\"Diapositiva siguiente\">\n\t\t\t\t\t\t\t<svg aria-hidden=\"true\" class=\"e-font-icon-svg e-eicon-chevron-right\" viewbox=\"0 0 1000 1000\" xmlns=\"http:\/\/www.w3.org\/2000\/svg\"><path d=\"M696 533C708 521 713 504 713 487 713 471 708 454 696 446L400 146C388 133 375 125 354 125 338 125 325 129 313 142 300 154 292 171 292 187 292 204 296 221 308 233L563 492 304 771C292 783 288 800 288 817 288 833 296 850 308 863 321 871 338 875 354 875 371 875 388 867 400 854L696 533Z\"><\/path><\/svg>\t\t\t\t\t\t<\/div>\n\t\t\t\t\t\t\t\t\t\t\t\t\t\t\t\t<div class=\"swiper-pagination\"><\/div>\n\t\t\t\t\t\t\t\t\t\t\t\t<\/div>\n\t\t\t\t<\/div>\n\t\t\t\t\t\t\t\t<\/div>\n\t\t\t\t<\/div>\n\t\t\t\t<\/div>\n\t\t\t\t<\/div>\n\t\t<div class=\"elementor-element elementor-element-740bf39 e-con-full e-flex e-con e-child\" data-id=\"740bf39\" data-element_type=\"container\" data-e-type=\"container\">\n\t\t<div class=\"elementor-element elementor-element-0da04ab e-con-full e-flex e-con e-child\" data-id=\"0da04ab\" data-element_type=\"container\" data-e-type=\"container\">\n\t\t\t\t<div class=\"elementor-element elementor-element-2aeacf1 elementor-widget elementor-widget-heading\" data-id=\"2aeacf1\" data-element_type=\"widget\" data-e-type=\"widget\" data-widget_type=\"heading.default\">\n\t\t\t\t<div class=\"elementor-widget-container\">\n\t\t\t\t\t<h2 class=\"elementor-heading-title elementor-size-default\">TECNOLOG\u00cdA QUE SE ADAPTA A TU PROYECTO<\/h2>\t\t\t\t<\/div>\n\t\t\t\t<\/div>\n\t\t\t\t<div class=\"elementor-element elementor-element-a516415 elementor-widget elementor-widget-text-editor\" data-id=\"a516415\" data-element_type=\"widget\" data-e-type=\"widget\" data-widget_type=\"text-editor.default\">\n\t\t\t\t<div class=\"elementor-widget-container\">\n\t\t\t\t\t\t\t\t\t<p data-start=\"43\" data-end=\"337\">Esta l\u00ednea es ideal para aplicaciones en interiores que requieren alta resoluci\u00f3n, ofreciendo una experiencia visual superior en detalle y nitidez. Con un rendimiento excepcional, se adapta f\u00e1cilmente a diferentes necesidades, garantizando calidad y diferenciaci\u00f3n en cada aplicaci\u00f3n en interiores.<\/p><p data-start=\"339\" data-end=\"364\"><strong>EJEMPLOS DE APLICACI\u00d3N:<\/strong><\/p><p data-start=\"366\" data-end=\"472\" data-is-last-node=\"\" data-is-only-node=\"\">\u2022 Varejo<br data-start=\"374\" data-end=\"377\" \/>\u2022 Residencial<br data-start=\"390\" data-end=\"393\" \/>\u2022 Corporativo<br data-start=\"406\" data-end=\"409\" \/>\u2022 Transmiss\u00f5es ao vivo<br data-start=\"431\" data-end=\"434\" \/>\u2022 Audit\u00f3rio<br data-start=\"445\" data-end=\"448\" \/>\u2022 Governamental e outros<\/p>\t\t\t\t\t\t\t\t<\/div>\n\t\t\t\t<\/div>\n\t\t\t\t<\/div>\n\t\t\t\t<\/div>\n\t\t\t\t<\/div>\n\t\t\t\t<\/div>","protected":false},"excerpt":{"rendered":"<p>Painel de LED &#8211; S\u00e9rie SV Leyard S\u00c9RIE SV &#8211; M\u00d3DULO DE LED INDOOR Os m\u00f3dulos de LED da s\u00e9rie SV da Leyard possuem componentes de alta qualidade, representam uma inova\u00e7\u00e3o not\u00e1vel no cen\u00e1rio de alta qualidade. Desenvolvido com precis\u00e3o de ponta, essa linha oferece uma experi\u00eancia visual impressionante. INFORMA\u00c7\u00d5ES T\u00c9CNICAS Desenvolvido em dist\u00e2ncias de [&hellip;]<\/p>","protected":false},"author":2,"featured_media":0,"parent":0,"menu_order":0,"comment_status":"closed","ping_status":"closed","template":"","meta":{"footnotes":""},"class_list":["post-2459","page","type-page","status-publish","hentry"],"_links":{"self":[{"href":"https:\/\/leyard.com.br\/esp\/wp-json\/wp\/v2\/pages\/2459","targetHints":{"allow":["GET"]}}],"collection":[{"href":"https:\/\/leyard.com.br\/esp\/wp-json\/wp\/v2\/pages"}],"about":[{"href":"https:\/\/leyard.com.br\/esp\/wp-json\/wp\/v2\/types\/page"}],"author":[{"embeddable":true,"href":"https:\/\/leyard.com.br\/esp\/wp-json\/wp\/v2\/users\/2"}],"replies":[{"embeddable":true,"href":"https:\/\/leyard.com.br\/esp\/wp-json\/wp\/v2\/comments?post=2459"}],"version-history":[{"count":29,"href":"https:\/\/leyard.com.br\/esp\/wp-json\/wp\/v2\/pages\/2459\/revisions"}],"predecessor-version":[{"id":5951,"href":"https:\/\/leyard.com.br\/esp\/wp-json\/wp\/v2\/pages\/2459\/revisions\/5951"}],"wp:attachment":[{"href":"https:\/\/leyard.com.br\/esp\/wp-json\/wp\/v2\/media?parent=2459"}],"curies":[{"name":"wp","href":"https:\/\/api.w.org\/{rel}","templated":true}]}}