{"id":5037,"date":"2025-12-02T11:06:55","date_gmt":"2025-12-02T14:06:55","guid":{"rendered":"https:\/\/leyard.com.br\/?page_id=5037"},"modified":"2026-03-18T10:18:27","modified_gmt":"2026-03-18T13:18:27","slug":"vtx-indoor","status":"publish","type":"page","link":"https:\/\/leyard.com.br\/esp\/vtx-indoor\/","title":{"rendered":"VTX Indoor"},"content":{"rendered":"<div data-elementor-type=\"wp-page\" data-elementor-id=\"5037\" class=\"elementor elementor-5037\" data-elementor-post-type=\"page\">\n\t\t\t\t<div class=\"elementor-element elementor-element-61c977a e-con-full e-flex e-con e-child\" data-id=\"61c977a\" data-element_type=\"container\" data-e-type=\"container\" data-settings=\"{&quot;background_background&quot;:&quot;classic&quot;}\">\n\t\t\t\t<div class=\"elementor-element elementor-element-1e82e83 elementor-widget elementor-widget-heading\" data-id=\"1e82e83\" data-element_type=\"widget\" data-e-type=\"widget\" data-widget_type=\"heading.default\">\n\t\t\t\t<div class=\"elementor-widget-container\">\n\t\t\t\t\t<h1 class=\"elementor-heading-title elementor-size-default\">Painel de LED - S\u00e9rie  VTX<\/h1>\t\t\t\t<\/div>\n\t\t\t\t<\/div>\n\t\t\t\t<\/div>\n\t\t<div class=\"elementor-element elementor-element-bd86117 e-con-full e-flex e-con e-parent\" data-id=\"bd86117\" data-element_type=\"container\" data-e-type=\"container\">\n\t\t<div class=\"elementor-element elementor-element-06af652 e-con-full e-flex e-con e-child\" data-id=\"06af652\" data-element_type=\"container\" data-e-type=\"container\">\n\t\t<div class=\"elementor-element elementor-element-750c59c e-con-full e-flex e-con e-child\" data-id=\"750c59c\" data-element_type=\"container\" data-e-type=\"container\">\n\t\t\t\t<div class=\"elementor-element elementor-element-0f14e38 elementor--h-position-center elementor--v-position-middle elementor-arrows-position-inside elementor-pagination-position-inside elementor-widget elementor-widget-slides\" data-id=\"0f14e38\" data-element_type=\"widget\" data-e-type=\"widget\" data-settings=\"{&quot;navigation&quot;:&quot;both&quot;,&quot;autoplay&quot;:&quot;yes&quot;,&quot;pause_on_hover&quot;:&quot;yes&quot;,&quot;pause_on_interaction&quot;:&quot;yes&quot;,&quot;autoplay_speed&quot;:5000,&quot;infinite&quot;:&quot;yes&quot;,&quot;transition&quot;:&quot;slide&quot;,&quot;transition_speed&quot;:500}\" data-widget_type=\"slides.default\">\n\t\t\t\t<div class=\"elementor-widget-container\">\n\t\t\t\t\t\t\t\t\t<div class=\"elementor-swiper\">\n\t\t\t\t\t<div class=\"elementor-slides-wrapper elementor-main-swiper swiper\" role=\"region\" aria-roledescription=\"carousel\" aria-label=\"Slides\" dir=\"ltr\" data-animation=\"fadeInUp\">\n\t\t\t\t<div class=\"swiper-wrapper elementor-slides\">\n\t\t\t\t\t\t\t\t\t\t<div class=\"elementor-repeater-item-5315a3e swiper-slide\" role=\"group\" aria-roledescription=\"slide\"><div class=\"swiper-slide-bg\" role=\"img\"><\/div><div class=\"swiper-slide-inner\" ><div class=\"swiper-slide-contents\"><\/div><\/div><\/div>\t\t\t\t<\/div>\n\t\t\t\t\t\t\t<\/div>\n\t\t\t\t<\/div>\n\t\t\t\t\t\t\t\t<\/div>\n\t\t\t\t<\/div>\n\t\t\t\t<\/div>\n\t\t\t\t<\/div>\n\t\t<div class=\"elementor-element elementor-element-54d5a3d e-con-full e-flex e-con e-child\" data-id=\"54d5a3d\" data-element_type=\"container\" data-e-type=\"container\">\n\t\t<div class=\"elementor-element elementor-element-9547f4a e-con-full e-flex e-con e-child\" data-id=\"9547f4a\" data-element_type=\"container\" data-e-type=\"container\">\n\t\t\t\t<div class=\"elementor-element elementor-element-b1d07aa elementor-widget elementor-widget-heading\" data-id=\"b1d07aa\" data-element_type=\"widget\" data-e-type=\"widget\" data-widget_type=\"heading.default\">\n\t\t\t\t<div class=\"elementor-widget-container\">\n\t\t\t\t\t<h2 class=\"elementor-heading-title elementor-size-default\">S\u00c9RIE VTX- GABINETE DE LED TRANSPARENTE INDOOR<\/h2>\t\t\t\t<\/div>\n\t\t\t\t<\/div>\n\t\t\t\t<div class=\"elementor-element elementor-element-14eefc6 elementor-widget elementor-widget-text-editor\" data-id=\"14eefc6\" data-element_type=\"widget\" data-e-type=\"widget\" data-widget_type=\"text-editor.default\">\n\t\t\t\t<div class=\"elementor-widget-container\">\n\t\t\t\t\t\t\t\t\t<p>A tecnologia VTX oferece mais estabilidade e qualidade para diferentes projetos, combinando uma estrutura leve e moderna que adiciona um visual clean aos ambientes. Seus componentes compactos garantem durabilidade e um desempenho consistente, enquanto a experi\u00eancia visual proporcionada \u00e9 mais n\u00edtida, transparente e envolvente.<\/p>\t\t\t\t\t\t\t\t<\/div>\n\t\t\t\t<\/div>\n\t\t\t\t<div class=\"elementor-element elementor-element-b8c28c3 elementor-widget elementor-widget-heading\" data-id=\"b8c28c3\" data-element_type=\"widget\" data-e-type=\"widget\" data-widget_type=\"heading.default\">\n\t\t\t\t<div class=\"elementor-widget-container\">\n\t\t\t\t\t<h2 class=\"elementor-heading-title elementor-size-default\">INFORMACI\u00d3N T\u00c9CNICA<\/h2>\t\t\t\t<\/div>\n\t\t\t\t<\/div>\n\t\t\t\t<div class=\"elementor-element elementor-element-0d8c974 elementor-widget elementor-widget-text-editor\" data-id=\"0d8c974\" data-element_type=\"widget\" data-e-type=\"widget\" data-widget_type=\"text-editor.default\">\n\t\t\t\t<div class=\"elementor-widget-container\">\n\t\t\t\t\t\t\t\t\t<ul>\n<li data-start=\"496\" data-end=\"626\"><strong data-start=\"630\" data-end=\"689\">Desenvolvido em variedade de dist\u00e2ncias de pixel pitch:<\/strong> p7.8, 3.9mm.<\/li>\n<li data-start=\"730\" data-end=\"822\">\n<p data-start=\"732\" data-end=\"822\"><strong data-start=\"732\" data-end=\"743\">Brilho:<\/strong> Brilho: 2000 a 4000 nits<\/p>\n<\/li>\n<li data-start=\"730\" data-end=\"822\">\n<p data-start=\"732\" data-end=\"822\"><strong data-start=\"826\" data-end=\"861\">Dimens\u00e3o do gabinete: <\/strong>1000 \u00d7 1000mm<br data-start=\"861\" data-end=\"864\"><\/p>\n<\/li>\n<li data-start=\"1058\" data-end=\"1103\">\n<p data-start=\"1060\" data-end=\"1103\"><strong data-start=\"1060\" data-end=\"1084\">Taxa de atualiza\u00e7\u00e3o:<\/strong> \u22651920Hz<\/p>\n<\/li>\n<li data-start=\"1058\" data-end=\"1103\">\n<p data-start=\"1060\" data-end=\"1103\">Manuten\u00e7\u00e3o f\u00e1cil e r\u00e1pida<\/p>\n<\/li>\n<\/ul>\t\t\t\t\t\t\t\t<\/div>\n\t\t\t\t<\/div>\n\t\t\t\t<div class=\"elementor-element elementor-element-17920d4 elementor-widget elementor-widget-text-editor\" data-id=\"17920d4\" data-element_type=\"widget\" data-e-type=\"widget\" data-widget_type=\"text-editor.default\">\n\t\t\t\t<div class=\"elementor-widget-container\">\n\t\t\t\t\t\t\t\t\t<p>*A disponibilidade de pixel pitch no estoque Brasil, bem como as informa\u00e7\u00f5es t\u00e9cnicas dos produtos \u00e0 pronta entrega, est\u00e3o sujeitas a altera\u00e7\u00f5es conforme disponibilidade de estoque. Recomendamos consultar um de nossos consultores para verificar as op\u00e7\u00f5es dispon\u00edveis.<\/p>\t\t\t\t\t\t\t\t<\/div>\n\t\t\t\t<\/div>\n\t\t\t\t<div class=\"elementor-element elementor-element-1e24a80 elementor-widget elementor-widget-button\" data-id=\"1e24a80\" data-element_type=\"widget\" data-e-type=\"widget\" data-widget_type=\"button.default\">\n\t\t\t\t<div class=\"elementor-widget-container\">\n\t\t\t\t\t\t\t\t\t<div class=\"elementor-button-wrapper\">\n\t\t\t\t\t<a class=\"elementor-button elementor-button-link elementor-size-sm\" href=\"\">\n\t\t\t\t\t\t<span class=\"elementor-button-content-wrapper\">\n\t\t\t\t\t\t\t\t\t<span class=\"elementor-button-text\">Baixar Datasheet<\/span>\n\t\t\t\t\t<\/span>\n\t\t\t\t\t<\/a>\n\t\t\t\t<\/div>\n\t\t\t\t\t\t\t\t<\/div>\n\t\t\t\t<\/div>\n\t\t\t\t<\/div>\n\t\t\t\t<\/div>\n\t\t\t\t<\/div>\n\t\t<div class=\"elementor-element elementor-element-ff6e149 e-con-full e-flex e-con e-parent\" data-id=\"ff6e149\" data-element_type=\"container\" data-e-type=\"container\">\n\t\t<div class=\"elementor-element elementor-element-046bc61 e-con-full e-flex e-con e-child\" data-id=\"046bc61\" data-element_type=\"container\" data-e-type=\"container\">\n\t\t<div class=\"elementor-element elementor-element-07be71f e-con-full e-flex e-con e-child\" data-id=\"07be71f\" data-element_type=\"container\" data-e-type=\"container\">\n\t\t\t\t<div class=\"elementor-element elementor-element-c063850 elementor-widget elementor-widget-heading\" data-id=\"c063850\" data-element_type=\"widget\" data-e-type=\"widget\" data-widget_type=\"heading.default\">\n\t\t\t\t<div class=\"elementor-widget-container\">\n\t\t\t\t\t<h2 class=\"elementor-heading-title elementor-size-default\">TRANSPAR\u00caNCIA QUE SE MOLDA A QUALQUER IDEIA<\/h2>\t\t\t\t<\/div>\n\t\t\t\t<\/div>\n\t\t\t\t<div class=\"elementor-element elementor-element-619aee0 elementor-widget elementor-widget-text-editor\" data-id=\"619aee0\" data-element_type=\"widget\" data-e-type=\"widget\" data-widget_type=\"text-editor.default\">\n\t\t\t\t<div class=\"elementor-widget-container\">\n\t\t\t\t\t\t\t\t\t<p>A tecnologia VTX oferece mais estabilidade e qualidade para diferentes projetos, combinando uma estrutura leve e moderna que adiciona um visual clean aos ambientes. Seus componentes compactos garantem durabilidade e um desempenho consistente, enquanto a experi\u00eancia visual proporcionada \u00e9 mais n\u00edtida, transparente e envolvente.<\/p>\t\t\t\t\t\t\t\t<\/div>\n\t\t\t\t<\/div>\n\t\t\t\t<\/div>\n\t\t\t\t<\/div>\n\t\t<div class=\"elementor-element elementor-element-e583d52 e-con-full e-flex e-con e-child\" data-id=\"e583d52\" data-element_type=\"container\" data-e-type=\"container\">\n\t\t<div class=\"elementor-element elementor-element-a123fe6 e-con-full e-flex e-con e-child\" data-id=\"a123fe6\" data-element_type=\"container\" data-e-type=\"container\">\n\t\t\t\t<div class=\"elementor-element elementor-element-1ae88f4 elementor--h-position-center elementor--v-position-middle elementor-arrows-position-inside elementor-pagination-position-inside elementor-widget elementor-widget-slides\" data-id=\"1ae88f4\" data-element_type=\"widget\" data-e-type=\"widget\" data-settings=\"{&quot;navigation&quot;:&quot;both&quot;,&quot;autoplay&quot;:&quot;yes&quot;,&quot;pause_on_hover&quot;:&quot;yes&quot;,&quot;pause_on_interaction&quot;:&quot;yes&quot;,&quot;autoplay_speed&quot;:5000,&quot;infinite&quot;:&quot;yes&quot;,&quot;transition&quot;:&quot;slide&quot;,&quot;transition_speed&quot;:500}\" data-widget_type=\"slides.default\">\n\t\t\t\t<div class=\"elementor-widget-container\">\n\t\t\t\t\t\t\t\t\t<div class=\"elementor-swiper\">\n\t\t\t\t\t<div class=\"elementor-slides-wrapper elementor-main-swiper swiper\" role=\"region\" aria-roledescription=\"carousel\" aria-label=\"Slides\" dir=\"ltr\" data-animation=\"fadeInUp\">\n\t\t\t\t<div class=\"swiper-wrapper elementor-slides\">\n\t\t\t\t\t\t\t\t\t\t<div class=\"elementor-repeater-item-fdcd9b3 swiper-slide\" role=\"group\" aria-roledescription=\"slide\"><div class=\"swiper-slide-bg\" role=\"img\"><\/div><div class=\"swiper-slide-inner\" ><div class=\"swiper-slide-contents\"><\/div><\/div><\/div>\t\t\t\t<\/div>\n\t\t\t\t\t\t\t<\/div>\n\t\t\t\t<\/div>\n\t\t\t\t\t\t\t\t<\/div>\n\t\t\t\t<\/div>\n\t\t\t\t<\/div>\n\t\t\t\t<\/div>\n\t\t\t\t<\/div>\n\t\t<div class=\"elementor-element elementor-element-5870c37 e-con-full e-flex e-con e-parent\" data-id=\"5870c37\" data-element_type=\"container\" data-e-type=\"container\">\n\t\t<div class=\"elementor-element elementor-element-575a551 e-con-full e-flex e-con e-child\" data-id=\"575a551\" data-element_type=\"container\" data-e-type=\"container\">\n\t\t<div class=\"elementor-element elementor-element-8eba5d0 e-con-full e-flex e-con e-child\" data-id=\"8eba5d0\" data-element_type=\"container\" data-e-type=\"container\">\n\t\t\t\t<div class=\"elementor-element elementor-element-1177ef2 elementor--h-position-center elementor--v-position-middle elementor-arrows-position-inside elementor-pagination-position-inside elementor-widget elementor-widget-slides\" data-id=\"1177ef2\" data-element_type=\"widget\" data-e-type=\"widget\" data-settings=\"{&quot;navigation&quot;:&quot;both&quot;,&quot;autoplay&quot;:&quot;yes&quot;,&quot;pause_on_hover&quot;:&quot;yes&quot;,&quot;pause_on_interaction&quot;:&quot;yes&quot;,&quot;autoplay_speed&quot;:5000,&quot;infinite&quot;:&quot;yes&quot;,&quot;transition&quot;:&quot;slide&quot;,&quot;transition_speed&quot;:500}\" data-widget_type=\"slides.default\">\n\t\t\t\t<div class=\"elementor-widget-container\">\n\t\t\t\t\t\t\t\t\t<div class=\"elementor-swiper\">\n\t\t\t\t\t<div class=\"elementor-slides-wrapper elementor-main-swiper swiper\" role=\"region\" aria-roledescription=\"carousel\" aria-label=\"Slides\" dir=\"ltr\" data-animation=\"fadeInUp\">\n\t\t\t\t<div class=\"swiper-wrapper elementor-slides\">\n\t\t\t\t\t\t\t\t\t\t<div class=\"elementor-repeater-item-ebbcc4e swiper-slide\" role=\"group\" aria-roledescription=\"slide\"><div class=\"swiper-slide-bg\" role=\"img\"><\/div><div class=\"swiper-slide-inner\" ><div class=\"swiper-slide-contents\"><\/div><\/div><\/div><div class=\"elementor-repeater-item-0293ebf swiper-slide\" role=\"group\" aria-roledescription=\"slide\"><div class=\"swiper-slide-bg\" role=\"img\"><\/div><div class=\"swiper-slide-inner\" ><div class=\"swiper-slide-contents\"><\/div><\/div><\/div><div class=\"elementor-repeater-item-9cd400e swiper-slide\" role=\"group\" aria-roledescription=\"slide\"><div class=\"swiper-slide-bg\" role=\"img\"><\/div><div class=\"swiper-slide-inner\" ><div class=\"swiper-slide-contents\"><\/div><\/div><\/div>\t\t\t\t<\/div>\n\t\t\t\t\t\t\t\t\t\t\t\t\t\t\t<div class=\"elementor-swiper-button elementor-swiper-button-prev\" role=\"button\" tabindex=\"0\" aria-label=\"Diapositiva anterior\">\n\t\t\t\t\t\t\t<svg aria-hidden=\"true\" class=\"e-font-icon-svg e-eicon-chevron-left\" viewbox=\"0 0 1000 1000\" xmlns=\"http:\/\/www.w3.org\/2000\/svg\"><path d=\"M646 125C629 125 613 133 604 142L308 442C296 454 292 471 292 487 292 504 296 521 308 533L604 854C617 867 629 875 646 875 663 875 679 871 692 858 704 846 713 829 713 812 713 796 708 779 692 767L438 487 692 225C700 217 708 204 708 187 708 171 704 154 692 142 675 129 663 125 646 125Z\"><\/path><\/svg>\t\t\t\t\t\t<\/div>\n\t\t\t\t\t\t<div class=\"elementor-swiper-button elementor-swiper-button-next\" role=\"button\" tabindex=\"0\" aria-label=\"Diapositiva siguiente\">\n\t\t\t\t\t\t\t<svg aria-hidden=\"true\" class=\"e-font-icon-svg e-eicon-chevron-right\" viewbox=\"0 0 1000 1000\" xmlns=\"http:\/\/www.w3.org\/2000\/svg\"><path d=\"M696 533C708 521 713 504 713 487 713 471 708 454 696 446L400 146C388 133 375 125 354 125 338 125 325 129 313 142 300 154 292 171 292 187 292 204 296 221 308 233L563 492 304 771C292 783 288 800 288 817 288 833 296 850 308 863 321 871 338 875 354 875 371 875 388 867 400 854L696 533Z\"><\/path><\/svg>\t\t\t\t\t\t<\/div>\n\t\t\t\t\t\t\t\t\t\t\t\t\t\t\t\t<div class=\"swiper-pagination\"><\/div>\n\t\t\t\t\t\t\t\t\t\t\t\t<\/div>\n\t\t\t\t<\/div>\n\t\t\t\t\t\t\t\t<\/div>\n\t\t\t\t<\/div>\n\t\t\t\t<\/div>\n\t\t\t\t<\/div>\n\t\t<div class=\"elementor-element elementor-element-75b1d0e e-con-full e-flex e-con e-child\" data-id=\"75b1d0e\" data-element_type=\"container\" data-e-type=\"container\">\n\t\t<div class=\"elementor-element elementor-element-938322d e-con-full e-flex e-con e-child\" data-id=\"938322d\" data-element_type=\"container\" data-e-type=\"container\">\n\t\t\t\t<div class=\"elementor-element elementor-element-8a2612a elementor-widget elementor-widget-heading\" data-id=\"8a2612a\" data-element_type=\"widget\" data-e-type=\"widget\" data-widget_type=\"heading.default\">\n\t\t\t\t<div class=\"elementor-widget-container\">\n\t\t\t\t\t<h2 class=\"elementor-heading-title elementor-size-default\">LEVEZA E INTEGRA\u00c7\u00c3O EST\u00c9TICA<\/h2>\t\t\t\t<\/div>\n\t\t\t\t<\/div>\n\t\t\t\t<div class=\"elementor-element elementor-element-8f9d471 elementor-widget elementor-widget-text-editor\" data-id=\"8f9d471\" data-element_type=\"widget\" data-e-type=\"widget\" data-widget_type=\"text-editor.default\">\n\t\t\t\t<div class=\"elementor-widget-container\">\n\t\t\t\t\t\t\t\t\t<p><span style=\"font-family: 'Arial',sans-serif;\">A tela de LED transparente VTX \u00e9 ideal para projetos que exigem inova\u00e7\u00e3o, leveza e integra\u00e7\u00e3o est\u00e9tica. Com estrutura ultrafina, flex\u00edvel e altamente transparente, pode ser aplicada diretamente sobre superf\u00edcies de vidro, sem interferir na ilumina\u00e7\u00e3o natural ou no design original.<\/span><\/p><p><strong>EJEMPLOS DE APLICACI\u00d3N:<\/strong><\/p><ul><li>Vitrines de lojas e shoppings<\/li><li>Fachadas<\/li><li>Corporativo<\/li><li>Educativo<\/li><li>Espa\u00e7os Urbanos<\/li><li>Criativos<\/li><li>Y mucho m\u00e1s<\/li><\/ul>\t\t\t\t\t\t\t\t<\/div>\n\t\t\t\t<\/div>\n\t\t\t\t<\/div>\n\t\t\t\t<\/div>\n\t\t\t\t<\/div>\n\t\t\t\t<\/div>","protected":false},"excerpt":{"rendered":"<p>Painel de LED &#8211; S\u00e9rie VTX S\u00c9RIE VTX- GABINETE DE LED TRANSPARENTE INDOOR A tecnologia VTX oferece mais estabilidade e qualidade para diferentes projetos, combinando uma estrutura leve e moderna que adiciona um visual clean aos ambientes. Seus componentes compactos garantem durabilidade e um desempenho consistente, enquanto a experi\u00eancia visual proporcionada \u00e9 mais n\u00edtida, transparente [&hellip;]<\/p>","protected":false},"author":4,"featured_media":0,"parent":0,"menu_order":0,"comment_status":"closed","ping_status":"closed","template":"","meta":{"footnotes":""},"class_list":["post-5037","page","type-page","status-publish","hentry"],"_links":{"self":[{"href":"https:\/\/leyard.com.br\/esp\/wp-json\/wp\/v2\/pages\/5037","targetHints":{"allow":["GET"]}}],"collection":[{"href":"https:\/\/leyard.com.br\/esp\/wp-json\/wp\/v2\/pages"}],"about":[{"href":"https:\/\/leyard.com.br\/esp\/wp-json\/wp\/v2\/types\/page"}],"author":[{"embeddable":true,"href":"https:\/\/leyard.com.br\/esp\/wp-json\/wp\/v2\/users\/4"}],"replies":[{"embeddable":true,"href":"https:\/\/leyard.com.br\/esp\/wp-json\/wp\/v2\/comments?post=5037"}],"version-history":[{"count":14,"href":"https:\/\/leyard.com.br\/esp\/wp-json\/wp\/v2\/pages\/5037\/revisions"}],"predecessor-version":[{"id":5938,"href":"https:\/\/leyard.com.br\/esp\/wp-json\/wp\/v2\/pages\/5037\/revisions\/5938"}],"wp:attachment":[{"href":"https:\/\/leyard.com.br\/esp\/wp-json\/wp\/v2\/media?parent=5037"}],"curies":[{"name":"wp","href":"https:\/\/api.w.org\/{rel}","templated":true}]}}