{"id":5970,"date":"2026-03-19T15:45:22","date_gmt":"2026-03-19T18:45:22","guid":{"rendered":"https:\/\/leyard.com.br\/?page_id=5970"},"modified":"2026-03-19T15:58:46","modified_gmt":"2026-03-19T18:58:46","slug":"paineis-de-led-no-brasil","status":"publish","type":"page","link":"https:\/\/leyard.com.br\/esp\/paineis-de-led-no-brasil\/","title":{"rendered":"PAIN\u00c9IS DE LED NO BRASIL"},"content":{"rendered":"<div data-elementor-type=\"wp-page\" data-elementor-id=\"5970\" class=\"elementor elementor-5970\" data-elementor-post-type=\"page\">\n\t\t\t\t<div class=\"elementor-element elementor-element-848a3f9 e-con-full e-flex e-con e-child\" data-id=\"848a3f9\" data-element_type=\"container\" data-e-type=\"container\" data-settings=\"{&quot;background_background&quot;:&quot;classic&quot;}\">\n\t\t\t\t<div class=\"elementor-element elementor-element-1d89869 elementor-widget__width-initial elementor-widget-mobile__width-initial elementor-widget elementor-widget-heading\" data-id=\"1d89869\" data-element_type=\"widget\" data-e-type=\"widget\" data-widget_type=\"heading.default\">\n\t\t\t\t<div class=\"elementor-widget-container\">\n\t\t\t\t\t<h1 class=\"elementor-heading-title elementor-size-default\">Pain\u00e9is de LED no Brasil <\/h1>\t\t\t\t<\/div>\n\t\t\t\t<\/div>\n\t\t\t\t<\/div>\n\t\t<div class=\"elementor-element elementor-element-077df5b e-grid e-con-boxed e-con e-parent\" data-id=\"077df5b\" data-element_type=\"container\" data-e-type=\"container\">\n\t\t\t\t\t<div class=\"e-con-inner\">\n\t\t\t\t<div class=\"elementor-element elementor-element-087e4ea elementor-widget elementor-widget-image\" data-id=\"087e4ea\" data-element_type=\"widget\" data-e-type=\"widget\" data-widget_type=\"image.default\">\n\t\t\t\t<div class=\"elementor-widget-container\">\n\t\t\t\t\t\t\t\t\t\t\t\t\t\t\t<img fetchpriority=\"high\" decoding=\"async\" width=\"800\" height=\"534\" src=\"https:\/\/leyard.com.br\/wp-content\/uploads\/2026\/02\/32259812992_b0b04a0f6a_o-1-1024x683.jpg\" class=\"attachment-large size-large wp-image-5288\" alt=\"Painel de LED em postos de gasolina Leyard\" srcset=\"https:\/\/leyard.com.br\/wp-content\/uploads\/2026\/02\/32259812992_b0b04a0f6a_o-1-1024x683.jpg 1024w, https:\/\/leyard.com.br\/wp-content\/uploads\/2026\/02\/32259812992_b0b04a0f6a_o-1-300x200.jpg 300w, https:\/\/leyard.com.br\/wp-content\/uploads\/2026\/02\/32259812992_b0b04a0f6a_o-1-768x512.jpg 768w, https:\/\/leyard.com.br\/wp-content\/uploads\/2026\/02\/32259812992_b0b04a0f6a_o-1-1536x1024.jpg 1536w, https:\/\/leyard.com.br\/wp-content\/uploads\/2026\/02\/32259812992_b0b04a0f6a_o-1-2048x1365.jpg 2048w, https:\/\/leyard.com.br\/wp-content\/uploads\/2026\/02\/32259812992_b0b04a0f6a_o-1-18x12.jpg 18w, https:\/\/leyard.com.br\/wp-content\/uploads\/2026\/02\/32259812992_b0b04a0f6a_o-1-600x400.jpg 600w\" sizes=\"(max-width: 800px) 100vw, 800px\" \/>\t\t\t\t\t\t\t\t\t\t\t\t\t\t\t<\/div>\n\t\t\t\t<\/div>\n\t\t\t\t<div class=\"elementor-element elementor-element-4656fb9 elementor-widget elementor-widget-image\" data-id=\"4656fb9\" data-element_type=\"widget\" data-e-type=\"widget\" data-widget_type=\"image.default\">\n\t\t\t\t<div class=\"elementor-widget-container\">\n\t\t\t\t\t\t\t\t\t\t\t\t\t\t\t<img decoding=\"async\" width=\"800\" height=\"600\" src=\"https:\/\/leyard.com.br\/wp-content\/uploads\/2026\/02\/Case-BOTICARIO-Morumbi-1.jpg\" class=\"attachment-large size-large wp-image-5282\" alt=\"Painel de LED Varejo\" srcset=\"https:\/\/leyard.com.br\/wp-content\/uploads\/2026\/02\/Case-BOTICARIO-Morumbi-1.jpg 800w, https:\/\/leyard.com.br\/wp-content\/uploads\/2026\/02\/Case-BOTICARIO-Morumbi-1-300x225.jpg 300w, https:\/\/leyard.com.br\/wp-content\/uploads\/2026\/02\/Case-BOTICARIO-Morumbi-1-768x576.jpg 768w, https:\/\/leyard.com.br\/wp-content\/uploads\/2026\/02\/Case-BOTICARIO-Morumbi-1-16x12.jpg 16w, https:\/\/leyard.com.br\/wp-content\/uploads\/2026\/02\/Case-BOTICARIO-Morumbi-1-600x450.jpg 600w\" sizes=\"(max-width: 800px) 100vw, 800px\" \/>\t\t\t\t\t\t\t\t\t\t\t\t\t\t\t<\/div>\n\t\t\t\t<\/div>\n\t\t\t\t<div class=\"elementor-element elementor-element-03fdb58 elementor-widget elementor-widget-image\" data-id=\"03fdb58\" data-element_type=\"widget\" data-e-type=\"widget\" data-widget_type=\"image.default\">\n\t\t\t\t<div class=\"elementor-widget-container\">\n\t\t\t\t\t\t\t\t\t\t\t\t\t\t\t<img decoding=\"async\" width=\"800\" height=\"534\" src=\"https:\/\/leyard.com.br\/wp-content\/uploads\/2025\/10\/DISNEY-PAINEL-BARRA-2-1024x683.jpg\" class=\"attachment-large size-large wp-image-4620\" alt=\"EMPENA 3D LED LEYARD\" srcset=\"https:\/\/leyard.com.br\/wp-content\/uploads\/2025\/10\/DISNEY-PAINEL-BARRA-2-1024x683.jpg 1024w, https:\/\/leyard.com.br\/wp-content\/uploads\/2025\/10\/DISNEY-PAINEL-BARRA-2-300x200.jpg 300w, https:\/\/leyard.com.br\/wp-content\/uploads\/2025\/10\/DISNEY-PAINEL-BARRA-2-768x512.jpg 768w, https:\/\/leyard.com.br\/wp-content\/uploads\/2025\/10\/DISNEY-PAINEL-BARRA-2-1536x1024.jpg 1536w, https:\/\/leyard.com.br\/wp-content\/uploads\/2025\/10\/DISNEY-PAINEL-BARRA-2-2048x1365.jpg 2048w, https:\/\/leyard.com.br\/wp-content\/uploads\/2025\/10\/DISNEY-PAINEL-BARRA-2-18x12.jpg 18w, https:\/\/leyard.com.br\/wp-content\/uploads\/2025\/10\/DISNEY-PAINEL-BARRA-2-600x400.jpg 600w\" sizes=\"(max-width: 800px) 100vw, 800px\" \/>\t\t\t\t\t\t\t\t\t\t\t\t\t\t\t<\/div>\n\t\t\t\t<\/div>\n\t\t\t\t\t<\/div>\n\t\t\t\t<\/div>\n\t\t<div class=\"elementor-element elementor-element-adb9813 e-flex e-con-boxed e-con e-parent\" data-id=\"adb9813\" data-element_type=\"container\" data-e-type=\"container\">\n\t\t\t\t\t<div class=\"e-con-inner\">\n\t\t<div class=\"elementor-element elementor-element-6c7285f e-con-full e-flex e-con e-child\" data-id=\"6c7285f\" data-element_type=\"container\" data-e-type=\"container\">\n\t\t\t\t<div class=\"elementor-element elementor-element-a036ac3 elementor-widget elementor-widget-text-editor\" data-id=\"a036ac3\" data-element_type=\"widget\" data-e-type=\"widget\" data-widget_type=\"text-editor.default\">\n\t\t\t\t<div class=\"elementor-widget-container\">\n\t\t\t\t\t\t\t\t\t<p data-start=\"42\" data-end=\"70\"><b style=\"font-size: 1rem;\">PAIN\u00c9IS DE LED NO BRASIL<\/b><\/p><p>Os pain\u00e9is de LED no Brasil v\u00eam se consolidando como uma solu\u00e7\u00e3o essencial para projetos de comunica\u00e7\u00e3o visual que buscam impacto, moderniza\u00e7\u00e3o e efici\u00eancia. Utilizados em diversos segmentos, esses pain\u00e9is oferecem alta qualidade de imagem, flexibilidade de aplica\u00e7\u00e3o e excelente desempenho.<\/p><p>A crescente demanda por pain\u00e9is de LED no Brasil est\u00e1 diretamente relacionada \u00e0 necessidade de experi\u00eancias visuais mais din\u00e2micas e envolventes. Empresas de diferentes setores t\u00eam investido nessa tecnologia para fortalecer sua presen\u00e7a e melhorar a comunica\u00e7\u00e3o com o p\u00fablico.<\/p><p>\u00a0<\/p><p><b>DIFERENCIAIS DOS PAIN\u00c9IS DE LED NO BRASIL<\/b><\/p><p>Os pain\u00e9is de LED no Brasil se destacam por oferecer benef\u00edcios que v\u00e3o al\u00e9m da qualidade visual. Entre os principais diferenciais, est\u00e3o a durabilidade, a efici\u00eancia energ\u00e9tica e a versatilidade de uso em diferentes ambientes e formatos.<\/p><p>Al\u00e9m disso, contar com uma empresa especializada em pain\u00e9is de LED no Brasil garante solu\u00e7\u00f5es personalizadas, adaptadas \u00e0s necessidades de cada projeto e com suporte t\u00e9cnico adequado.<\/p><p>\u00a0<\/p><p><b>APLICA\u00c7\u00d5ES DOS PAIN\u00c9IS DE LED NO BRASIL<\/b><\/p><p>Entre as principais aplica\u00e7\u00f5es dos pain\u00e9is de LED no Brasil, destacam-se:<\/p><ul><li>Ambientes corporativos: para comunica\u00e7\u00e3o interna e apresenta\u00e7\u00f5es;<\/li><li>Varejo: para valoriza\u00e7\u00e3o de produtos e experi\u00eancias visuais;<\/li><li>Espa\u00e7os urbanos: em projetos de m\u00eddia OOH e DOOH;<\/li><li>Eventos: para cenografia digital e transmiss\u00f5es ao vivo.<\/li><\/ul><p>Essas aplica\u00e7\u00f5es refor\u00e7am a versatilidade dos pain\u00e9is de LED no Brasil e sua import\u00e2ncia na transforma\u00e7\u00e3o de diferentes ambientes.<\/p><p>\u00a0<\/p><p><b>\u00a0<\/b><b style=\"font-size: 1rem;\">TECNOLOGIA LED NO MERCADO BRASILEIRO<\/b><\/p><p>A tecnologia LED no Brasil continua em expans\u00e3o, impulsionada pela busca por solu\u00e7\u00f5es mais modernas e eficientes. Os pain\u00e9is de LED acompanham essa evolu\u00e7\u00e3o, oferecendo cada vez mais recursos e possibilidades de aplica\u00e7\u00e3o.<\/p><p>Nesse contexto, a Leyard atua como refer\u00eancia em pain\u00e9is de LED no Brasil, desenvolvendo solu\u00e7\u00f5es que combinam inova\u00e7\u00e3o, qualidade e desempenho para diferentes tipos de projetos e aplica\u00e7\u00f5es.<\/p><p>\u00a0<\/p><div style=\"-webkit-user-drag: none; -webkit-tap-highlight-color: transparent; margin: 0px; padding: 0px; user-select: text; color: #000000; font-family: 'Segoe UI', 'Segoe UI Web', Arial, Verdana, sans-serif; font-size: 12px;\"><div style=\"-webkit-user-drag: none; -webkit-tap-highlight-color: transparent; margin: 0px; padding: 0px; user-select: text; clear: both; cursor: text; overflow: visible; position: relative; direction: ltr;\"><div style=\"-webkit-user-drag: none; -webkit-tap-highlight-color: transparent; margin: 0px; padding: 0px; user-select: text;\"><div style=\"-webkit-user-drag: none; -webkit-tap-highlight-color: transparent; margin: 0px; padding: 0px; user-select: text; clear: both; cursor: text; overflow: visible; position: relative; direction: ltr;\">\u00a0<\/div><\/div><div style=\"-webkit-user-drag: none; -webkit-tap-highlight-color: transparent; margin: 0px; padding: 0px; user-select: text;\"><div style=\"-webkit-user-drag: none; -webkit-tap-highlight-color: transparent; margin: 0px; padding: 0px; user-select: text; clear: both; cursor: text; overflow: visible; position: relative; direction: ltr;\">\u00a0<\/div><\/div><\/div><\/div>\t\t\t\t\t\t\t\t<\/div>\n\t\t\t\t<\/div>\n\t\t\t\t<\/div>\n\t\t\t\t\t<\/div>\n\t\t\t\t<\/div>\n\t\t\t\t<\/div>","protected":false},"excerpt":{"rendered":"<p>Pain\u00e9is de LED no Brasil PAIN\u00c9IS DE LED NO BRASIL Os pain\u00e9is de LED no Brasil v\u00eam se consolidando como uma solu\u00e7\u00e3o essencial para projetos de comunica\u00e7\u00e3o visual que buscam impacto, moderniza\u00e7\u00e3o e efici\u00eancia. Utilizados em diversos segmentos, esses pain\u00e9is oferecem alta qualidade de imagem, flexibilidade de aplica\u00e7\u00e3o e excelente desempenho. A crescente demanda por [&hellip;]<\/p>","protected":false},"author":4,"featured_media":0,"parent":0,"menu_order":0,"comment_status":"closed","ping_status":"closed","template":"","meta":{"footnotes":""},"class_list":["post-5970","page","type-page","status-publish","hentry"],"_links":{"self":[{"href":"https:\/\/leyard.com.br\/esp\/wp-json\/wp\/v2\/pages\/5970","targetHints":{"allow":["GET"]}}],"collection":[{"href":"https:\/\/leyard.com.br\/esp\/wp-json\/wp\/v2\/pages"}],"about":[{"href":"https:\/\/leyard.com.br\/esp\/wp-json\/wp\/v2\/types\/page"}],"author":[{"embeddable":true,"href":"https:\/\/leyard.com.br\/esp\/wp-json\/wp\/v2\/users\/4"}],"replies":[{"embeddable":true,"href":"https:\/\/leyard.com.br\/esp\/wp-json\/wp\/v2\/comments?post=5970"}],"version-history":[{"count":5,"href":"https:\/\/leyard.com.br\/esp\/wp-json\/wp\/v2\/pages\/5970\/revisions"}],"predecessor-version":[{"id":5978,"href":"https:\/\/leyard.com.br\/esp\/wp-json\/wp\/v2\/pages\/5970\/revisions\/5978"}],"wp:attachment":[{"href":"https:\/\/leyard.com.br\/esp\/wp-json\/wp\/v2\/media?parent=5970"}],"curies":[{"name":"wp","href":"https:\/\/api.w.org\/{rel}","templated":true}]}}