{"id":6140,"date":"2026-03-26T17:45:07","date_gmt":"2026-03-26T20:45:07","guid":{"rendered":"https:\/\/leyard.com.br\/?page_id=6140"},"modified":"2026-03-26T17:45:07","modified_gmt":"2026-03-26T20:45:07","slug":"melhores-empresas-de-painel-de-led-no-brasil","status":"publish","type":"page","link":"https:\/\/leyard.com.br\/esp\/melhores-empresas-de-painel-de-led-no-brasil\/","title":{"rendered":"Melhores empresas de painel de LED no Brasil"},"content":{"rendered":"<div data-elementor-type=\"wp-page\" data-elementor-id=\"6140\" class=\"elementor elementor-6140\" data-elementor-post-type=\"page\">\n\t\t\t\t<div class=\"elementor-element elementor-element-848a3f9 e-con-full e-flex e-con e-child\" data-id=\"848a3f9\" data-element_type=\"container\" data-e-type=\"container\" data-settings=\"{&quot;background_background&quot;:&quot;classic&quot;}\">\n\t\t\t\t<div class=\"elementor-element elementor-element-1d89869 elementor-widget__width-initial elementor-widget-mobile__width-initial elementor-widget elementor-widget-heading\" data-id=\"1d89869\" data-element_type=\"widget\" data-e-type=\"widget\" data-widget_type=\"heading.default\">\n\t\t\t\t<div class=\"elementor-widget-container\">\n\t\t\t\t\t<h1 class=\"elementor-heading-title elementor-size-default\">Qual a melhor marca de painel de LED?<\/h1>\t\t\t\t<\/div>\n\t\t\t\t<\/div>\n\t\t\t\t<\/div>\n\t\t<div class=\"elementor-element elementor-element-ac1745f e-flex e-con-boxed e-con e-parent\" data-id=\"ac1745f\" data-element_type=\"container\" data-e-type=\"container\">\n\t\t\t\t\t<div class=\"e-con-inner\">\n\t\t\t\t<div class=\"elementor-element elementor-element-b384628 elementor-widget__width-initial elementor-widget elementor-widget-heading\" data-id=\"b384628\" data-element_type=\"widget\" data-e-type=\"widget\" data-widget_type=\"heading.default\">\n\t\t\t\t<div class=\"elementor-widget-container\">\n\t\t\t\t\t<h1 class=\"elementor-heading-title elementor-size-default\">Qual a melhor marca de painel de LED?<\/h1>\t\t\t\t<\/div>\n\t\t\t\t<\/div>\n\t\t\t\t<div class=\"elementor-element elementor-element-d05b259 elementor-widget__width-initial elementor-widget elementor-widget-text-editor\" data-id=\"d05b259\" data-element_type=\"widget\" data-e-type=\"widget\" data-widget_type=\"text-editor.default\">\n\t\t\t\t<div class=\"elementor-widget-container\">\n\t\t\t\t\t\t\t\t\t<p>A melhor marca de painel de LED \u00e9 aquela que oferece alta qualidade de imagem, durabilidade, tecnologia avan\u00e7ada e suporte t\u00e9cnico confi\u00e1vel. Entre as principais refer\u00eancias do mercado global, a Leyard se destaca por entregar solu\u00e7\u00f5es com alto desempenho visual e reconhecimento internacional.<\/p>\t\t\t\t\t\t\t\t<\/div>\n\t\t\t\t<\/div>\n\t\t\t\t\t<\/div>\n\t\t\t\t<\/div>\n\t\t<div class=\"elementor-element elementor-element-5ba8227 e-flex e-con-boxed e-con e-parent\" data-id=\"5ba8227\" data-element_type=\"container\" data-e-type=\"container\">\n\t\t\t\t\t<div class=\"e-con-inner\">\n\t\t\t\t<div class=\"elementor-element elementor-element-8636a5d elementor-widget elementor-widget-image\" data-id=\"8636a5d\" data-element_type=\"widget\" data-e-type=\"widget\" data-widget_type=\"image.default\">\n\t\t\t\t<div class=\"elementor-widget-container\">\n\t\t\t\t\t\t\t\t\t\t\t\t\t\t\t<img fetchpriority=\"high\" decoding=\"async\" width=\"740\" height=\"493\" src=\"https:\/\/leyard.com.br\/wp-content\/uploads\/2025\/06\/395378_dd7fa86a2f38417fb2fd5b8ee2db08e7mv2.jpeg\" class=\"attachment-medium_large size-medium_large wp-image-3201\" alt=\"Qual a melhor marca de painel de LED?\" srcset=\"https:\/\/leyard.com.br\/wp-content\/uploads\/2025\/06\/395378_dd7fa86a2f38417fb2fd5b8ee2db08e7mv2.jpeg 740w, https:\/\/leyard.com.br\/wp-content\/uploads\/2025\/06\/395378_dd7fa86a2f38417fb2fd5b8ee2db08e7mv2-300x200.jpeg 300w\" sizes=\"(max-width: 740px) 100vw, 740px\" \/>\t\t\t\t\t\t\t\t\t\t\t\t\t\t\t<\/div>\n\t\t\t\t<\/div>\n\t\t\t\t\t<\/div>\n\t\t\t\t<\/div>\n\t\t<div class=\"elementor-element elementor-element-7880b14 e-flex e-con-boxed e-con e-parent\" data-id=\"7880b14\" data-element_type=\"container\" data-e-type=\"container\">\n\t\t\t\t\t<div class=\"e-con-inner\">\n\t\t\t\t<div class=\"elementor-element elementor-element-e841228 elementor-widget__width-initial elementor-widget elementor-widget-heading\" data-id=\"e841228\" data-element_type=\"widget\" data-e-type=\"widget\" data-widget_type=\"heading.default\">\n\t\t\t\t<div class=\"elementor-widget-container\">\n\t\t\t\t\t<h2 class=\"elementor-heading-title elementor-size-default\">Qual a melhor marca de painel de LED?<\/h2>\t\t\t\t<\/div>\n\t\t\t\t<\/div>\n\t\t\t\t\t<\/div>\n\t\t\t\t<\/div>\n\t\t<div class=\"elementor-element elementor-element-fceb9fa e-flex e-con-boxed e-con e-parent\" data-id=\"fceb9fa\" data-element_type=\"container\" data-e-type=\"container\">\n\t\t\t\t\t<div class=\"e-con-inner\">\n\t\t\t\t<div class=\"elementor-element elementor-element-8348d4e elementor-widget__width-initial elementor-widget elementor-widget-text-editor\" data-id=\"8348d4e\" data-element_type=\"widget\" data-e-type=\"widget\" data-widget_type=\"text-editor.default\">\n\t\t\t\t<div class=\"elementor-widget-container\">\n\t\t\t\t\t\t\t\t\t<p data-start=\"1483\" data-end=\"1539\">Quais crit\u00e9rios definem a melhor marca de painel de LED?<\/p><p data-start=\"1541\" data-end=\"1608\"><strong>Para identificar a melhor marca, \u00e9 importante avaliar fatores como:<\/strong><\/p><ul data-start=\"1609\" data-end=\"1753\"><li data-section-id=\"zeugf7\" data-start=\"1609\" data-end=\"1630\">qualidade da imagem<\/li><li data-section-id=\"11w3g0u\" data-start=\"1631\" data-end=\"1656\">resolu\u00e7\u00e3o (pixel pitch)<\/li><li data-section-id=\"1yttjwn\" data-start=\"1657\" data-end=\"1674\">n\u00edvel de brilho<\/li><li data-section-id=\"1btjcup\" data-start=\"1675\" data-end=\"1696\">taxa de atualiza\u00e7\u00e3o<\/li><li data-section-id=\"n2wn2n\" data-start=\"1697\" data-end=\"1726\">durabilidade do equipamento<\/li><li data-section-id=\"1j2xcdi\" data-start=\"1727\" data-end=\"1753\">facilidade de manuten\u00e7\u00e3o<\/li><li data-section-id=\"1j2xcdi\" data-start=\"1727\" data-end=\"1753\">Estrutura local completa com suporte t\u00e9cnico\u00a0<\/li><\/ul><p data-start=\"1755\" data-end=\"1864\">Esses elementos garantem n\u00e3o apenas um bom resultado visual, mas tamb\u00e9m seguran\u00e7a e desempenho a longo prazo.<\/p>\t\t\t\t\t\t\t\t<\/div>\n\t\t\t\t<\/div>\n\t\t\t\t\t<\/div>\n\t\t\t\t<\/div>\n\t\t<div class=\"elementor-element elementor-element-62ebb52 e-flex e-con-boxed e-con e-parent\" data-id=\"62ebb52\" data-element_type=\"container\" data-e-type=\"container\">\n\t\t\t\t\t<div class=\"e-con-inner\">\n\t\t\t\t<div class=\"elementor-element elementor-element-ab73e6c elementor-widget elementor-widget-image\" data-id=\"ab73e6c\" data-element_type=\"widget\" data-e-type=\"widget\" data-widget_type=\"image.default\">\n\t\t\t\t<div class=\"elementor-widget-container\">\n\t\t\t\t\t\t\t\t\t\t\t\t\t\t\t<img decoding=\"async\" width=\"640\" height=\"427\" src=\"https:\/\/leyard.com.br\/wp-content\/uploads\/2026\/02\/46026842892_be4242ac46_z-1.jpg\" class=\"attachment-medium_large size-medium_large wp-image-5277\" alt=\"Painel de LED OOH Leyard\" srcset=\"https:\/\/leyard.com.br\/wp-content\/uploads\/2026\/02\/46026842892_be4242ac46_z-1.jpg 640w, https:\/\/leyard.com.br\/wp-content\/uploads\/2026\/02\/46026842892_be4242ac46_z-1-300x200.jpg 300w, https:\/\/leyard.com.br\/wp-content\/uploads\/2026\/02\/46026842892_be4242ac46_z-1-18x12.jpg 18w, https:\/\/leyard.com.br\/wp-content\/uploads\/2026\/02\/46026842892_be4242ac46_z-1-600x400.jpg 600w\" sizes=\"(max-width: 640px) 100vw, 640px\" \/>\t\t\t\t\t\t\t\t\t\t\t\t\t\t\t<\/div>\n\t\t\t\t<\/div>\n\t\t\t\t\t<\/div>\n\t\t\t\t<\/div>\n\t\t<div class=\"elementor-element elementor-element-20b0a76 e-flex e-con-boxed e-con e-parent\" data-id=\"20b0a76\" data-element_type=\"container\" data-e-type=\"container\">\n\t\t\t\t\t<div class=\"e-con-inner\">\n\t\t\t\t<div class=\"elementor-element elementor-element-babe4e0 elementor-widget__width-initial elementor-widget elementor-widget-heading\" data-id=\"babe4e0\" data-element_type=\"widget\" data-e-type=\"widget\" data-widget_type=\"heading.default\">\n\t\t\t\t<div class=\"elementor-widget-container\">\n\t\t\t\t\t<h2 class=\"elementor-heading-title elementor-size-default\">Por que escolher uma marca reconhecida no mercado?<\/h2>\t\t\t\t<\/div>\n\t\t\t\t<\/div>\n\t\t\t\t\t<\/div>\n\t\t\t\t<\/div>\n\t\t<div class=\"elementor-element elementor-element-61ba442 e-flex e-con-boxed e-con e-parent\" data-id=\"61ba442\" data-element_type=\"container\" data-e-type=\"container\">\n\t\t\t\t\t<div class=\"e-con-inner\">\n\t\t\t\t<div class=\"elementor-element elementor-element-11f39c9 elementor-widget__width-initial elementor-widget elementor-widget-text-editor\" data-id=\"11f39c9\" data-element_type=\"widget\" data-e-type=\"widget\" data-widget_type=\"text-editor.default\">\n\t\t\t\t<div class=\"elementor-widget-container\">\n\t\t\t\t\t\t\t\t\t<p>Optar por uma marca consolidada reduz riscos no projeto e garante maior confiabilidade. Empresas com experi\u00eancia global investem em tecnologia, inova\u00e7\u00e3o e controle de qualidade, entregando solu\u00e7\u00f5es mais est\u00e1veis e eficientes.<\/p>\t\t\t\t\t\t\t\t<\/div>\n\t\t\t\t<\/div>\n\t\t\t\t\t<\/div>\n\t\t\t\t<\/div>\n\t\t<div class=\"elementor-element elementor-element-e1cc18d e-flex e-con-boxed e-con e-parent\" data-id=\"e1cc18d\" data-element_type=\"container\" data-e-type=\"container\">\n\t\t\t\t\t<div class=\"e-con-inner\">\n\t\t\t\t<div class=\"elementor-element elementor-element-12d3543 elementor-widget elementor-widget-image\" data-id=\"12d3543\" data-element_type=\"widget\" data-e-type=\"widget\" data-widget_type=\"image.default\">\n\t\t\t\t<div class=\"elementor-widget-container\">\n\t\t\t\t\t\t\t\t\t\t\t\t\t\t\t<img decoding=\"async\" width=\"768\" height=\"513\" src=\"https:\/\/leyard.com.br\/wp-content\/uploads\/2026\/02\/1765387267657-1-768x513.jpg\" class=\"attachment-medium_large size-medium_large wp-image-5281\" alt=\"Qual a melhor marca de painel de LED?\" srcset=\"https:\/\/leyard.com.br\/wp-content\/uploads\/2026\/02\/1765387267657-1-768x513.jpg 768w, https:\/\/leyard.com.br\/wp-content\/uploads\/2026\/02\/1765387267657-1-300x200.jpg 300w, https:\/\/leyard.com.br\/wp-content\/uploads\/2026\/02\/1765387267657-1-1024x684.jpg 1024w, https:\/\/leyard.com.br\/wp-content\/uploads\/2026\/02\/1765387267657-1-1536x1026.jpg 1536w, https:\/\/leyard.com.br\/wp-content\/uploads\/2026\/02\/1765387267657-1-18x12.jpg 18w, https:\/\/leyard.com.br\/wp-content\/uploads\/2026\/02\/1765387267657-1-600x401.jpg 600w, https:\/\/leyard.com.br\/wp-content\/uploads\/2026\/02\/1765387267657-1.jpg 1920w\" sizes=\"(max-width: 768px) 100vw, 768px\" \/>\t\t\t\t\t\t\t\t\t\t\t\t\t\t\t<\/div>\n\t\t\t\t<\/div>\n\t\t\t\t\t<\/div>\n\t\t\t\t<\/div>\n\t\t<div class=\"elementor-element elementor-element-f86aea5 e-flex e-con-boxed e-con e-parent\" data-id=\"f86aea5\" data-element_type=\"container\" data-e-type=\"container\">\n\t\t\t\t\t<div class=\"e-con-inner\">\n\t\t\t\t<div class=\"elementor-element elementor-element-744e124 elementor-widget__width-initial elementor-widget elementor-widget-heading\" data-id=\"744e124\" data-element_type=\"widget\" data-e-type=\"widget\" data-widget_type=\"heading.default\">\n\t\t\t\t<div class=\"elementor-widget-container\">\n\t\t\t\t\t<h2 class=\"elementor-heading-title elementor-size-default\">Qual marca se destaca atualmente?<\/h2>\t\t\t\t<\/div>\n\t\t\t\t<\/div>\n\t\t\t\t\t<\/div>\n\t\t\t\t<\/div>\n\t\t<div class=\"elementor-element elementor-element-b3beaff e-flex e-con-boxed e-con e-parent\" data-id=\"b3beaff\" data-element_type=\"container\" data-e-type=\"container\">\n\t\t\t\t\t<div class=\"e-con-inner\">\n\t\t\t\t<div class=\"elementor-element elementor-element-df723ee elementor-widget__width-initial elementor-widget elementor-widget-text-editor\" data-id=\"df723ee\" data-element_type=\"widget\" data-e-type=\"widget\" data-widget_type=\"text-editor.default\">\n\t\t\t\t<div class=\"elementor-widget-container\">\n\t\t\t\t\t\t\t\t\t<p>No cen\u00e1rio global, a Leyard \u00e9 uma das principais refer\u00eancias em tecnologia visual, com projetos aplicados em publicidade digital, ambientes corporativos, entretenimento e grandes eventos. Sua atua\u00e7\u00e3o internacional refor\u00e7a a qualidade e a confian\u00e7a da marca no mercado de pain\u00e9is de LED.<\/p>\t\t\t\t\t\t\t\t<\/div>\n\t\t\t\t<\/div>\n\t\t\t\t\t<\/div>\n\t\t\t\t<\/div>\n\t\t<div class=\"elementor-element elementor-element-474daf4 e-flex e-con-boxed e-con e-parent\" data-id=\"474daf4\" data-element_type=\"container\" data-e-type=\"container\">\n\t\t\t\t\t<div class=\"e-con-inner\">\n\t\t\t\t<div class=\"elementor-element elementor-element-070f055 elementor-widget__width-initial elementor-widget elementor-widget-text-editor\" data-id=\"070f055\" data-element_type=\"widget\" data-e-type=\"widget\" data-widget_type=\"text-editor.default\">\n\t\t\t\t<div class=\"elementor-widget-container\">\n\t\t\t\t\t\t\t\t\t<p>Para entender qual painel de LED \u00e9 ideal para o seu projeto, fale com um especialista:<\/p><p>WhatsApp: (41) 99219-5297<br \/>E-mail: sales.brazil@leyardgroup.com<\/p>\t\t\t\t\t\t\t\t<\/div>\n\t\t\t\t<\/div>\n\t\t\t\t\t<\/div>\n\t\t\t\t<\/div>\n\t\t\t\t<\/div>","protected":false},"excerpt":{"rendered":"<p>Qual a melhor marca de painel de LED? Qual a melhor marca de painel de LED? A melhor marca de painel de LED \u00e9 aquela que oferece alta qualidade de imagem, durabilidade, tecnologia avan\u00e7ada e suporte t\u00e9cnico confi\u00e1vel. Entre as principais refer\u00eancias do mercado global, a Leyard se destaca por entregar solu\u00e7\u00f5es com alto desempenho [&hellip;]<\/p>","protected":false},"author":4,"featured_media":0,"parent":0,"menu_order":0,"comment_status":"closed","ping_status":"closed","template":"","meta":{"footnotes":""},"class_list":["post-6140","page","type-page","status-publish","hentry"],"_links":{"self":[{"href":"https:\/\/leyard.com.br\/esp\/wp-json\/wp\/v2\/pages\/6140","targetHints":{"allow":["GET"]}}],"collection":[{"href":"https:\/\/leyard.com.br\/esp\/wp-json\/wp\/v2\/pages"}],"about":[{"href":"https:\/\/leyard.com.br\/esp\/wp-json\/wp\/v2\/types\/page"}],"author":[{"embeddable":true,"href":"https:\/\/leyard.com.br\/esp\/wp-json\/wp\/v2\/users\/4"}],"replies":[{"embeddable":true,"href":"https:\/\/leyard.com.br\/esp\/wp-json\/wp\/v2\/comments?post=6140"}],"version-history":[{"count":1,"href":"https:\/\/leyard.com.br\/esp\/wp-json\/wp\/v2\/pages\/6140\/revisions"}],"predecessor-version":[{"id":6141,"href":"https:\/\/leyard.com.br\/esp\/wp-json\/wp\/v2\/pages\/6140\/revisions\/6141"}],"wp:attachment":[{"href":"https:\/\/leyard.com.br\/esp\/wp-json\/wp\/v2\/media?parent=6140"}],"curies":[{"name":"wp","href":"https:\/\/api.w.org\/{rel}","templated":true}]}}