{"id":6149,"date":"2026-03-27T09:02:36","date_gmt":"2026-03-27T12:02:36","guid":{"rendered":"https:\/\/leyard.com.br\/?page_id=6149"},"modified":"2026-03-27T09:43:23","modified_gmt":"2026-03-27T12:43:23","slug":"painel-de-led-para-academia","status":"publish","type":"page","link":"https:\/\/leyard.com.br\/esp\/painel-de-led-para-academia\/","title":{"rendered":"PAINEL DE LED PARA ACADEMIA"},"content":{"rendered":"<div data-elementor-type=\"wp-page\" data-elementor-id=\"6149\" class=\"elementor elementor-6149\" data-elementor-post-type=\"page\">\n\t\t\t\t<div class=\"elementor-element elementor-element-848a3f9 e-con-full e-flex e-con e-child\" data-id=\"848a3f9\" data-element_type=\"container\" data-e-type=\"container\" data-settings=\"{&quot;background_background&quot;:&quot;classic&quot;}\">\n\t\t\t\t<div class=\"elementor-element elementor-element-1d89869 elementor-widget__width-initial elementor-widget-mobile__width-initial elementor-widget elementor-widget-heading\" data-id=\"1d89869\" data-element_type=\"widget\" data-e-type=\"widget\" data-widget_type=\"heading.default\">\n\t\t\t\t<div class=\"elementor-widget-container\">\n\t\t\t\t\t<h1 class=\"elementor-heading-title elementor-size-default\">Painel de LED para academia<\/h1>\t\t\t\t<\/div>\n\t\t\t\t<\/div>\n\t\t\t\t<\/div>\n\t\t<div class=\"elementor-element elementor-element-ac1745f e-flex e-con-boxed e-con e-parent\" data-id=\"ac1745f\" data-element_type=\"container\" data-e-type=\"container\">\n\t\t\t\t\t<div class=\"e-con-inner\">\n\t\t\t\t<div class=\"elementor-element elementor-element-b384628 elementor-widget__width-initial elementor-widget elementor-widget-heading\" data-id=\"b384628\" data-element_type=\"widget\" data-e-type=\"widget\" data-widget_type=\"heading.default\">\n\t\t\t\t<div class=\"elementor-widget-container\">\n\t\t\t\t\t<h1 class=\"elementor-heading-title elementor-size-default\">Painel de LED para academia<\/h1>\t\t\t\t<\/div>\n\t\t\t\t<\/div>\n\t\t\t\t<div class=\"elementor-element elementor-element-d05b259 elementor-widget__width-initial elementor-widget elementor-widget-text-editor\" data-id=\"d05b259\" data-element_type=\"widget\" data-e-type=\"widget\" data-widget_type=\"text-editor.default\">\n\t\t\t\t<div class=\"elementor-widget-container\">\n\t\t\t\t\t\t\t\t\t<p>Painel de LED para Academia: Como Transformar a Experi\u00eancia do publico com Tecnologia Visual<\/p>\t\t\t\t\t\t\t\t<\/div>\n\t\t\t\t<\/div>\n\t\t\t\t\t<\/div>\n\t\t\t\t<\/div>\n\t\t<div class=\"elementor-element elementor-element-5ba8227 e-flex e-con-boxed e-con e-parent\" data-id=\"5ba8227\" data-element_type=\"container\" data-e-type=\"container\">\n\t\t\t\t\t<div class=\"e-con-inner\">\n\t\t\t\t<div class=\"elementor-element elementor-element-8636a5d elementor-widget elementor-widget-image\" data-id=\"8636a5d\" data-element_type=\"widget\" data-e-type=\"widget\" data-widget_type=\"image.default\">\n\t\t\t\t<div class=\"elementor-widget-container\">\n\t\t\t\t\t\t\t\t\t\t\t\t\t\t\t<img fetchpriority=\"high\" decoding=\"async\" width=\"768\" height=\"606\" src=\"https:\/\/leyard.com.br\/wp-content\/uploads\/2026\/03\/IMG_5178-1-768x606.jpg\" class=\"attachment-medium_large size-medium_large wp-image-6163\" alt=\"Painel de LED para academia\" srcset=\"https:\/\/leyard.com.br\/wp-content\/uploads\/2026\/03\/IMG_5178-1-768x606.jpg 768w, https:\/\/leyard.com.br\/wp-content\/uploads\/2026\/03\/IMG_5178-1-300x237.jpg 300w, https:\/\/leyard.com.br\/wp-content\/uploads\/2026\/03\/IMG_5178-1-1024x807.jpg 1024w, https:\/\/leyard.com.br\/wp-content\/uploads\/2026\/03\/IMG_5178-1-1536x1211.jpg 1536w, https:\/\/leyard.com.br\/wp-content\/uploads\/2026\/03\/IMG_5178-1-2048x1615.jpg 2048w, https:\/\/leyard.com.br\/wp-content\/uploads\/2026\/03\/IMG_5178-1-15x12.jpg 15w, https:\/\/leyard.com.br\/wp-content\/uploads\/2026\/03\/IMG_5178-1-600x473.jpg 600w\" sizes=\"(max-width: 768px) 100vw, 768px\" \/>\t\t\t\t\t\t\t\t\t\t\t\t\t\t\t<\/div>\n\t\t\t\t<\/div>\n\t\t\t\t\t<\/div>\n\t\t\t\t<\/div>\n\t\t<div class=\"elementor-element elementor-element-fceb9fa e-flex e-con-boxed e-con e-parent\" data-id=\"fceb9fa\" data-element_type=\"container\" data-e-type=\"container\">\n\t\t\t\t\t<div class=\"e-con-inner\">\n\t\t\t\t<div class=\"elementor-element elementor-element-8348d4e elementor-widget__width-initial elementor-widget elementor-widget-text-editor\" data-id=\"8348d4e\" data-element_type=\"widget\" data-e-type=\"widget\" data-widget_type=\"text-editor.default\">\n\t\t\t\t<div class=\"elementor-widget-container\">\n\t\t\t\t\t\t\t\t\t<p>A busca por <strong>painel de LED para academia<\/strong> tem crescido no Brasil, impulsionada pela necessidade de criar ambientes mais din\u00e2micos, motivadores e conectados com o p\u00fablico.<\/p><p>\u00a0<\/p><p>Muito al\u00e9m da est\u00e9tica, os pain\u00e9is de LED v\u00eam sendo utilizados como uma ferramenta estrat\u00e9gica para reten\u00e7\u00e3o de alunos, comunica\u00e7\u00e3o interna e valoriza\u00e7\u00e3o do espa\u00e7o.<\/p><p>\u00a0<\/p><p><strong>Fabricantes globais como a Leyard<\/strong> desenvolvem solu\u00e7\u00f5es que atendem desde academias boutique at\u00e9 grandes redes, garantindo alto desempenho visual e durabilidade.<\/p>\t\t\t\t\t\t\t\t<\/div>\n\t\t\t\t<\/div>\n\t\t\t\t\t<\/div>\n\t\t\t\t<\/div>\n\t\t<div class=\"elementor-element elementor-element-62ebb52 e-flex e-con-boxed e-con e-parent\" data-id=\"62ebb52\" data-element_type=\"container\" data-e-type=\"container\">\n\t\t\t\t\t<div class=\"e-con-inner\">\n\t\t\t\t<div class=\"elementor-element elementor-element-ab73e6c elementor-widget elementor-widget-image\" data-id=\"ab73e6c\" data-element_type=\"widget\" data-e-type=\"widget\" data-widget_type=\"image.default\">\n\t\t\t\t<div class=\"elementor-widget-container\">\n\t\t\t\t\t\t\t\t\t\t\t\t\t\t\t<img decoding=\"async\" width=\"768\" height=\"754\" src=\"https:\/\/leyard.com.br\/wp-content\/uploads\/2026\/03\/IMG_5179-2-768x754.jpg\" class=\"attachment-medium_large size-medium_large wp-image-6160\" alt=\"Painel de LED para academia\" srcset=\"https:\/\/leyard.com.br\/wp-content\/uploads\/2026\/03\/IMG_5179-2-768x754.jpg 768w, https:\/\/leyard.com.br\/wp-content\/uploads\/2026\/03\/IMG_5179-2-300x295.jpg 300w, https:\/\/leyard.com.br\/wp-content\/uploads\/2026\/03\/IMG_5179-2-1024x1005.jpg 1024w, https:\/\/leyard.com.br\/wp-content\/uploads\/2026\/03\/IMG_5179-2-1536x1508.jpg 1536w, https:\/\/leyard.com.br\/wp-content\/uploads\/2026\/03\/IMG_5179-2-2048x2011.jpg 2048w, https:\/\/leyard.com.br\/wp-content\/uploads\/2026\/03\/IMG_5179-2-12x12.jpg 12w, https:\/\/leyard.com.br\/wp-content\/uploads\/2026\/03\/IMG_5179-2-600x589.jpg 600w\" sizes=\"(max-width: 768px) 100vw, 768px\" \/>\t\t\t\t\t\t\t\t\t\t\t\t\t\t\t<\/div>\n\t\t\t\t<\/div>\n\t\t\t\t\t<\/div>\n\t\t\t\t<\/div>\n\t\t<div class=\"elementor-element elementor-element-20b0a76 e-flex e-con-boxed e-con e-parent\" data-id=\"20b0a76\" data-element_type=\"container\" data-e-type=\"container\">\n\t\t\t\t\t<div class=\"e-con-inner\">\n\t\t\t\t<div class=\"elementor-element elementor-element-babe4e0 elementor-widget__width-initial elementor-widget elementor-widget-heading\" data-id=\"babe4e0\" data-element_type=\"widget\" data-e-type=\"widget\" data-widget_type=\"heading.default\">\n\t\t\t\t<div class=\"elementor-widget-container\">\n\t\t\t\t\t<h2 class=\"elementor-heading-title elementor-size-default\">Por que usar painel de LED em academias?<\/h2>\t\t\t\t<\/div>\n\t\t\t\t<\/div>\n\t\t\t\t\t<\/div>\n\t\t\t\t<\/div>\n\t\t<div class=\"elementor-element elementor-element-61ba442 e-flex e-con-boxed e-con e-parent\" data-id=\"61ba442\" data-element_type=\"container\" data-e-type=\"container\">\n\t\t\t\t\t<div class=\"e-con-inner\">\n\t\t\t\t<div class=\"elementor-element elementor-element-11f39c9 elementor-widget__width-initial elementor-widget elementor-widget-text-editor\" data-id=\"11f39c9\" data-element_type=\"widget\" data-e-type=\"widget\" data-widget_type=\"text-editor.default\">\n\t\t\t\t<div class=\"elementor-widget-container\">\n\t\t\t\t\t\t\t\t\t<p><strong>O uso de pain\u00e9is de LED em academias permite:<\/strong><\/p><p>\u00a0<\/p><ul><li>Exibi\u00e7\u00e3o de treinos e aulas em tempo real<\/li><li>Ambienta\u00e7\u00e3o com v\u00eddeos motivacionais<\/li><li>Comunica\u00e7\u00e3o de planos, promo\u00e7\u00f5es e avisos<\/li><li>Integra\u00e7\u00e3o com m\u00fasica e ilumina\u00e7\u00e3o do ambiente<\/li><\/ul><p>\u00a0<\/p><p>Al\u00e9m disso, a tecnologia contribui diretamente para a percep\u00e7\u00e3o de modernidade do espa\u00e7o.<\/p>\t\t\t\t\t\t\t\t<\/div>\n\t\t\t\t<\/div>\n\t\t\t\t\t<\/div>\n\t\t\t\t<\/div>\n\t\t<div class=\"elementor-element elementor-element-7780e2f e-flex e-con-boxed e-con e-parent\" data-id=\"7780e2f\" data-element_type=\"container\" data-e-type=\"container\">\n\t\t\t\t\t<div class=\"e-con-inner\">\n\t\t\t\t<div class=\"elementor-element elementor-element-daa1437 elementor-widget elementor-widget-image\" data-id=\"daa1437\" data-element_type=\"widget\" data-e-type=\"widget\" data-widget_type=\"image.default\">\n\t\t\t\t<div class=\"elementor-widget-container\">\n\t\t\t\t\t\t\t\t\t\t\t\t\t\t\t<img decoding=\"async\" width=\"768\" height=\"668\" src=\"https:\/\/leyard.com.br\/wp-content\/uploads\/2026\/03\/IMG_5169-1-768x668.jpg\" class=\"attachment-medium_large size-medium_large wp-image-6159\" alt=\"Painel de LED para academia\" srcset=\"https:\/\/leyard.com.br\/wp-content\/uploads\/2026\/03\/IMG_5169-1-768x668.jpg 768w, https:\/\/leyard.com.br\/wp-content\/uploads\/2026\/03\/IMG_5169-1-300x261.jpg 300w, https:\/\/leyard.com.br\/wp-content\/uploads\/2026\/03\/IMG_5169-1-1024x891.jpg 1024w, https:\/\/leyard.com.br\/wp-content\/uploads\/2026\/03\/IMG_5169-1-1536x1337.jpg 1536w, https:\/\/leyard.com.br\/wp-content\/uploads\/2026\/03\/IMG_5169-1-2048x1782.jpg 2048w, https:\/\/leyard.com.br\/wp-content\/uploads\/2026\/03\/IMG_5169-1-14x12.jpg 14w, https:\/\/leyard.com.br\/wp-content\/uploads\/2026\/03\/IMG_5169-1-600x522.jpg 600w\" sizes=\"(max-width: 768px) 100vw, 768px\" \/>\t\t\t\t\t\t\t\t\t\t\t\t\t\t\t<\/div>\n\t\t\t\t<\/div>\n\t\t\t\t\t<\/div>\n\t\t\t\t<\/div>\n\t\t<div class=\"elementor-element elementor-element-f86aea5 e-flex e-con-boxed e-con e-parent\" data-id=\"f86aea5\" data-element_type=\"container\" data-e-type=\"container\">\n\t\t\t\t\t<div class=\"e-con-inner\">\n\t\t\t\t<div class=\"elementor-element elementor-element-744e124 elementor-widget__width-initial elementor-widget elementor-widget-heading\" data-id=\"744e124\" data-element_type=\"widget\" data-e-type=\"widget\" data-widget_type=\"heading.default\">\n\t\t\t\t<div class=\"elementor-widget-container\">\n\t\t\t\t\t<h2 class=\"elementor-heading-title elementor-size-default\">Qual o melhor painel de LED para academia?<\/h2>\t\t\t\t<\/div>\n\t\t\t\t<\/div>\n\t\t\t\t\t<\/div>\n\t\t\t\t<\/div>\n\t\t<div class=\"elementor-element elementor-element-b3beaff e-flex e-con-boxed e-con e-parent\" data-id=\"b3beaff\" data-element_type=\"container\" data-e-type=\"container\">\n\t\t\t\t\t<div class=\"e-con-inner\">\n\t\t\t\t<div class=\"elementor-element elementor-element-df723ee elementor-widget__width-initial elementor-widget elementor-widget-text-editor\" data-id=\"df723ee\" data-element_type=\"widget\" data-e-type=\"widget\" data-widget_type=\"text-editor.default\">\n\t\t\t\t<div class=\"elementor-widget-container\">\n\t\t\t\t\t\t\t\t\t<p>Para academias, os principais fatores t\u00e9cnicos s\u00e3o:<\/p><p>\u00a0<\/p><ul><li><strong>Pixel pitch ideal:<\/strong> entre P1.8 e P3 (dependendo da dist\u00e2ncia)<\/li><li><strong>Alto brilho controlado:<\/strong> conforto visual em ambientes internos<\/li><li><strong>Alta taxa de atualiza\u00e7\u00e3o (refresh rate):<\/strong> evita flicker em grava\u00e7\u00f5es<\/li><li><strong>Manuten\u00e7\u00e3o frontal:<\/strong> facilidade no dia a dia<\/li><\/ul><p>\u00a0<\/p><p>Esses crit\u00e9rios garantem qualidade de imagem e opera\u00e7\u00e3o eficiente.<\/p>\t\t\t\t\t\t\t\t<\/div>\n\t\t\t\t<\/div>\n\t\t\t\t\t<\/div>\n\t\t\t\t<\/div>\n\t\t<div class=\"elementor-element elementor-element-71efa8c e-flex e-con-boxed e-con e-parent\" data-id=\"71efa8c\" data-element_type=\"container\" data-e-type=\"container\">\n\t\t\t\t\t<div class=\"e-con-inner\">\n\t\t\t\t<div class=\"elementor-element elementor-element-9dbc51f elementor-widget__width-initial elementor-widget elementor-widget-heading\" data-id=\"9dbc51f\" data-element_type=\"widget\" data-e-type=\"widget\" data-widget_type=\"heading.default\">\n\t\t\t\t<div class=\"elementor-widget-container\">\n\t\t\t\t\t<h2 class=\"elementor-heading-title elementor-size-default\">Quanto custa um painel de LED para academia?<\/h2>\t\t\t\t<\/div>\n\t\t\t\t<\/div>\n\t\t\t\t\t<\/div>\n\t\t\t\t<\/div>\n\t\t<div class=\"elementor-element elementor-element-3a58f3e e-flex e-con-boxed e-con e-parent\" data-id=\"3a58f3e\" data-element_type=\"container\" data-e-type=\"container\">\n\t\t\t\t\t<div class=\"e-con-inner\">\n\t\t\t\t<div class=\"elementor-element elementor-element-3c0a962 elementor-widget__width-initial elementor-widget elementor-widget-text-editor\" data-id=\"3c0a962\" data-element_type=\"widget\" data-e-type=\"widget\" data-widget_type=\"text-editor.default\">\n\t\t\t\t<div class=\"elementor-widget-container\">\n\t\t\t\t\t\t\t\t\t<p><strong>O valor pode variar de acordo com:<\/strong><\/p><p>\u00a0<\/p><ul><li>Tamanho do painel<\/li><li>Resolu\u00e7\u00e3o (pixel pitch)<\/li><li>Tipo de instala\u00e7\u00e3o<\/li><li>Processamento de imagem<\/li><\/ul><p>\u00a0<\/p><p>Por isso, o ideal \u00e9 sempre avaliar o projeto de forma personalizada.<\/p>\t\t\t\t\t\t\t\t<\/div>\n\t\t\t\t<\/div>\n\t\t\t\t\t<\/div>\n\t\t\t\t<\/div>\n\t\t<div class=\"elementor-element elementor-element-474daf4 e-flex e-con-boxed e-con e-parent\" data-id=\"474daf4\" data-element_type=\"container\" data-e-type=\"container\">\n\t\t\t\t\t<div class=\"e-con-inner\">\n\t\t\t\t<div class=\"elementor-element elementor-element-070f055 elementor-widget__width-initial elementor-widget elementor-widget-text-editor\" data-id=\"070f055\" data-element_type=\"widget\" data-e-type=\"widget\" data-widget_type=\"text-editor.default\">\n\t\t\t\t<div class=\"elementor-widget-container\">\n\t\t\t\t\t\t\t\t\t<p>Para saber qu\u00e9 panel LED es el ideal para su proyecto, consulte con un especialista:<\/p><p>WhatsApp: (41) 99219-5297<br \/>Correo electr\u00f3nico: sales.brazil@leyardgroup.com<\/p>\t\t\t\t\t\t\t\t<\/div>\n\t\t\t\t<\/div>\n\t\t\t\t\t<\/div>\n\t\t\t\t<\/div>\n\t\t\t\t<\/div>","protected":false},"excerpt":{"rendered":"<p>Painel de LED para academia Painel de LED para academia Painel de LED para Academia: Como Transformar a Experi\u00eancia do publico com Tecnologia Visual A busca por painel de LED para academia tem crescido no Brasil, impulsionada pela necessidade de criar ambientes mais din\u00e2micos, motivadores e conectados com o p\u00fablico. \u00a0 Muito al\u00e9m da est\u00e9tica, [&hellip;]<\/p>","protected":false},"author":4,"featured_media":0,"parent":0,"menu_order":0,"comment_status":"closed","ping_status":"closed","template":"","meta":{"footnotes":""},"class_list":["post-6149","page","type-page","status-publish","hentry"],"_links":{"self":[{"href":"https:\/\/leyard.com.br\/esp\/wp-json\/wp\/v2\/pages\/6149","targetHints":{"allow":["GET"]}}],"collection":[{"href":"https:\/\/leyard.com.br\/esp\/wp-json\/wp\/v2\/pages"}],"about":[{"href":"https:\/\/leyard.com.br\/esp\/wp-json\/wp\/v2\/types\/page"}],"author":[{"embeddable":true,"href":"https:\/\/leyard.com.br\/esp\/wp-json\/wp\/v2\/users\/4"}],"replies":[{"embeddable":true,"href":"https:\/\/leyard.com.br\/esp\/wp-json\/wp\/v2\/comments?post=6149"}],"version-history":[{"count":5,"href":"https:\/\/leyard.com.br\/esp\/wp-json\/wp\/v2\/pages\/6149\/revisions"}],"predecessor-version":[{"id":6166,"href":"https:\/\/leyard.com.br\/esp\/wp-json\/wp\/v2\/pages\/6149\/revisions\/6166"}],"wp:attachment":[{"href":"https:\/\/leyard.com.br\/esp\/wp-json\/wp\/v2\/media?parent=6149"}],"curies":[{"name":"wp","href":"https:\/\/api.w.org\/{rel}","templated":true}]}}