{"id":6192,"date":"2026-03-31T10:45:28","date_gmt":"2026-03-31T13:45:28","guid":{"rendered":"https:\/\/leyard.com.br\/?page_id=6192"},"modified":"2026-03-31T16:04:34","modified_gmt":"2026-03-31T19:04:34","slug":"o-que-e-pixel-pitch-em-paineis-de-led","status":"publish","type":"page","link":"https:\/\/leyard.com.br\/esp\/o-que-e-pixel-pitch-em-paineis-de-led\/","title":{"rendered":"\u00bfQu\u00e9 es el paso de p\u00edxel en los paneles LED?"},"content":{"rendered":"<div data-elementor-type=\"wp-page\" data-elementor-id=\"6192\" class=\"elementor elementor-6192\" data-elementor-post-type=\"page\">\n\t\t\t\t<div class=\"elementor-element elementor-element-848a3f9 e-con-full e-flex e-con e-child\" data-id=\"848a3f9\" data-element_type=\"container\" data-e-type=\"container\" data-settings=\"{&quot;background_background&quot;:&quot;classic&quot;}\">\n\t\t\t\t<div class=\"elementor-element elementor-element-1d89869 elementor-widget__width-initial elementor-widget-mobile__width-initial elementor-widget elementor-widget-heading\" data-id=\"1d89869\" data-element_type=\"widget\" data-e-type=\"widget\" data-widget_type=\"heading.default\">\n\t\t\t\t<div class=\"elementor-widget-container\">\n\t\t\t\t\t<h1 class=\"elementor-heading-title elementor-size-default\">\u00bfQu\u00e9 es el paso de p\u00edxel en los paneles LED?<\/h1>\t\t\t\t<\/div>\n\t\t\t\t<\/div>\n\t\t\t\t<\/div>\n\t\t<div class=\"elementor-element elementor-element-ac1745f e-flex e-con-boxed e-con e-parent\" data-id=\"ac1745f\" data-element_type=\"container\" data-e-type=\"container\">\n\t\t\t\t\t<div class=\"e-con-inner\">\n\t\t\t\t<div class=\"elementor-element elementor-element-b384628 elementor-widget__width-initial elementor-widget elementor-widget-heading\" data-id=\"b384628\" data-element_type=\"widget\" data-e-type=\"widget\" data-widget_type=\"heading.default\">\n\t\t\t\t<div class=\"elementor-widget-container\">\n\t\t\t\t\t<h1 class=\"elementor-heading-title elementor-size-default\">\u00bfQu\u00e9 es el paso de p\u00edxel en los paneles LED y por qu\u00e9 define la calidad de la imagen?<\/h1>\t\t\t\t<\/div>\n\t\t\t\t<\/div>\n\t\t\t\t<div class=\"elementor-element elementor-element-d05b259 elementor-widget__width-initial elementor-widget elementor-widget-text-editor\" data-id=\"d05b259\" data-element_type=\"widget\" data-e-type=\"widget\" data-widget_type=\"text-editor.default\">\n\t\t\t\t<div class=\"elementor-widget-container\">\n\t\t\t\t\t\t\t\t\t<p>Al hablar de la calidad de imagen en los paneles LED, uno de los principales factores t\u00e9cnicos es...<\/p><p><strong>paso de p\u00edxel<\/strong>.<\/p><p>Este t\u00e9rmino es fundamental para comprender la resoluci\u00f3n, la distancia de visualizaci\u00f3n y la aplicaci\u00f3n ideal de un panel LED, ya sea en entornos corporativos, publicidad o proyectos inmersivos.<\/p><p>EL <strong>Leyard, l\u00edder mundial en la fabricaci\u00f3n de paneles LED.<\/strong>, Utiliza diferentes configuraciones de paso de p\u00edxeles para garantizar el m\u00e1ximo rendimiento visual en cada proyecto.<\/p>\t\t\t\t\t\t\t\t<\/div>\n\t\t\t\t<\/div>\n\t\t\t\t\t<\/div>\n\t\t\t\t<\/div>\n\t\t<div class=\"elementor-element elementor-element-f3b89d9 e-flex e-con-boxed e-con e-parent\" data-id=\"f3b89d9\" data-element_type=\"container\" data-e-type=\"container\">\n\t\t\t\t\t<div class=\"e-con-inner\">\n\t\t\t\t<div class=\"elementor-element elementor-element-f210a24 elementor-widget elementor-widget-image\" data-id=\"f210a24\" data-element_type=\"widget\" data-e-type=\"widget\" data-widget_type=\"image.default\">\n\t\t\t\t<div class=\"elementor-widget-container\">\n\t\t\t\t\t\t\t\t\t\t\t\t\t\t\t<img fetchpriority=\"high\" decoding=\"async\" width=\"768\" height=\"430\" src=\"https:\/\/leyard.com.br\/wp-content\/uploads\/2026\/03\/ln-amplo-angulo-de-visao-768x430.jpg\" class=\"attachment-medium_large size-medium_large wp-image-6200\" alt=\"O que \u00e9 Pixel Pitch em Pain\u00e9is de LED?\" srcset=\"https:\/\/leyard.com.br\/wp-content\/uploads\/2026\/03\/ln-amplo-angulo-de-visao-768x430.jpg 768w, https:\/\/leyard.com.br\/wp-content\/uploads\/2026\/03\/ln-amplo-angulo-de-visao-300x168.jpg 300w, https:\/\/leyard.com.br\/wp-content\/uploads\/2026\/03\/ln-amplo-angulo-de-visao-1024x573.jpg 1024w, https:\/\/leyard.com.br\/wp-content\/uploads\/2026\/03\/ln-amplo-angulo-de-visao-18x10.jpg 18w, https:\/\/leyard.com.br\/wp-content\/uploads\/2026\/03\/ln-amplo-angulo-de-visao-600x336.jpg 600w, https:\/\/leyard.com.br\/wp-content\/uploads\/2026\/03\/ln-amplo-angulo-de-visao.jpg 1286w\" sizes=\"(max-width: 768px) 100vw, 768px\" \/>\t\t\t\t\t\t\t\t\t\t\t\t\t\t\t<\/div>\n\t\t\t\t<\/div>\n\t\t\t\t\t<\/div>\n\t\t\t\t<\/div>\n\t\t<div class=\"elementor-element elementor-element-4ef361b e-flex e-con-boxed e-con e-parent\" data-id=\"4ef361b\" data-element_type=\"container\" data-e-type=\"container\">\n\t\t\t\t\t<div class=\"e-con-inner\">\n\t\t\t\t<div class=\"elementor-element elementor-element-884ab4c elementor-widget__width-initial elementor-widget elementor-widget-heading\" data-id=\"884ab4c\" data-element_type=\"widget\" data-e-type=\"widget\" data-widget_type=\"heading.default\">\n\t\t\t\t<div class=\"elementor-widget-container\">\n\t\t\t\t\t<h2 class=\"elementor-heading-title elementor-size-default\">\u00bfQu\u00e9 es el paso de p\u00edxel?<\/h2>\t\t\t\t<\/div>\n\t\t\t\t<\/div>\n\t\t\t\t\t<\/div>\n\t\t\t\t<\/div>\n\t\t<div class=\"elementor-element elementor-element-fceb9fa e-flex e-con-boxed e-con e-parent\" data-id=\"fceb9fa\" data-element_type=\"container\" data-e-type=\"container\">\n\t\t\t\t\t<div class=\"e-con-inner\">\n\t\t\t\t<div class=\"elementor-element elementor-element-8348d4e elementor-widget__width-initial elementor-widget elementor-widget-text-editor\" data-id=\"8348d4e\" data-element_type=\"widget\" data-e-type=\"widget\" data-widget_type=\"text-editor.default\">\n\t\t\t\t<div class=\"elementor-widget-container\">\n\t\t\t\t\t\t\t\t\t<p>El paso de p\u00edxel es la distancia, medida en mil\u00edmetros (mm), entre el centro de dos p\u00edxeles adyacentes en un panel LED.<\/p><p>Ejemplos:<\/p><ul><li>P1.2 = 1,2 mm entre p\u00edxeles<\/li><li>P2.5 = 2,5 mm entre p\u00edxeles<\/li><li>P10 = 10 mm entre p\u00edxeles<\/li><\/ul><p>Como <strong>menor el paso de p\u00edxeles<\/strong>, Cuanto mayor sea la densidad de p\u00edxeles, mayor ser\u00e1 la densidad de p\u00edxeles y, en consecuencia, <strong>Cuanto mayor sea la resoluci\u00f3n de la imagen<\/strong>.<\/p>\t\t\t\t\t\t\t\t<\/div>\n\t\t\t\t<\/div>\n\t\t\t\t\t<\/div>\n\t\t\t\t<\/div>\n\t\t<div class=\"elementor-element elementor-element-2772d1b e-flex e-con-boxed e-con e-parent\" data-id=\"2772d1b\" data-element_type=\"container\" data-e-type=\"container\">\n\t\t\t\t\t<div class=\"e-con-inner\">\n\t\t\t\t<div class=\"elementor-element elementor-element-59ccfaa elementor-widget elementor-widget-image\" data-id=\"59ccfaa\" data-element_type=\"widget\" data-e-type=\"widget\" data-widget_type=\"image.default\">\n\t\t\t\t<div class=\"elementor-widget-container\">\n\t\t\t\t\t\t\t\t\t\t\t\t\t\t\t<img decoding=\"async\" width=\"768\" height=\"445\" src=\"https:\/\/leyard.com.br\/wp-content\/uploads\/2026\/03\/VDS-5-1-2-768x445.jpg\" class=\"attachment-medium_large size-medium_large wp-image-6199\" alt=\"\" srcset=\"https:\/\/leyard.com.br\/wp-content\/uploads\/2026\/03\/VDS-5-1-2-768x445.jpg 768w, https:\/\/leyard.com.br\/wp-content\/uploads\/2026\/03\/VDS-5-1-2-300x174.jpg 300w, https:\/\/leyard.com.br\/wp-content\/uploads\/2026\/03\/VDS-5-1-2-1024x594.jpg 1024w, https:\/\/leyard.com.br\/wp-content\/uploads\/2026\/03\/VDS-5-1-2-18x10.jpg 18w, https:\/\/leyard.com.br\/wp-content\/uploads\/2026\/03\/VDS-5-1-2-600x348.jpg 600w, https:\/\/leyard.com.br\/wp-content\/uploads\/2026\/03\/VDS-5-1-2.jpg 1080w\" sizes=\"(max-width: 768px) 100vw, 768px\" \/>\t\t\t\t\t\t\t\t\t\t\t\t\t\t\t<\/div>\n\t\t\t\t<\/div>\n\t\t\t\t\t<\/div>\n\t\t\t\t<\/div>\n\t\t<div class=\"elementor-element elementor-element-20b0a76 e-flex e-con-boxed e-con e-parent\" data-id=\"20b0a76\" data-element_type=\"container\" data-e-type=\"container\">\n\t\t\t\t\t<div class=\"e-con-inner\">\n\t\t\t\t<div class=\"elementor-element elementor-element-1679ce2 elementor-widget__width-initial elementor-widget elementor-widget-heading\" data-id=\"1679ce2\" data-element_type=\"widget\" data-e-type=\"widget\" data-widget_type=\"heading.default\">\n\t\t\t\t<div class=\"elementor-widget-container\">\n\t\t\t\t\t<h2 class=\"elementor-heading-title elementor-size-default\">\u00bfC\u00f3mo afecta el tama\u00f1o del p\u00edxel a la calidad de la imagen?<\/h2>\t\t\t\t<\/div>\n\t\t\t\t<\/div>\n\t\t\t\t\t<\/div>\n\t\t\t\t<\/div>\n\t\t<div class=\"elementor-element elementor-element-61ba442 e-flex e-con-boxed e-con e-parent\" data-id=\"61ba442\" data-element_type=\"container\" data-e-type=\"container\">\n\t\t\t\t\t<div class=\"e-con-inner\">\n\t\t\t\t<div class=\"elementor-element elementor-element-11f39c9 elementor-widget__width-initial elementor-widget elementor-widget-text-editor\" data-id=\"11f39c9\" data-element_type=\"widget\" data-e-type=\"widget\" data-widget_type=\"text-editor.default\">\n\t\t\t\t<div class=\"elementor-widget-container\">\n\t\t\t\t\t\t\t\t\t<p>El paso de p\u00edxel influye directamente en:<\/p><p><strong>\u00a0Claridad<\/strong><\/p><p>Los paneles con un tama\u00f1o de p\u00edxel menor muestran im\u00e1genes m\u00e1s detalladas.<\/p><p><strong>\u00a0Distancia de visualizaci\u00f3n<\/strong><\/p><ul><li>Tama\u00f1o de p\u00edxel peque\u00f1o \u2192 ideal para distancias cortas<\/li><li>Mayor tama\u00f1o de p\u00edxel \u2192 ideal para largas distancias<\/li><\/ul><p><strong>Aplicaci\u00f3n de panel<\/strong><\/p><p>Cada proyecto requiere un tipo espec\u00edfico de paso de p\u00edxel.<\/p>\t\t\t\t\t\t\t\t<\/div>\n\t\t\t\t<\/div>\n\t\t\t\t\t<\/div>\n\t\t\t\t<\/div>\n\t\t<div class=\"elementor-element elementor-element-f86aea5 e-flex e-con-boxed e-con e-parent\" data-id=\"f86aea5\" data-element_type=\"container\" data-e-type=\"container\">\n\t\t\t\t\t<div class=\"e-con-inner\">\n\t\t\t\t<div class=\"elementor-element elementor-element-744e124 elementor-widget__width-initial elementor-widget elementor-widget-heading\" data-id=\"744e124\" data-element_type=\"widget\" data-e-type=\"widget\" data-widget_type=\"heading.default\">\n\t\t\t\t<div class=\"elementor-widget-container\">\n\t\t\t\t\t<h2 class=\"elementor-heading-title elementor-size-default\">\u00bfQu\u00e9 paso de p\u00edxel debo elegir para cada proyecto?<\/h2>\t\t\t\t<\/div>\n\t\t\t\t<\/div>\n\t\t\t\t\t<\/div>\n\t\t\t\t<\/div>\n\t\t<div class=\"elementor-element elementor-element-b3beaff e-flex e-con-boxed e-con e-parent\" data-id=\"b3beaff\" data-element_type=\"container\" data-e-type=\"container\">\n\t\t\t\t\t<div class=\"e-con-inner\">\n\t\t\t\t<div class=\"elementor-element elementor-element-df723ee elementor-widget__width-initial elementor-widget elementor-widget-text-editor\" data-id=\"df723ee\" data-element_type=\"widget\" data-e-type=\"widget\" data-widget_type=\"text-editor.default\">\n\t\t\t\t<div class=\"elementor-widget-container\">\n\t\t\t\t\t\t\t\t\t<table><thead><tr><td><p><strong>Solicitud<\/strong><\/p><\/td><td><p><strong>Paso de p\u00edxeles recomendado<\/strong><\/p><\/td><\/tr><\/thead><tbody><tr><td><p>oficinas corporativas<\/p><\/td><td><p>P0.9 a P1.8<\/p><\/td><\/tr><tr><td><p>XR Studios \/ Transmisi\u00f3n<\/p><\/td><td><p>P1.2 a P2.5<\/p><\/td><\/tr><tr><td><p>Comercio minorista y punto de venta<\/p><\/td><td><p>P2.5 a P4<\/p><\/td><\/tr><tr><td><p>Exterior y publicidad exterior<\/p><\/td><td><p>P6 a P10<\/p><\/td><\/tr><\/tbody><\/table><p>La elecci\u00f3n correcta garantiza una mejor relaci\u00f3n coste-beneficio y un mejor rendimiento visual.<\/p>\t\t\t\t\t\t\t\t<\/div>\n\t\t\t\t<\/div>\n\t\t\t\t\t<\/div>\n\t\t\t\t<\/div>\n\t\t<div class=\"elementor-element elementor-element-c53985a e-flex e-con-boxed e-con e-parent\" data-id=\"c53985a\" data-element_type=\"container\" data-e-type=\"container\">\n\t\t\t\t\t<div class=\"e-con-inner\">\n\t\t\t\t<div class=\"elementor-element elementor-element-ccf4313 elementor-widget elementor-widget-image\" data-id=\"ccf4313\" data-element_type=\"widget\" data-e-type=\"widget\" data-widget_type=\"image.default\">\n\t\t\t\t<div class=\"elementor-widget-container\">\n\t\t\t\t\t\t\t\t\t\t\t\t\t\t\t<img decoding=\"async\" width=\"768\" height=\"435\" src=\"https:\/\/leyard.com.br\/wp-content\/uploads\/2026\/03\/FOTO-DE-FUNDO-768x435.jpg\" class=\"attachment-medium_large size-medium_large wp-image-6201\" alt=\"\" srcset=\"https:\/\/leyard.com.br\/wp-content\/uploads\/2026\/03\/FOTO-DE-FUNDO-768x435.jpg 768w, https:\/\/leyard.com.br\/wp-content\/uploads\/2026\/03\/FOTO-DE-FUNDO-300x170.jpg 300w, https:\/\/leyard.com.br\/wp-content\/uploads\/2026\/03\/FOTO-DE-FUNDO-1024x580.jpg 1024w, https:\/\/leyard.com.br\/wp-content\/uploads\/2026\/03\/FOTO-DE-FUNDO-1536x869.jpg 1536w, https:\/\/leyard.com.br\/wp-content\/uploads\/2026\/03\/FOTO-DE-FUNDO-18x10.jpg 18w, https:\/\/leyard.com.br\/wp-content\/uploads\/2026\/03\/FOTO-DE-FUNDO-600x340.jpg 600w, https:\/\/leyard.com.br\/wp-content\/uploads\/2026\/03\/FOTO-DE-FUNDO.jpg 2002w\" sizes=\"(max-width: 768px) 100vw, 768px\" \/>\t\t\t\t\t\t\t\t\t\t\t\t\t\t\t<\/div>\n\t\t\t\t<\/div>\n\t\t\t\t\t<\/div>\n\t\t\t\t<\/div>\n\t\t<div class=\"elementor-element elementor-element-142d6a2 e-flex e-con-boxed e-con e-parent\" data-id=\"142d6a2\" data-element_type=\"container\" data-e-type=\"container\">\n\t\t\t\t\t<div class=\"e-con-inner\">\n\t\t\t\t<div class=\"elementor-element elementor-element-18cd6a2 elementor-widget__width-initial elementor-widget elementor-widget-heading\" data-id=\"18cd6a2\" data-element_type=\"widget\" data-e-type=\"widget\" data-widget_type=\"heading.default\">\n\t\t\t\t<div class=\"elementor-widget-container\">\n\t\t\t\t\t<h2 class=\"elementor-heading-title elementor-size-default\">\u00bfPor qu\u00e9 Pixel Pitch es esencial en los proyectos profesionales?<\/h2>\t\t\t\t<\/div>\n\t\t\t\t<\/div>\n\t\t\t\t\t<\/div>\n\t\t\t\t<\/div>\n\t\t<div class=\"elementor-element elementor-element-27b97cc e-flex e-con-boxed e-con e-parent\" data-id=\"27b97cc\" data-element_type=\"container\" data-e-type=\"container\">\n\t\t\t\t\t<div class=\"e-con-inner\">\n\t\t\t\t<div class=\"elementor-element elementor-element-edd5d30 elementor-widget__width-initial elementor-widget elementor-widget-text-editor\" data-id=\"edd5d30\" data-element_type=\"widget\" data-e-type=\"widget\" data-widget_type=\"text-editor.default\">\n\t\t\t\t<div class=\"elementor-widget-container\">\n\t\t\t\t\t\t\t\t\t<p>Las empresas que trabajan con comunicaci\u00f3n visual, eventos y arquitectura digital deben considerar el tama\u00f1o del p\u00edxel como un factor estrat\u00e9gico.<\/p><p>Leyard, como fabricante global de paneles LED, desarrolla soluciones con precisi\u00f3n milim\u00e9trica para diversas aplicaciones, garantizando:<\/p><ul><li>uniformidad de la imagen<\/li><li>resoluci\u00f3n alta<\/li><li>mejor experiencia visual<\/li><\/ul>\t\t\t\t\t\t\t\t<\/div>\n\t\t\t\t<\/div>\n\t\t\t\t<div class=\"elementor-element elementor-element-f5b0e47 elementor-widget__width-initial elementor-widget elementor-widget-text-editor\" data-id=\"f5b0e47\" data-element_type=\"widget\" data-e-type=\"widget\" data-widget_type=\"text-editor.default\">\n\t\t\t\t<div class=\"elementor-widget-container\">\n\t\t\t\t\t\t\t\t\t<p>Comprender el tama\u00f1o de los p\u00edxeles es fundamental para elegir el panel LED ideal.<\/p><p>M\u00e1s que un simple detalle t\u00e9cnico, es el factor que define la calidad final del proyecto.<\/p><p>Ya sea para ambientes interiores o para instalaciones a gran escala, confiar en un fabricante global como Leyard marca la diferencia a la hora de conseguir el resultado deseado.<\/p>\t\t\t\t\t\t\t\t<\/div>\n\t\t\t\t<\/div>\n\t\t\t\t\t<\/div>\n\t\t\t\t<\/div>\n\t\t<div class=\"elementor-element elementor-element-bcc8910 e-flex e-con-boxed e-con e-parent\" data-id=\"bcc8910\" data-element_type=\"container\" data-e-type=\"container\">\n\t\t\t\t\t<div class=\"e-con-inner\">\n\t\t\t\t<div class=\"elementor-element elementor-element-5839233 elementor-widget__width-initial elementor-widget elementor-widget-text-editor\" data-id=\"5839233\" data-element_type=\"widget\" data-e-type=\"widget\" data-widget_type=\"text-editor.default\">\n\t\t\t\t<div class=\"elementor-widget-container\">\n\t\t\t\t\t\t\t\t\t<p>Para saber qu\u00e9 panel LED es el ideal para su proyecto, consulte con un especialista:<\/p><p>WhatsApp: (41) 99219-5297<br \/>Correo electr\u00f3nico: sales.brazil@leyardgroup.com<\/p>\t\t\t\t\t\t\t\t<\/div>\n\t\t\t\t<\/div>\n\t\t\t\t\t<\/div>\n\t\t\t\t<\/div>\n\t\t\t\t<\/div>","protected":false},"excerpt":{"rendered":"<p>O que \u00e9 Pixel Pitch em Pain\u00e9is de LED? O que \u00e9 Pixel Pitch em pain\u00e9is de LED e por que ele define a qualidade da imagem? Quando se fala em qualidade de imagem em pain\u00e9is de LED, um dos principais fatores t\u00e9cnicos \u00e9 o pixel pitch. Esse termo \u00e9 fundamental para entender a resolu\u00e7\u00e3o, [&hellip;]<\/p>","protected":false},"author":4,"featured_media":0,"parent":0,"menu_order":0,"comment_status":"closed","ping_status":"closed","template":"","meta":{"footnotes":""},"class_list":["post-6192","page","type-page","status-publish","hentry"],"_links":{"self":[{"href":"https:\/\/leyard.com.br\/esp\/wp-json\/wp\/v2\/pages\/6192","targetHints":{"allow":["GET"]}}],"collection":[{"href":"https:\/\/leyard.com.br\/esp\/wp-json\/wp\/v2\/pages"}],"about":[{"href":"https:\/\/leyard.com.br\/esp\/wp-json\/wp\/v2\/types\/page"}],"author":[{"embeddable":true,"href":"https:\/\/leyard.com.br\/esp\/wp-json\/wp\/v2\/users\/4"}],"replies":[{"embeddable":true,"href":"https:\/\/leyard.com.br\/esp\/wp-json\/wp\/v2\/comments?post=6192"}],"version-history":[{"count":5,"href":"https:\/\/leyard.com.br\/esp\/wp-json\/wp\/v2\/pages\/6192\/revisions"}],"predecessor-version":[{"id":6204,"href":"https:\/\/leyard.com.br\/esp\/wp-json\/wp\/v2\/pages\/6192\/revisions\/6204"}],"wp:attachment":[{"href":"https:\/\/leyard.com.br\/esp\/wp-json\/wp\/v2\/media?parent=6192"}],"curies":[{"name":"wp","href":"https:\/\/api.w.org\/{rel}","templated":true}]}}