{"id":6220,"date":"2026-04-02T16:19:27","date_gmt":"2026-04-02T19:19:27","guid":{"rendered":"https:\/\/leyard.com.br\/?page_id=6220"},"modified":"2026-04-02T17:26:56","modified_gmt":"2026-04-02T20:26:56","slug":"painel-de-led-para-lojas","status":"publish","type":"page","link":"https:\/\/leyard.com.br\/esp\/painel-de-led-para-lojas\/","title":{"rendered":"Panel LED para tiendas"},"content":{"rendered":"<div data-elementor-type=\"wp-page\" data-elementor-id=\"6220\" class=\"elementor elementor-6220\" data-elementor-post-type=\"page\">\n\t\t\t\t<div class=\"elementor-element elementor-element-848a3f9 e-con-full e-flex e-con e-child\" data-id=\"848a3f9\" data-element_type=\"container\" data-e-type=\"container\" data-settings=\"{&quot;background_background&quot;:&quot;classic&quot;}\">\n\t\t\t\t<div class=\"elementor-element elementor-element-1d89869 elementor-widget__width-initial elementor-widget-mobile__width-initial elementor-widget elementor-widget-heading\" data-id=\"1d89869\" data-element_type=\"widget\" data-e-type=\"widget\" data-widget_type=\"heading.default\">\n\t\t\t\t<div class=\"elementor-widget-container\">\n\t\t\t\t\t<h1 class=\"elementor-heading-title elementor-size-default\">Paneles LED en tiendas <\/h1>\t\t\t\t<\/div>\n\t\t\t\t<\/div>\n\t\t\t\t<\/div>\n\t\t<div class=\"elementor-element elementor-element-ac1745f e-flex e-con-boxed e-con e-parent\" data-id=\"ac1745f\" data-element_type=\"container\" data-e-type=\"container\">\n\t\t\t\t\t<div class=\"e-con-inner\">\n\t\t\t\t<div class=\"elementor-element elementor-element-b384628 elementor-widget__width-initial elementor-widget elementor-widget-heading\" data-id=\"b384628\" data-element_type=\"widget\" data-e-type=\"widget\" data-widget_type=\"heading.default\">\n\t\t\t\t<div class=\"elementor-widget-container\">\n\t\t\t\t\t<h1 class=\"elementor-heading-title elementor-size-default\">Paneles de visualizaci\u00f3n LED para tiendas: c\u00f3mo atraer clientes y aumentar las ventas en el punto de venta.<\/h1>\t\t\t\t<\/div>\n\t\t\t\t<\/div>\n\t\t\t\t<div class=\"elementor-element elementor-element-d05b259 elementor-widget__width-initial elementor-widget elementor-widget-text-editor\" data-id=\"d05b259\" data-element_type=\"widget\" data-e-type=\"widget\" data-widget_type=\"text-editor.default\">\n\t\t\t\t<div class=\"elementor-widget-container\">\n\t\t\t\t\t\t\t\t\t<p data-start=\"3107\" data-end=\"3223\">El uso de <strong data-start=\"3116\" data-end=\"3143\">Panel LED para tienda<\/strong> Se ha convertido en una de las estrategias m\u00e1s efectivas para atraer la atenci\u00f3n en el sector minorista.<\/p><p data-start=\"3225\" data-end=\"3396\">Gracias a su gran impacto visual, esta tecnolog\u00eda transforma los escaparates y los interiores de las tiendas en experiencias din\u00e1micas, aumentando el tiempo de permanencia de los clientes e impulsando las ventas.<\/p><p data-start=\"3398\" data-end=\"3539\">Leyard, como fabricante global, desarrolla soluciones que se adaptan a diferentes formatos de tienda, desde peque\u00f1os comercios hasta grandes cadenas.<\/p>\t\t\t\t\t\t\t\t<\/div>\n\t\t\t\t<\/div>\n\t\t\t\t\t<\/div>\n\t\t\t\t<\/div>\n\t\t<div class=\"elementor-element elementor-element-5ba8227 e-flex e-con-boxed e-con e-parent\" data-id=\"5ba8227\" data-element_type=\"container\" data-e-type=\"container\">\n\t\t\t\t\t<div class=\"e-con-inner\">\n\t\t\t\t<div class=\"elementor-element elementor-element-8636a5d elementor-widget elementor-widget-image\" data-id=\"8636a5d\" data-element_type=\"widget\" data-e-type=\"widget\" data-widget_type=\"image.default\">\n\t\t\t\t<div class=\"elementor-widget-container\">\n\t\t\t\t\t\t\t\t\t\t\t\t\t\t\t<img fetchpriority=\"high\" decoding=\"async\" width=\"768\" height=\"511\" src=\"https:\/\/leyard.com.br\/wp-content\/uploads\/2025\/11\/Loja-eudora-1-768x511.png\" class=\"attachment-medium_large size-medium_large wp-image-4769\" alt=\"\" srcset=\"https:\/\/leyard.com.br\/wp-content\/uploads\/2025\/11\/Loja-eudora-1-768x511.png 768w, https:\/\/leyard.com.br\/wp-content\/uploads\/2025\/11\/Loja-eudora-1-300x200.png 300w, https:\/\/leyard.com.br\/wp-content\/uploads\/2025\/11\/Loja-eudora-1-1024x682.png 1024w, https:\/\/leyard.com.br\/wp-content\/uploads\/2025\/11\/Loja-eudora-1-18x12.png 18w, https:\/\/leyard.com.br\/wp-content\/uploads\/2025\/11\/Loja-eudora-1-600x400.png 600w, https:\/\/leyard.com.br\/wp-content\/uploads\/2025\/11\/Loja-eudora-1.png 1206w\" sizes=\"(max-width: 768px) 100vw, 768px\" \/>\t\t\t\t\t\t\t\t\t\t\t\t\t\t\t<\/div>\n\t\t\t\t<\/div>\n\t\t\t\t\t<\/div>\n\t\t\t\t<\/div>\n\t\t<div class=\"elementor-element elementor-element-022f2d2 e-flex e-con-boxed e-con e-parent\" data-id=\"022f2d2\" data-element_type=\"container\" data-e-type=\"container\">\n\t\t\t\t\t<div class=\"e-con-inner\">\n\t\t\t\t<div class=\"elementor-element elementor-element-e576fc1 elementor-widget__width-initial elementor-widget elementor-widget-heading\" data-id=\"e576fc1\" data-element_type=\"widget\" data-e-type=\"widget\" data-widget_type=\"heading.default\">\n\t\t\t\t<div class=\"elementor-widget-container\">\n\t\t\t\t\t<h2 class=\"elementor-heading-title elementor-size-default\">\u00bfC\u00f3mo contribuye la instalaci\u00f3n de paneles LED a aumentar las ventas?<\/h2>\t\t\t\t<\/div>\n\t\t\t\t<\/div>\n\t\t\t\t\t<\/div>\n\t\t\t\t<\/div>\n\t\t<div class=\"elementor-element elementor-element-fceb9fa e-flex e-con-boxed e-con e-parent\" data-id=\"fceb9fa\" data-element_type=\"container\" data-e-type=\"container\">\n\t\t\t\t\t<div class=\"e-con-inner\">\n\t\t\t\t<div class=\"elementor-element elementor-element-8348d4e elementor-widget__width-initial elementor-widget elementor-widget-text-editor\" data-id=\"8348d4e\" data-element_type=\"widget\" data-e-type=\"widget\" data-widget_type=\"text-editor.default\">\n\t\t\t\t<div class=\"elementor-widget-container\">\n\t\t\t\t\t\t\t\t\t<p data-start=\"1366\" data-end=\"1566\">Los paneles LED influyen directamente en c\u00f3mo los consumidores interact\u00faan con su entorno. Al destacar los productos con v\u00eddeos, campa\u00f1as o animaciones, hacen que la comunicaci\u00f3n sea m\u00e1s atractiva y f\u00e1cil de comprender.<\/p><p data-start=\"1568\" data-end=\"1793\">Adem\u00e1s, la capacidad de actualizar el contenido en tiempo real permite ajustar r\u00e1pidamente las promociones, los lanzamientos y las campa\u00f1as de temporada, manteniendo la tienda siempre relevante y alineada con el comportamiento de la audiencia.<\/p>\t\t\t\t\t\t\t\t<\/div>\n\t\t\t\t<\/div>\n\t\t\t\t\t<\/div>\n\t\t\t\t<\/div>\n\t\t<div class=\"elementor-element elementor-element-62ebb52 e-flex e-con-boxed e-con e-parent\" data-id=\"62ebb52\" data-element_type=\"container\" data-e-type=\"container\">\n\t\t\t\t\t<div class=\"e-con-inner\">\n\t\t\t\t<div class=\"elementor-element elementor-element-ab73e6c elementor-widget elementor-widget-image\" data-id=\"ab73e6c\" data-element_type=\"widget\" data-e-type=\"widget\" data-widget_type=\"image.default\">\n\t\t\t\t<div class=\"elementor-widget-container\">\n\t\t\t\t\t\t\t\t\t\t\t\t\t\t\t<img decoding=\"async\" width=\"740\" height=\"396\" src=\"https:\/\/leyard.com.br\/wp-content\/uploads\/2025\/06\/395378_5f74ac5f5ca04566b4d85ba1e84723d2mv2.jpeg\" class=\"attachment-medium_large size-medium_large wp-image-3208\" alt=\"\" srcset=\"https:\/\/leyard.com.br\/wp-content\/uploads\/2025\/06\/395378_5f74ac5f5ca04566b4d85ba1e84723d2mv2.jpeg 740w, https:\/\/leyard.com.br\/wp-content\/uploads\/2025\/06\/395378_5f74ac5f5ca04566b4d85ba1e84723d2mv2-300x161.jpeg 300w\" sizes=\"(max-width: 740px) 100vw, 740px\" \/>\t\t\t\t\t\t\t\t\t\t\t\t\t\t\t<\/div>\n\t\t\t\t<\/div>\n\t\t\t\t\t<\/div>\n\t\t\t\t<\/div>\n\t\t<div class=\"elementor-element elementor-element-20b0a76 e-flex e-con-boxed e-con e-parent\" data-id=\"20b0a76\" data-element_type=\"container\" data-e-type=\"container\">\n\t\t\t\t\t<div class=\"e-con-inner\">\n\t\t\t\t<div class=\"elementor-element elementor-element-babe4e0 elementor-widget__width-initial elementor-widget elementor-widget-heading\" data-id=\"babe4e0\" data-element_type=\"widget\" data-e-type=\"widget\" data-widget_type=\"heading.default\">\n\t\t\t\t<div class=\"elementor-widget-container\">\n\t\t\t\t\t<h2 class=\"elementor-heading-title elementor-size-default\">\u00bfCu\u00e1l es el mejor panel LED para una tienda?<\/h2>\t\t\t\t<\/div>\n\t\t\t\t<\/div>\n\t\t\t\t\t<\/div>\n\t\t\t\t<\/div>\n\t\t<div class=\"elementor-element elementor-element-61ba442 e-flex e-con-boxed e-con e-parent\" data-id=\"61ba442\" data-element_type=\"container\" data-e-type=\"container\">\n\t\t\t\t\t<div class=\"e-con-inner\">\n\t\t\t\t<div class=\"elementor-element elementor-element-11f39c9 elementor-widget__width-initial elementor-widget elementor-widget-text-editor\" data-id=\"11f39c9\" data-element_type=\"widget\" data-e-type=\"widget\" data-widget_type=\"text-editor.default\">\n\t\t\t\t<div class=\"elementor-widget-container\">\n\t\t\t\t\t\t\t\t\t<p data-start=\"2021\" data-end=\"2267\">La elecci\u00f3n del panel de visualizaci\u00f3n ideal depende principalmente de la distancia de visualizaci\u00f3n y del tipo de aplicaci\u00f3n. En las tiendas, donde el p\u00fablico suele estar cerca de la pantalla, es fundamental trabajar con resoluciones m\u00e1s altas, garantizando nitidez y comodidad visual.<\/p><p data-start=\"2021\" data-end=\"2267\">\u00a0<\/p><p data-start=\"2269\" data-end=\"2451\">Otro punto importante es la fidelidad del color, especialmente en segmentos como la moda, la belleza y la tecnolog\u00eda, donde la presentaci\u00f3n del producto influye directamente en la decisi\u00f3n de compra.<\/p><p data-start=\"2269\" data-end=\"2451\">\u00a0<\/p><p data-start=\"2453\" data-end=\"2644\">Adem\u00e1s de la calidad de imagen, el dise\u00f1o tambi\u00e9n es un factor relevante. Los paneles m\u00e1s discretos, bien integrados en el entorno, contribuyen a realzar el espacio sin interferir con la identidad visual de la tienda.<\/p>\t\t\t\t\t\t\t\t<\/div>\n\t\t\t\t<\/div>\n\t\t\t\t\t<\/div>\n\t\t\t\t<\/div>\n\t\t<div class=\"elementor-element elementor-element-7780e2f e-flex e-con-boxed e-con e-parent\" data-id=\"7780e2f\" data-element_type=\"container\" data-e-type=\"container\">\n\t\t\t\t\t<div class=\"e-con-inner\">\n\t\t\t\t<div class=\"elementor-element elementor-element-daa1437 elementor-widget elementor-widget-image\" data-id=\"daa1437\" data-element_type=\"widget\" data-e-type=\"widget\" data-widget_type=\"image.default\">\n\t\t\t\t<div class=\"elementor-widget-container\">\n\t\t\t\t\t\t\t\t\t\t\t\t\t\t\t<img decoding=\"async\" width=\"768\" height=\"512\" src=\"https:\/\/leyard.com.br\/wp-content\/uploads\/2025\/06\/download-20-768x512.png\" class=\"attachment-medium_large size-medium_large wp-image-2179\" alt=\"\" srcset=\"https:\/\/leyard.com.br\/wp-content\/uploads\/2025\/06\/download-20-768x512.png 768w, https:\/\/leyard.com.br\/wp-content\/uploads\/2025\/06\/download-20-300x200.png 300w, https:\/\/leyard.com.br\/wp-content\/uploads\/2025\/06\/download-20-1024x683.png 1024w, https:\/\/leyard.com.br\/wp-content\/uploads\/2025\/06\/download-20-1536x1024.png 1536w, https:\/\/leyard.com.br\/wp-content\/uploads\/2025\/06\/download-20-2048x1365.png 2048w\" sizes=\"(max-width: 768px) 100vw, 768px\" \/>\t\t\t\t\t\t\t\t\t\t\t\t\t\t\t<\/div>\n\t\t\t\t<\/div>\n\t\t\t\t\t<\/div>\n\t\t\t\t<\/div>\n\t\t<div class=\"elementor-element elementor-element-f86aea5 e-flex e-con-boxed e-con e-parent\" data-id=\"f86aea5\" data-element_type=\"container\" data-e-type=\"container\">\n\t\t\t\t\t<div class=\"e-con-inner\">\n\t\t\t\t<div class=\"elementor-element elementor-element-744e124 elementor-widget__width-initial elementor-widget elementor-widget-heading\" data-id=\"744e124\" data-element_type=\"widget\" data-e-type=\"widget\" data-widget_type=\"heading.default\">\n\t\t\t\t<div class=\"elementor-widget-container\">\n\t\t\t\t\t<h2 class=\"elementor-heading-title elementor-size-default\">\u00bfCu\u00e1ndo deber\u00edan utilizarse paneles LED en proyectos de dise\u00f1o de tiendas?<\/h2>\t\t\t\t<\/div>\n\t\t\t\t<\/div>\n\t\t\t\t\t<\/div>\n\t\t\t\t<\/div>\n\t\t<div class=\"elementor-element elementor-element-b3beaff e-flex e-con-boxed e-con e-parent\" data-id=\"b3beaff\" data-element_type=\"container\" data-e-type=\"container\">\n\t\t\t\t\t<div class=\"e-con-inner\">\n\t\t\t\t<div class=\"elementor-element elementor-element-df723ee elementor-widget__width-initial elementor-widget elementor-widget-text-editor\" data-id=\"df723ee\" data-element_type=\"widget\" data-e-type=\"widget\" data-widget_type=\"text-editor.default\">\n\t\t\t\t<div class=\"elementor-widget-container\">\n\t\t\t\t\t\t\t\t\t<div class=\"flex flex-col text-sm pb-25\"><section class=\"text-token-text-primary w-full focus:outline-none [--shadow-height:45px] has-data-writing-block:pointer-events-none has-data-writing-block:-mt-(--shadow-height) has-data-writing-block:pt-(--shadow-height) [&amp;:has([data-writing-block])&gt;*]:pointer-events-auto scroll-mt-[calc(var(--header-height)+min(200px,max(70px,20svh)))]\" dir=\"auto\" data-turn-id=\"request-69c1975a-6640-8325-bb6e-217b97c03265-5\" data-testid=\"conversation-turn-12\" data-scroll-anchor=\"true\" data-turn=\"assistant\"><div class=\"text-base my-auto mx-auto pb-10 [--thread-content-margin:var(--thread-content-margin-xs,calc(var(--spacing)*4))] @w-sm\/main:[--thread-content-margin:var(--thread-content-margin-sm,calc(var(--spacing)*6))] @w-lg\/main:[--thread-content-margin:var(--thread-content-margin-lg,calc(var(--spacing)*16))] px-(--thread-content-margin)\"><div class=\"[--thread-content-max-width:40rem] @w-lg\/main:[--thread-content-max-width:48rem] mx-auto max-w-(--thread-content-max-width) flex-1 group\/turn-messages focus-visible:outline-hidden relative flex w-full min-w-0 flex-col agent-turn\"><div class=\"flex max-w-full flex-col gap-4 grow\"><div class=\"min-h-8 text-message relative flex w-full flex-col items-end gap-2 text-start break-words whitespace-normal outline-none keyboard-focused:focus-ring [.text-message+&amp;]:mt-1\" dir=\"auto\" tabindex=\"0\" data-message-author-role=\"assistant\" data-message-id=\"0022fe2c-d160-4d02-bf71-6468492ac69f\" data-message-model-slug=\"gpt-5-3\" data-turn-start-message=\"true\"><div class=\"flex w-full flex-col gap-1 empty:hidden\"><div class=\"markdown prose dark:prose-invert w-full wrap-break-word light markdown-new-styling\"><p data-start=\"164\" data-end=\"306\">Los paneles LED son una soluci\u00f3n estrat\u00e9gica para las tiendas que buscan un mayor impacto visual y una comunicaci\u00f3n m\u00e1s din\u00e1mica en el punto de venta.<\/p><p data-start=\"164\" data-end=\"306\">\u00a0<\/p><p data-start=\"308\" data-end=\"649\">Su aplicaci\u00f3n es especialmente id\u00f3nea para escaparates, zonas destacadas y espacios donde se necesita captar la atenci\u00f3n del p\u00fablico de forma r\u00e1pida y eficaz. Gracias a su alta calidad de imagen y excelente rendimiento en diferentes condiciones de iluminaci\u00f3n, el panel ayuda a realzar los productos y a reforzar la presencia de la marca en el entorno f\u00edsico.<\/p><p data-start=\"308\" data-end=\"649\">\u00a0<\/p><p data-start=\"651\" data-end=\"839\">Otra caracter\u00edstica distintiva es la flexibilidad de formato, que permite que el panel se adapte a la distribuci\u00f3n de la tienda y al concepto del proyecto, creando una experiencia visual m\u00e1s integrada y personalizada.<\/p><p data-start=\"651\" data-end=\"839\">\u00a0<\/p><p data-start=\"841\" data-end=\"985\" data-is-last-node=\"\" data-is-only-node=\"\">La elecci\u00f3n ideal debe tener en cuenta el objetivo de comunicaci\u00f3n, el espacio disponible y el tipo de experiencia que se desea ofrecer al consumidor.<\/p><\/div><\/div><\/div><\/div><div class=\"z-0 flex min-h-[46px] justify-start\">\u00a0<\/div><div class=\"mt-3 w-full empty:hidden\"><div class=\"text-center\">\u00a0<\/div><\/div><\/div><\/div><\/section><\/div><div class=\"pointer-events-none h-px w-px absolute bottom-0\" aria-hidden=\"true\" data-edge=\"true\">\u00a0<\/div>\t\t\t\t\t\t\t\t<\/div>\n\t\t\t\t<\/div>\n\t\t\t\t\t<\/div>\n\t\t\t\t<\/div>\n\t\t<div class=\"elementor-element elementor-element-474daf4 e-flex e-con-boxed e-con e-parent\" data-id=\"474daf4\" data-element_type=\"container\" data-e-type=\"container\">\n\t\t\t\t\t<div class=\"e-con-inner\">\n\t\t\t\t<div class=\"elementor-element elementor-element-070f055 elementor-widget__width-initial elementor-widget elementor-widget-text-editor\" data-id=\"070f055\" data-element_type=\"widget\" data-e-type=\"widget\" data-widget_type=\"text-editor.default\">\n\t\t\t\t<div class=\"elementor-widget-container\">\n\t\t\t\t\t\t\t\t\t<p>Para saber qu\u00e9 panel LED es el ideal para su proyecto, consulte con un especialista:<\/p><p>WhatsApp: (41) 99219-5297<br \/>Correo electr\u00f3nico: sales.brazil@leyardgroup.com<\/p>\t\t\t\t\t\t\t\t<\/div>\n\t\t\t\t<\/div>\n\t\t\t\t\t<\/div>\n\t\t\t\t<\/div>\n\t\t\t\t<\/div>","protected":false},"excerpt":{"rendered":"<p>Pain\u00e9is de LED em Lojas Painel de LED para Loja: Como Atrair Clientes e Aumentar Vendas no Ponto de Venda O uso de painel de LED para loja tem se tornado uma das estrat\u00e9gias mais eficazes para atrair aten\u00e7\u00e3o no varejo. Com alto impacto visual, essa tecnologia transforma vitrines e interiores em experi\u00eancias din\u00e2micas, aumentando [&hellip;]<\/p>","protected":false},"author":4,"featured_media":0,"parent":0,"menu_order":0,"comment_status":"closed","ping_status":"closed","template":"","meta":{"footnotes":""},"class_list":["post-6220","page","type-page","status-publish","hentry"],"_links":{"self":[{"href":"https:\/\/leyard.com.br\/esp\/wp-json\/wp\/v2\/pages\/6220","targetHints":{"allow":["GET"]}}],"collection":[{"href":"https:\/\/leyard.com.br\/esp\/wp-json\/wp\/v2\/pages"}],"about":[{"href":"https:\/\/leyard.com.br\/esp\/wp-json\/wp\/v2\/types\/page"}],"author":[{"embeddable":true,"href":"https:\/\/leyard.com.br\/esp\/wp-json\/wp\/v2\/users\/4"}],"replies":[{"embeddable":true,"href":"https:\/\/leyard.com.br\/esp\/wp-json\/wp\/v2\/comments?post=6220"}],"version-history":[{"count":5,"href":"https:\/\/leyard.com.br\/esp\/wp-json\/wp\/v2\/pages\/6220\/revisions"}],"predecessor-version":[{"id":6226,"href":"https:\/\/leyard.com.br\/esp\/wp-json\/wp\/v2\/pages\/6220\/revisions\/6226"}],"wp:attachment":[{"href":"https:\/\/leyard.com.br\/esp\/wp-json\/wp\/v2\/media?parent=6220"}],"curies":[{"name":"wp","href":"https:\/\/api.w.org\/{rel}","templated":true}]}}