{"id":6227,"date":"2026-04-06T08:33:28","date_gmt":"2026-04-06T11:33:28","guid":{"rendered":"https:\/\/leyard.com.br\/?page_id=6227"},"modified":"2026-04-06T09:12:34","modified_gmt":"2026-04-06T12:12:34","slug":"onde-usar-painel-de-led","status":"publish","type":"page","link":"https:\/\/leyard.com.br\/esp\/onde-usar-painel-de-led\/","title":{"rendered":"ONDE USAR PAINEL DE LED?"},"content":{"rendered":"<div data-elementor-type=\"wp-page\" data-elementor-id=\"6227\" class=\"elementor elementor-6227\" data-elementor-post-type=\"page\">\n\t\t\t\t<div class=\"elementor-element elementor-element-848a3f9 e-con-full e-flex e-con e-child\" data-id=\"848a3f9\" data-element_type=\"container\" data-e-type=\"container\" data-settings=\"{&quot;background_background&quot;:&quot;classic&quot;}\">\n\t\t\t\t<div class=\"elementor-element elementor-element-1d89869 elementor-widget__width-initial elementor-widget-mobile__width-initial elementor-widget elementor-widget-heading\" data-id=\"1d89869\" data-element_type=\"widget\" data-e-type=\"widget\" data-widget_type=\"heading.default\">\n\t\t\t\t<div class=\"elementor-widget-container\">\n\t\t\t\t\t<h1 class=\"elementor-heading-title elementor-size-default\">Onde Usar Painel De Led?<\/h1>\t\t\t\t<\/div>\n\t\t\t\t<\/div>\n\t\t\t\t<\/div>\n\t\t<div class=\"elementor-element elementor-element-ac1745f e-flex e-con-boxed e-con e-parent\" data-id=\"ac1745f\" data-element_type=\"container\" data-e-type=\"container\">\n\t\t\t\t\t<div class=\"e-con-inner\">\n\t\t\t\t<div class=\"elementor-element elementor-element-b384628 elementor-widget__width-initial elementor-widget elementor-widget-heading\" data-id=\"b384628\" data-element_type=\"widget\" data-e-type=\"widget\" data-widget_type=\"heading.default\">\n\t\t\t\t<div class=\"elementor-widget-container\">\n\t\t\t\t\t<h1 class=\"elementor-heading-title elementor-size-default\">ONDE USAR PAINEL DE LED?<\/h1>\t\t\t\t<\/div>\n\t\t\t\t<\/div>\n\t\t\t\t<div class=\"elementor-element elementor-element-d05b259 elementor-widget__width-initial elementor-widget elementor-widget-text-editor\" data-id=\"d05b259\" data-element_type=\"widget\" data-e-type=\"widget\" data-widget_type=\"text-editor.default\">\n\t\t\t\t<div class=\"elementor-widget-container\">\n\t\t\t\t\t\t\t\t\t<p>O painel de LED pode ser utilizado em diversos ambientes, como empresas, eventos, fachadas, lojas e espa\u00e7os corporativos. Sua versatilidade permite aplica\u00e7\u00f5es tanto para comunica\u00e7\u00e3o visual quanto para cria\u00e7\u00e3o de experi\u00eancias imersivas e de alto impacto.<\/p>\t\t\t\t\t\t\t\t<\/div>\n\t\t\t\t<\/div>\n\t\t\t\t\t<\/div>\n\t\t\t\t<\/div>\n\t\t<div class=\"elementor-element elementor-element-5ba8227 e-flex e-con-boxed e-con e-parent\" data-id=\"5ba8227\" data-element_type=\"container\" data-e-type=\"container\">\n\t\t\t\t\t<div class=\"e-con-inner\">\n\t\t\t\t<div class=\"elementor-element elementor-element-8636a5d elementor-widget elementor-widget-image\" data-id=\"8636a5d\" data-element_type=\"widget\" data-e-type=\"widget\" data-widget_type=\"image.default\">\n\t\t\t\t<div class=\"elementor-widget-container\">\n\t\t\t\t\t\t\t\t\t\t\t\t\t\t\t<img fetchpriority=\"high\" decoding=\"async\" width=\"768\" height=\"531\" src=\"https:\/\/leyard.com.br\/wp-content\/uploads\/2025\/10\/SHOPPING-GRAN-PLAZA--768x531.png\" class=\"attachment-medium_large size-medium_large wp-image-4622\" alt=\"\" srcset=\"https:\/\/leyard.com.br\/wp-content\/uploads\/2025\/10\/SHOPPING-GRAN-PLAZA--768x531.png 768w, https:\/\/leyard.com.br\/wp-content\/uploads\/2025\/10\/SHOPPING-GRAN-PLAZA--300x207.png 300w, https:\/\/leyard.com.br\/wp-content\/uploads\/2025\/10\/SHOPPING-GRAN-PLAZA--18x12.png 18w, https:\/\/leyard.com.br\/wp-content\/uploads\/2025\/10\/SHOPPING-GRAN-PLAZA--600x415.png 600w, https:\/\/leyard.com.br\/wp-content\/uploads\/2025\/10\/SHOPPING-GRAN-PLAZA-.png 799w\" sizes=\"(max-width: 768px) 100vw, 768px\" \/>\t\t\t\t\t\t\t\t\t\t\t\t\t\t\t<\/div>\n\t\t\t\t<\/div>\n\t\t\t\t\t<\/div>\n\t\t\t\t<\/div>\n\t\t<div class=\"elementor-element elementor-element-022f2d2 e-flex e-con-boxed e-con e-parent\" data-id=\"022f2d2\" data-element_type=\"container\" data-e-type=\"container\">\n\t\t\t\t\t<div class=\"e-con-inner\">\n\t\t\t\t<div class=\"elementor-element elementor-element-e576fc1 elementor-widget__width-initial elementor-widget elementor-widget-heading\" data-id=\"e576fc1\" data-element_type=\"widget\" data-e-type=\"widget\" data-widget_type=\"heading.default\">\n\t\t\t\t<div class=\"elementor-widget-container\">\n\t\t\t\t\t<h2 class=\"elementor-heading-title elementor-size-default\">Uso em ambientes corporativos<\/h2>\t\t\t\t<\/div>\n\t\t\t\t<\/div>\n\t\t\t\t\t<\/div>\n\t\t\t\t<\/div>\n\t\t<div class=\"elementor-element elementor-element-fceb9fa e-flex e-con-boxed e-con e-parent\" data-id=\"fceb9fa\" data-element_type=\"container\" data-e-type=\"container\">\n\t\t\t\t\t<div class=\"e-con-inner\">\n\t\t\t\t<div class=\"elementor-element elementor-element-8348d4e elementor-widget__width-initial elementor-widget elementor-widget-text-editor\" data-id=\"8348d4e\" data-element_type=\"widget\" data-e-type=\"widget\" data-widget_type=\"text-editor.default\">\n\t\t\t\t<div class=\"elementor-widget-container\">\n\t\t\t\t\t\t\t\t\t<p>Em empresas, o painel de LED \u00e9 utilizado em recep\u00e7\u00f5es, salas de reuni\u00e3o e audit\u00f3rios, ajudando a modernizar o ambiente e melhorar a comunica\u00e7\u00e3o interna e institucional.<\/p>\t\t\t\t\t\t\t\t<\/div>\n\t\t\t\t<\/div>\n\t\t\t\t\t<\/div>\n\t\t\t\t<\/div>\n\t\t<div class=\"elementor-element elementor-element-62ebb52 e-flex e-con-boxed e-con e-parent\" data-id=\"62ebb52\" data-element_type=\"container\" data-e-type=\"container\">\n\t\t\t\t\t<div class=\"e-con-inner\">\n\t\t\t\t<div class=\"elementor-element elementor-element-ab73e6c elementor-widget elementor-widget-image\" data-id=\"ab73e6c\" data-element_type=\"widget\" data-e-type=\"widget\" data-widget_type=\"image.default\">\n\t\t\t\t<div class=\"elementor-widget-container\">\n\t\t\t\t\t\t\t\t\t\t\t\t\t\t\t<img decoding=\"async\" width=\"768\" height=\"513\" src=\"https:\/\/leyard.com.br\/wp-content\/uploads\/2025\/06\/download-27-768x513.png\" class=\"attachment-medium_large size-medium_large wp-image-2173\" alt=\"\" srcset=\"https:\/\/leyard.com.br\/wp-content\/uploads\/2025\/06\/download-27-768x513.png 768w, https:\/\/leyard.com.br\/wp-content\/uploads\/2025\/06\/download-27-300x200.png 300w, https:\/\/leyard.com.br\/wp-content\/uploads\/2025\/06\/download-27-1024x684.png 1024w, https:\/\/leyard.com.br\/wp-content\/uploads\/2025\/06\/download-27-1536x1026.png 1536w, https:\/\/leyard.com.br\/wp-content\/uploads\/2025\/06\/download-27.png 1920w\" sizes=\"(max-width: 768px) 100vw, 768px\" \/>\t\t\t\t\t\t\t\t\t\t\t\t\t\t\t<\/div>\n\t\t\t\t<\/div>\n\t\t\t\t\t<\/div>\n\t\t\t\t<\/div>\n\t\t<div class=\"elementor-element elementor-element-20b0a76 e-flex e-con-boxed e-con e-parent\" data-id=\"20b0a76\" data-element_type=\"container\" data-e-type=\"container\">\n\t\t\t\t\t<div class=\"e-con-inner\">\n\t\t\t\t<div class=\"elementor-element elementor-element-babe4e0 elementor-widget__width-initial elementor-widget elementor-widget-heading\" data-id=\"babe4e0\" data-element_type=\"widget\" data-e-type=\"widget\" data-widget_type=\"heading.default\">\n\t\t\t\t<div class=\"elementor-widget-container\">\n\t\t\t\t\t<h2 class=\"elementor-heading-title elementor-size-default\">Aplica\u00e7\u00e3o em publicidade e varejo<\/h2>\t\t\t\t<\/div>\n\t\t\t\t<\/div>\n\t\t\t\t\t<\/div>\n\t\t\t\t<\/div>\n\t\t<div class=\"elementor-element elementor-element-61ba442 e-flex e-con-boxed e-con e-parent\" data-id=\"61ba442\" data-element_type=\"container\" data-e-type=\"container\">\n\t\t\t\t\t<div class=\"e-con-inner\">\n\t\t\t\t<div class=\"elementor-element elementor-element-11f39c9 elementor-widget__width-initial elementor-widget elementor-widget-text-editor\" data-id=\"11f39c9\" data-element_type=\"widget\" data-e-type=\"widget\" data-widget_type=\"text-editor.default\">\n\t\t\t\t<div class=\"elementor-widget-container\">\n\t\t\t\t\t\t\t\t\t<p>No varejo e na m\u00eddia digital, os pain\u00e9is de LED s\u00e3o usados para atrair aten\u00e7\u00e3o, destacar produtos e aumentar a visibilidade das marcas em pontos estrat\u00e9gicos.<\/p>\t\t\t\t\t\t\t\t<\/div>\n\t\t\t\t<\/div>\n\t\t\t\t\t<\/div>\n\t\t\t\t<\/div>\n\t\t<div class=\"elementor-element elementor-element-7780e2f e-flex e-con-boxed e-con e-parent\" data-id=\"7780e2f\" data-element_type=\"container\" data-e-type=\"container\">\n\t\t\t\t\t<div class=\"e-con-inner\">\n\t\t\t\t<div class=\"elementor-element elementor-element-daa1437 elementor-widget elementor-widget-image\" data-id=\"daa1437\" data-element_type=\"widget\" data-e-type=\"widget\" data-widget_type=\"image.default\">\n\t\t\t\t<div class=\"elementor-widget-container\">\n\t\t\t\t\t\t\t\t\t\t\t\t\t\t\t<img decoding=\"async\" width=\"768\" height=\"512\" src=\"https:\/\/leyard.com.br\/wp-content\/uploads\/2025\/06\/download-20-768x512.png\" class=\"attachment-medium_large size-medium_large wp-image-2179\" alt=\"\" srcset=\"https:\/\/leyard.com.br\/wp-content\/uploads\/2025\/06\/download-20-768x512.png 768w, https:\/\/leyard.com.br\/wp-content\/uploads\/2025\/06\/download-20-300x200.png 300w, https:\/\/leyard.com.br\/wp-content\/uploads\/2025\/06\/download-20-1024x683.png 1024w, https:\/\/leyard.com.br\/wp-content\/uploads\/2025\/06\/download-20-1536x1024.png 1536w, https:\/\/leyard.com.br\/wp-content\/uploads\/2025\/06\/download-20-2048x1365.png 2048w\" sizes=\"(max-width: 768px) 100vw, 768px\" \/>\t\t\t\t\t\t\t\t\t\t\t\t\t\t\t<\/div>\n\t\t\t\t<\/div>\n\t\t\t\t\t<\/div>\n\t\t\t\t<\/div>\n\t\t<div class=\"elementor-element elementor-element-f86aea5 e-flex e-con-boxed e-con e-parent\" data-id=\"f86aea5\" data-element_type=\"container\" data-e-type=\"container\">\n\t\t\t\t\t<div class=\"e-con-inner\">\n\t\t\t\t<div class=\"elementor-element elementor-element-744e124 elementor-widget__width-initial elementor-widget elementor-widget-heading\" data-id=\"744e124\" data-element_type=\"widget\" data-e-type=\"widget\" data-widget_type=\"heading.default\">\n\t\t\t\t<div class=\"elementor-widget-container\">\n\t\t\t\t\t<h2 class=\"elementor-heading-title elementor-size-default\">Uso em eventos e entretenimento<\/h2>\t\t\t\t<\/div>\n\t\t\t\t<\/div>\n\t\t\t\t\t<\/div>\n\t\t\t\t<\/div>\n\t\t<div class=\"elementor-element elementor-element-b3beaff e-flex e-con-boxed e-con e-parent\" data-id=\"b3beaff\" data-element_type=\"container\" data-e-type=\"container\">\n\t\t\t\t\t<div class=\"e-con-inner\">\n\t\t\t\t<div class=\"elementor-element elementor-element-df723ee elementor-widget__width-initial elementor-widget elementor-widget-text-editor\" data-id=\"df723ee\" data-element_type=\"widget\" data-e-type=\"widget\" data-widget_type=\"text-editor.default\">\n\t\t\t\t<div class=\"elementor-widget-container\">\n\t\t\t\t\t\t\t\t\t<p>Eventos, shows e feiras utilizam pain\u00e9is de LED para criar cen\u00e1rios din\u00e2micos e experi\u00eancias visuais impactantes, com conte\u00fado que pode ser atualizado em tempo real.<\/p>\t\t\t\t\t\t\t\t<\/div>\n\t\t\t\t<\/div>\n\t\t\t\t\t<\/div>\n\t\t\t\t<\/div>\n\t\t<div class=\"elementor-element elementor-element-16eac4d e-flex e-con-boxed e-con e-parent\" data-id=\"16eac4d\" data-element_type=\"container\" data-e-type=\"container\">\n\t\t\t\t\t<div class=\"e-con-inner\">\n\t\t\t\t<div class=\"elementor-element elementor-element-e21f3b4 elementor-widget__width-initial elementor-widget elementor-widget-heading\" data-id=\"e21f3b4\" data-element_type=\"widget\" data-e-type=\"widget\" data-widget_type=\"heading.default\">\n\t\t\t\t<div class=\"elementor-widget-container\">\n\t\t\t\t\t<h2 class=\"elementor-heading-title elementor-size-default\">Versatilidade e personaliza\u00e7\u00e3o<\/h2>\t\t\t\t<\/div>\n\t\t\t\t<\/div>\n\t\t\t\t\t<\/div>\n\t\t\t\t<\/div>\n\t\t<div class=\"elementor-element elementor-element-ebfedb0 e-flex e-con-boxed e-con e-parent\" data-id=\"ebfedb0\" data-element_type=\"container\" data-e-type=\"container\">\n\t\t\t\t\t<div class=\"e-con-inner\">\n\t\t\t\t<div class=\"elementor-element elementor-element-6b68005 elementor-widget__width-initial elementor-widget elementor-widget-text-editor\" data-id=\"6b68005\" data-element_type=\"widget\" data-e-type=\"widget\" data-widget_type=\"text-editor.default\">\n\t\t\t\t<div class=\"elementor-widget-container\">\n\t\t\t\t\t\t\t\t\t<p>Uma das principais vantagens do painel de LED \u00e9 a possibilidade de adapta\u00e7\u00e3o em diferentes formatos e tamanhos, permitindo solu\u00e7\u00f5es personalizadas para cada tipo de projeto.<\/p>\t\t\t\t\t\t\t\t<\/div>\n\t\t\t\t<\/div>\n\t\t\t\t\t<\/div>\n\t\t\t\t<\/div>\n\t\t<div class=\"elementor-element elementor-element-474daf4 e-flex e-con-boxed e-con e-parent\" data-id=\"474daf4\" data-element_type=\"container\" data-e-type=\"container\">\n\t\t\t\t\t<div class=\"e-con-inner\">\n\t\t\t\t<div class=\"elementor-element elementor-element-070f055 elementor-widget__width-initial elementor-widget elementor-widget-text-editor\" data-id=\"070f055\" data-element_type=\"widget\" data-e-type=\"widget\" data-widget_type=\"text-editor.default\">\n\t\t\t\t<div class=\"elementor-widget-container\">\n\t\t\t\t\t\t\t\t\t<p>Para saber qu\u00e9 panel LED es el ideal para su proyecto, consulte con un especialista:<\/p><p>WhatsApp: (41) 99219-5297<br \/>E-mail: sales.brazil@<br \/>leyardgroup.com<\/p>\t\t\t\t\t\t\t\t<\/div>\n\t\t\t\t<\/div>\n\t\t\t\t\t<\/div>\n\t\t\t\t<\/div>\n\t\t\t\t<\/div>","protected":false},"excerpt":{"rendered":"<p>Onde Usar Painel De Led? ONDE USAR PAINEL DE LED? O painel de LED pode ser utilizado em diversos ambientes, como empresas, eventos, fachadas, lojas e espa\u00e7os corporativos. Sua versatilidade permite aplica\u00e7\u00f5es tanto para comunica\u00e7\u00e3o visual quanto para cria\u00e7\u00e3o de experi\u00eancias imersivas e de alto impacto. Uso em ambientes corporativos Em empresas, o painel de [&hellip;]<\/p>","protected":false},"author":4,"featured_media":0,"parent":0,"menu_order":0,"comment_status":"closed","ping_status":"closed","template":"","meta":{"footnotes":""},"class_list":["post-6227","page","type-page","status-publish","hentry"],"_links":{"self":[{"href":"https:\/\/leyard.com.br\/esp\/wp-json\/wp\/v2\/pages\/6227","targetHints":{"allow":["GET"]}}],"collection":[{"href":"https:\/\/leyard.com.br\/esp\/wp-json\/wp\/v2\/pages"}],"about":[{"href":"https:\/\/leyard.com.br\/esp\/wp-json\/wp\/v2\/types\/page"}],"author":[{"embeddable":true,"href":"https:\/\/leyard.com.br\/esp\/wp-json\/wp\/v2\/users\/4"}],"replies":[{"embeddable":true,"href":"https:\/\/leyard.com.br\/esp\/wp-json\/wp\/v2\/comments?post=6227"}],"version-history":[{"count":5,"href":"https:\/\/leyard.com.br\/esp\/wp-json\/wp\/v2\/pages\/6227\/revisions"}],"predecessor-version":[{"id":6233,"href":"https:\/\/leyard.com.br\/esp\/wp-json\/wp\/v2\/pages\/6227\/revisions\/6233"}],"wp:attachment":[{"href":"https:\/\/leyard.com.br\/esp\/wp-json\/wp\/v2\/media?parent=6227"}],"curies":[{"name":"wp","href":"https:\/\/api.w.org\/{rel}","templated":true}]}}