{"id":6243,"date":"2026-04-08T08:59:28","date_gmt":"2026-04-08T11:59:28","guid":{"rendered":"https:\/\/leyard.com.br\/?page_id=6243"},"modified":"2026-04-08T09:28:51","modified_gmt":"2026-04-08T12:28:51","slug":"proporcao-de-imagem-em-paineis-de-led","status":"publish","type":"page","link":"https:\/\/leyard.com.br\/esp\/proporcao-de-imagem-em-paineis-de-led\/","title":{"rendered":"Propor\u00e7\u00e3o de Imagem em Pain\u00e9is de LED"},"content":{"rendered":"<div data-elementor-type=\"wp-page\" data-elementor-id=\"6243\" class=\"elementor elementor-6243\" data-elementor-post-type=\"page\">\n\t\t\t\t<div class=\"elementor-element elementor-element-848a3f9 e-con-full e-flex e-con e-child\" data-id=\"848a3f9\" data-element_type=\"container\" data-e-type=\"container\" data-settings=\"{&quot;background_background&quot;:&quot;classic&quot;}\">\n\t\t\t\t<div class=\"elementor-element elementor-element-1d89869 elementor-widget__width-initial elementor-widget-mobile__width-initial elementor-widget elementor-widget-heading\" data-id=\"1d89869\" data-element_type=\"widget\" data-e-type=\"widget\" data-widget_type=\"heading.default\">\n\t\t\t\t<div class=\"elementor-widget-container\">\n\t\t\t\t\t<h1 class=\"elementor-heading-title elementor-size-default\">Propor\u00e7\u00e3o de Imagem em Pain\u00e9is de LED<\/h1>\t\t\t\t<\/div>\n\t\t\t\t<\/div>\n\t\t\t\t<\/div>\n\t\t<div class=\"elementor-element elementor-element-ac1745f e-flex e-con-boxed e-con e-parent\" data-id=\"ac1745f\" data-element_type=\"container\" data-e-type=\"container\">\n\t\t\t\t\t<div class=\"e-con-inner\">\n\t\t\t\t<div class=\"elementor-element elementor-element-b384628 elementor-widget__width-initial elementor-widget elementor-widget-heading\" data-id=\"b384628\" data-element_type=\"widget\" data-e-type=\"widget\" data-widget_type=\"heading.default\">\n\t\t\t\t<div class=\"elementor-widget-container\">\n\t\t\t\t\t<h1 class=\"elementor-heading-title elementor-size-default\">Propor\u00e7\u00e3o de Imagem em Pain\u00e9is de LED<\/h1>\t\t\t\t<\/div>\n\t\t\t\t<\/div>\n\t\t\t\t<div class=\"elementor-element elementor-element-d05b259 elementor-widget__width-initial elementor-widget elementor-widget-text-editor\" data-id=\"d05b259\" data-element_type=\"widget\" data-e-type=\"widget\" data-widget_type=\"text-editor.default\">\n\t\t\t\t<div class=\"elementor-widget-container\">\n\t\t\t\t\t\t\t\t\t<p data-start=\"328\" data-end=\"481\">A propor\u00e7\u00e3o de imagem \u00e9 um dos fatores mais importantes no planejamento de um painel de LED, pois influencia diretamente na exibi\u00e7\u00e3o correta do conte\u00fado.<\/p><p data-start=\"328\" data-end=\"481\">\u00a0<\/p><p data-start=\"483\" data-end=\"663\">A propor\u00e7\u00e3o define a rela\u00e7\u00e3o entre largura e altura da tela, impactando desde a qualidade visual at\u00e9 a compatibilidade com v\u00eddeos e layouts.<\/p><p data-start=\"483\" data-end=\"663\">\u00a0<\/p><p data-start=\"665\" data-end=\"818\">A Leyard, fabricante global de pain\u00e9is de LED, desenvolve solu\u00e7\u00f5es que se adaptam a diferentes propor\u00e7\u00f5es, garantindo m\u00e1xima performance em cada projeto.<\/p>\t\t\t\t\t\t\t\t<\/div>\n\t\t\t\t<\/div>\n\t\t\t\t\t<\/div>\n\t\t\t\t<\/div>\n\t\t<div class=\"elementor-element elementor-element-f3b89d9 e-flex e-con-boxed e-con e-parent\" data-id=\"f3b89d9\" data-element_type=\"container\" data-e-type=\"container\">\n\t\t\t\t\t<div class=\"e-con-inner\">\n\t\t\t\t<div class=\"elementor-element elementor-element-f210a24 elementor-widget elementor-widget-image\" data-id=\"f210a24\" data-element_type=\"widget\" data-e-type=\"widget\" data-widget_type=\"image.default\">\n\t\t\t\t<div class=\"elementor-widget-container\">\n\t\t\t\t\t\t\t\t\t\t\t\t\t\t\t<img fetchpriority=\"high\" decoding=\"async\" width=\"624\" height=\"405\" src=\"https:\/\/leyard.com.br\/wp-content\/uploads\/2025\/06\/395378_b0a4bc3038584b62936c2f070d573f25mv2.webp\" class=\"attachment-medium_large size-medium_large wp-image-2202\" alt=\"Propor\u00e7\u00e3o de Imagem em Pain\u00e9is de LED\" srcset=\"https:\/\/leyard.com.br\/wp-content\/uploads\/2025\/06\/395378_b0a4bc3038584b62936c2f070d573f25mv2.webp 624w, https:\/\/leyard.com.br\/wp-content\/uploads\/2025\/06\/395378_b0a4bc3038584b62936c2f070d573f25mv2-300x195.webp 300w\" sizes=\"(max-width: 624px) 100vw, 624px\" \/>\t\t\t\t\t\t\t\t\t\t\t\t\t\t\t<\/div>\n\t\t\t\t<\/div>\n\t\t\t\t\t<\/div>\n\t\t\t\t<\/div>\n\t\t<div class=\"elementor-element elementor-element-4ef361b e-flex e-con-boxed e-con e-parent\" data-id=\"4ef361b\" data-element_type=\"container\" data-e-type=\"container\">\n\t\t\t\t\t<div class=\"e-con-inner\">\n\t\t\t\t<div class=\"elementor-element elementor-element-884ab4c elementor-widget__width-initial elementor-widget elementor-widget-heading\" data-id=\"884ab4c\" data-element_type=\"widget\" data-e-type=\"widget\" data-widget_type=\"heading.default\">\n\t\t\t\t<div class=\"elementor-widget-container\">\n\t\t\t\t\t<h2 class=\"elementor-heading-title elementor-size-default\">O que \u00e9 propor\u00e7\u00e3o de imagem?<\/h2>\t\t\t\t<\/div>\n\t\t\t\t<\/div>\n\t\t\t\t\t<\/div>\n\t\t\t\t<\/div>\n\t\t<div class=\"elementor-element elementor-element-fceb9fa e-flex e-con-boxed e-con e-parent\" data-id=\"fceb9fa\" data-element_type=\"container\" data-e-type=\"container\">\n\t\t\t\t\t<div class=\"e-con-inner\">\n\t\t\t\t<div class=\"elementor-element elementor-element-8348d4e elementor-widget__width-initial elementor-widget elementor-widget-text-editor\" data-id=\"8348d4e\" data-element_type=\"widget\" data-e-type=\"widget\" data-widget_type=\"text-editor.default\">\n\t\t\t\t<div class=\"elementor-widget-container\">\n\t\t\t\t\t\t\t\t\t<p data-start=\"881\" data-end=\"967\">propor\u00e7\u00e3o de imagem \u00e9 a rela\u00e7\u00e3o matem\u00e1tica entre a largura e a altura de um display.<\/p><p data-start=\"969\" data-end=\"993\">Exemplos mais comuns:<\/p><ul data-start=\"994\" data-end=\"1148\"><li data-section-id=\"1kset0m\" data-start=\"994\" data-end=\"1031\"><strong data-start=\"996\" data-end=\"1004\">16:9<\/strong> \u2192 padr\u00e3o de v\u00eddeos\u00a0<\/li><li data-section-id=\"ztmfsz\" data-start=\"1032\" data-end=\"1084\"><strong data-start=\"1034\" data-end=\"1041\">4:3<\/strong> \u2192 apresenta\u00e7\u00f5es e conte\u00fados mais antigos<\/li><li data-section-id=\"1r42ks7\" data-start=\"1085\" data-end=\"1117\"><strong data-start=\"1087\" data-end=\"1095\">21:9<\/strong> \u2192 formato ultrawide<\/li><li data-section-id=\"bim3px\" data-start=\"1118\" data-end=\"1148\"><strong data-start=\"1120\" data-end=\"1127\">1:1<\/strong> \u2192 formato quadrado<\/li><\/ul><p data-start=\"1150\" data-end=\"1221\">Essa propor\u00e7\u00e3o determina como o conte\u00fado ser\u00e1 exibido no painel de LED.<\/p>\t\t\t\t\t\t\t\t<\/div>\n\t\t\t\t<\/div>\n\t\t\t\t\t<\/div>\n\t\t\t\t<\/div>\n\t\t<div class=\"elementor-element elementor-element-2772d1b e-flex e-con-boxed e-con e-parent\" data-id=\"2772d1b\" data-element_type=\"container\" data-e-type=\"container\">\n\t\t\t\t\t<div class=\"e-con-inner\">\n\t\t\t\t<div class=\"elementor-element elementor-element-59ccfaa elementor-widget elementor-widget-image\" data-id=\"59ccfaa\" data-element_type=\"widget\" data-e-type=\"widget\" data-widget_type=\"image.default\">\n\t\t\t\t<div class=\"elementor-widget-container\">\n\t\t\t\t\t\t\t\t\t\t\t\t\t\t\t<img decoding=\"async\" width=\"768\" height=\"432\" src=\"https:\/\/leyard.com.br\/wp-content\/uploads\/2025\/06\/Design-sem-nome-20-768x432.png\" class=\"attachment-medium_large size-medium_large wp-image-3131\" alt=\"Propor\u00e7\u00e3o de Imagem em Pain\u00e9is de LED\" srcset=\"https:\/\/leyard.com.br\/wp-content\/uploads\/2025\/06\/Design-sem-nome-20-768x432.png 768w, https:\/\/leyard.com.br\/wp-content\/uploads\/2025\/06\/Design-sem-nome-20-300x169.png 300w, https:\/\/leyard.com.br\/wp-content\/uploads\/2025\/06\/Design-sem-nome-20-1024x576.png 1024w, https:\/\/leyard.com.br\/wp-content\/uploads\/2025\/06\/Design-sem-nome-20-1536x864.png 1536w, https:\/\/leyard.com.br\/wp-content\/uploads\/2025\/06\/Design-sem-nome-20.png 1920w\" sizes=\"(max-width: 768px) 100vw, 768px\" \/>\t\t\t\t\t\t\t\t\t\t\t\t\t\t\t<\/div>\n\t\t\t\t<\/div>\n\t\t\t\t\t<\/div>\n\t\t\t\t<\/div>\n\t\t<div class=\"elementor-element elementor-element-20b0a76 e-flex e-con-boxed e-con e-parent\" data-id=\"20b0a76\" data-element_type=\"container\" data-e-type=\"container\">\n\t\t\t\t\t<div class=\"e-con-inner\">\n\t\t\t\t<div class=\"elementor-element elementor-element-1679ce2 elementor-widget__width-initial elementor-widget elementor-widget-heading\" data-id=\"1679ce2\" data-element_type=\"widget\" data-e-type=\"widget\" data-widget_type=\"heading.default\">\n\t\t\t\t<div class=\"elementor-widget-container\">\n\t\t\t\t\t<h2 class=\"elementor-heading-title elementor-size-default\">Por que a propor\u00e7\u00e3o \u00e9 importante em pain\u00e9is de LED?<\/h2>\t\t\t\t<\/div>\n\t\t\t\t<\/div>\n\t\t\t\t\t<\/div>\n\t\t\t\t<\/div>\n\t\t<div class=\"elementor-element elementor-element-61ba442 e-flex e-con-boxed e-con e-parent\" data-id=\"61ba442\" data-element_type=\"container\" data-e-type=\"container\">\n\t\t\t\t\t<div class=\"e-con-inner\">\n\t\t\t\t<div class=\"elementor-element elementor-element-11f39c9 elementor-widget__width-initial elementor-widget elementor-widget-text-editor\" data-id=\"11f39c9\" data-element_type=\"widget\" data-e-type=\"widget\" data-widget_type=\"text-editor.default\">\n\t\t\t\t<div class=\"elementor-widget-container\">\n\t\t\t\t\t\t\t\t\t<p data-start=\"1292\" data-end=\"1344\">A escolha correta da propor\u00e7\u00e3o evita problemas como:<\/p><p data-start=\"1292\" data-end=\"1344\">\u00a0<\/p><ul><li data-section-id=\"1j5sfdh\" data-start=\"1346\" data-end=\"1374\"><strong>Distor\u00e7\u00e3o de imagem<\/strong><\/li><\/ul><p data-start=\"1375\" data-end=\"1429\">Quando o conte\u00fado n\u00e3o corresponde ao formato do painel<\/p><ul><li data-section-id=\"15atnc9\" data-start=\"1431\" data-end=\"1483\"><strong>Bordas indesejadas (letterbox ou pillarbox)<\/strong><\/li><\/ul><p data-start=\"1484\" data-end=\"1520\">Faixas pretas laterais ou superiores<\/p><ul><li>\u00a0<strong>Perda de resolu\u00e7\u00e3o \u00fatil<\/strong><\/li><\/ul><p data-start=\"1555\" data-end=\"1608\">Parte do painel pode n\u00e3o ser aproveitada corretamente<\/p>\t\t\t\t\t\t\t\t<\/div>\n\t\t\t\t<\/div>\n\t\t\t\t\t<\/div>\n\t\t\t\t<\/div>\n\t\t<div class=\"elementor-element elementor-element-f86aea5 e-flex e-con-boxed e-con e-parent\" data-id=\"f86aea5\" data-element_type=\"container\" data-e-type=\"container\">\n\t\t\t\t\t<div class=\"e-con-inner\">\n\t\t\t\t<div class=\"elementor-element elementor-element-744e124 elementor-widget__width-initial elementor-widget elementor-widget-heading\" data-id=\"744e124\" data-element_type=\"widget\" data-e-type=\"widget\" data-widget_type=\"heading.default\">\n\t\t\t\t<div class=\"elementor-widget-container\">\n\t\t\t\t\t<h2 class=\"elementor-heading-title elementor-size-default\">Propor\u00e7\u00e3o x Resolu\u00e7\u00e3o: qual a diferen\u00e7a?<\/h2>\t\t\t\t<\/div>\n\t\t\t\t<\/div>\n\t\t\t\t<div class=\"elementor-element elementor-element-1ca768e elementor-widget__width-initial elementor-widget elementor-widget-text-editor\" data-id=\"1ca768e\" data-element_type=\"widget\" data-e-type=\"widget\" data-widget_type=\"text-editor.default\">\n\t\t\t\t<div class=\"elementor-widget-container\">\n\t\t\t\t\t\t\t\t\t<p data-start=\"2461\" data-end=\"2515\">Embora estejam relacionadas, s\u00e3o conceitos diferentes:<\/p><ul data-start=\"2517\" data-end=\"2608\"><li data-section-id=\"1kndf04\" data-start=\"2517\" data-end=\"2567\"><strong data-start=\"2519\" data-end=\"2547\">Propor\u00e7\u00e3o (aspect ratio)<\/strong> \u2192 formato da tela<\/li><li data-section-id=\"y9w1gr\" data-start=\"2568\" data-end=\"2608\"><strong data-start=\"2570\" data-end=\"2583\">Resolu\u00e7\u00e3o<\/strong> \u2192 quantidade de pixels<\/li><\/ul><p data-start=\"2610\" data-end=\"2629\">Um painel pode ter:<\/p><ul data-start=\"2630\" data-end=\"2675\"><li data-section-id=\"172ugs4\" data-start=\"2630\" data-end=\"2649\">mesma propor\u00e7\u00e3o<\/li><li data-section-id=\"9qf0nf\" data-start=\"2650\" data-end=\"2675\">resolu\u00e7\u00f5es diferentes<\/li><\/ul>\t\t\t\t\t\t\t\t<\/div>\n\t\t\t\t<\/div>\n\t\t\t\t\t<\/div>\n\t\t\t\t<\/div>\n\t\t<div class=\"elementor-element elementor-element-c53985a e-flex e-con-boxed e-con e-parent\" data-id=\"c53985a\" data-element_type=\"container\" data-e-type=\"container\">\n\t\t\t\t\t<div class=\"e-con-inner\">\n\t\t\t\t<div class=\"elementor-element elementor-element-ccf4313 elementor-widget elementor-widget-image\" data-id=\"ccf4313\" data-element_type=\"widget\" data-e-type=\"widget\" data-widget_type=\"image.default\">\n\t\t\t\t<div class=\"elementor-widget-container\">\n\t\t\t\t\t\t\t\t\t\t\t\t\t\t\t<img decoding=\"async\" width=\"768\" height=\"435\" src=\"https:\/\/leyard.com.br\/wp-content\/uploads\/2026\/03\/FOTO-DE-FUNDO-768x435.jpg\" class=\"attachment-medium_large size-medium_large wp-image-6201\" alt=\"\" srcset=\"https:\/\/leyard.com.br\/wp-content\/uploads\/2026\/03\/FOTO-DE-FUNDO-768x435.jpg 768w, https:\/\/leyard.com.br\/wp-content\/uploads\/2026\/03\/FOTO-DE-FUNDO-300x170.jpg 300w, https:\/\/leyard.com.br\/wp-content\/uploads\/2026\/03\/FOTO-DE-FUNDO-1024x580.jpg 1024w, https:\/\/leyard.com.br\/wp-content\/uploads\/2026\/03\/FOTO-DE-FUNDO-1536x869.jpg 1536w, https:\/\/leyard.com.br\/wp-content\/uploads\/2026\/03\/FOTO-DE-FUNDO-18x10.jpg 18w, https:\/\/leyard.com.br\/wp-content\/uploads\/2026\/03\/FOTO-DE-FUNDO-600x340.jpg 600w, https:\/\/leyard.com.br\/wp-content\/uploads\/2026\/03\/FOTO-DE-FUNDO.jpg 2002w\" sizes=\"(max-width: 768px) 100vw, 768px\" \/>\t\t\t\t\t\t\t\t\t\t\t\t\t\t\t<\/div>\n\t\t\t\t<\/div>\n\t\t\t\t\t<\/div>\n\t\t\t\t<\/div>\n\t\t<div class=\"elementor-element elementor-element-142d6a2 e-flex e-con-boxed e-con e-parent\" data-id=\"142d6a2\" data-element_type=\"container\" data-e-type=\"container\">\n\t\t\t\t\t<div class=\"e-con-inner\">\n\t\t\t\t<div class=\"elementor-element elementor-element-18cd6a2 elementor-widget__width-initial elementor-widget elementor-widget-heading\" data-id=\"18cd6a2\" data-element_type=\"widget\" data-e-type=\"widget\" data-widget_type=\"heading.default\">\n\t\t\t\t<div class=\"elementor-widget-container\">\n\t\t\t\t\t<h2 class=\"elementor-heading-title elementor-size-default\">Flexibilidade de propor\u00e7\u00e3o em pain\u00e9is de LED<\/h2>\t\t\t\t<\/div>\n\t\t\t\t<\/div>\n\t\t\t\t\t<\/div>\n\t\t\t\t<\/div>\n\t\t<div class=\"elementor-element elementor-element-27b97cc e-flex e-con-boxed e-con e-parent\" data-id=\"27b97cc\" data-element_type=\"container\" data-e-type=\"container\">\n\t\t\t\t\t<div class=\"e-con-inner\">\n\t\t\t\t<div class=\"elementor-element elementor-element-edd5d30 elementor-widget__width-initial elementor-widget elementor-widget-text-editor\" data-id=\"edd5d30\" data-element_type=\"widget\" data-e-type=\"widget\" data-widget_type=\"text-editor.default\">\n\t\t\t\t<div class=\"elementor-widget-container\">\n\t\t\t\t\t\t\t\t\t<p data-start=\"2739\" data-end=\"2832\">Diferente de displays tradicionais, os pain\u00e9is de LED permitem criar formatos personalizados.<\/p><p data-start=\"2834\" data-end=\"2876\">Isso significa que \u00e9 poss\u00edvel desenvolver:<\/p><p data-start=\"2834\" data-end=\"2876\">\u00a0<\/p><ul data-start=\"2877\" data-end=\"2984\"><li data-section-id=\"1ioy0g7\" data-start=\"2877\" data-end=\"2893\">telas curvas<\/li><li data-section-id=\"qi13rn\" data-start=\"2894\" data-end=\"2916\">formatos verticais<\/li><li data-section-id=\"1n1kvd5\" data-start=\"2917\" data-end=\"2944\">superf\u00edcies irregulares<\/li><li data-section-id=\"iis1rg\" data-start=\"2945\" data-end=\"2984\">pain\u00e9is sob medida para arquitetura<\/li><\/ul><p>\u00a0<\/p><p data-start=\"2986\" data-end=\"3111\">A Leyard, como l\u00edder global em tecnologia LED, oferece solu\u00e7\u00f5es modulares que permitem total liberdade de propor\u00e7\u00e3o e design.<\/p>\t\t\t\t\t\t\t\t<\/div>\n\t\t\t\t<\/div>\n\t\t\t\t\t<\/div>\n\t\t\t\t<\/div>\n\t\t<div class=\"elementor-element elementor-element-ed02f18 e-flex e-con-boxed e-con e-parent\" data-id=\"ed02f18\" data-element_type=\"container\" data-e-type=\"container\">\n\t\t\t\t\t<div class=\"e-con-inner\">\n\t\t\t\t<div class=\"elementor-element elementor-element-a8a9c9c elementor-widget__width-initial elementor-widget elementor-widget-heading\" data-id=\"a8a9c9c\" data-element_type=\"widget\" data-e-type=\"widget\" data-widget_type=\"heading.default\">\n\t\t\t\t<div class=\"elementor-widget-container\">\n\t\t\t\t\t<h2 class=\"elementor-heading-title elementor-size-default\">Flexibilidade de propor\u00e7\u00e3o em pain\u00e9is de LED<\/h2>\t\t\t\t<\/div>\n\t\t\t\t<\/div>\n\t\t\t\t\t<\/div>\n\t\t\t\t<\/div>\n\t\t<div class=\"elementor-element elementor-element-ada1902 e-flex e-con-boxed e-con e-parent\" data-id=\"ada1902\" data-element_type=\"container\" data-e-type=\"container\">\n\t\t\t\t\t<div class=\"e-con-inner\">\n\t\t\t\t<div class=\"elementor-element elementor-element-415d3cc elementor-widget__width-initial elementor-widget elementor-widget-text-editor\" data-id=\"415d3cc\" data-element_type=\"widget\" data-e-type=\"widget\" data-widget_type=\"text-editor.default\">\n\t\t\t\t<div class=\"elementor-widget-container\">\n\t\t\t\t\t\t\t\t\t<p data-start=\"3183\" data-end=\"3216\">Para garantir o melhor resultado:<\/p><p data-start=\"3183\" data-end=\"3216\">\u00a0<\/p><ul data-start=\"3218\" data-end=\"3411\"><li data-section-id=\"1ero9m2\" data-start=\"3218\" data-end=\"3264\">alinhar propor\u00e7\u00e3o do painel com o conte\u00fado<\/li><li data-section-id=\"soqza6\" data-start=\"3265\" data-end=\"3311\">definir resolu\u00e7\u00e3o compat\u00edvel com o formato<\/li><li data-section-id=\"zul3e9\" data-start=\"3312\" data-end=\"3352\">considerar dist\u00e2ncia de visualiza\u00e7\u00e3o<\/li><li data-section-id=\"1aep2ks\" data-start=\"3353\" data-end=\"3411\">planejar o projeto desde a origem (n\u00e3o adaptar depois)<\/li><\/ul>\t\t\t\t\t\t\t\t<\/div>\n\t\t\t\t<\/div>\n\t\t\t\t<div class=\"elementor-element elementor-element-e6d1ff8 elementor-widget__width-initial elementor-widget elementor-widget-text-editor\" data-id=\"e6d1ff8\" data-element_type=\"widget\" data-e-type=\"widget\" data-widget_type=\"text-editor.default\">\n\t\t\t\t<div class=\"elementor-widget-container\">\n\t\t\t\t\t\t\t\t\t<p data-start=\"3440\" data-end=\"3539\">A propor\u00e7\u00e3o de imagem \u00e9 um elemento essencial para o sucesso de qualquer projeto com painel de LED.<\/p><p data-start=\"3541\" data-end=\"3634\">Mais do que uma escolha est\u00e9tica, ela impacta diretamente na qualidade da experi\u00eancia visual.<\/p><p data-start=\"3541\" data-end=\"3634\">\u00a0<\/p><p data-start=\"3636\" data-end=\"3771\">Com a expertise da Leyard, \u00e9 poss\u00edvel desenvolver solu\u00e7\u00f5es sob medida, garantindo alinhamento entre tecnologia, conte\u00fado e arquitetura.<\/p>\t\t\t\t\t\t\t\t<\/div>\n\t\t\t\t<\/div>\n\t\t\t\t\t<\/div>\n\t\t\t\t<\/div>\n\t\t<div class=\"elementor-element elementor-element-bcc8910 e-flex e-con-boxed e-con e-parent\" data-id=\"bcc8910\" data-element_type=\"container\" data-e-type=\"container\">\n\t\t\t\t\t<div class=\"e-con-inner\">\n\t\t\t\t<div class=\"elementor-element elementor-element-5839233 elementor-widget__width-initial elementor-widget elementor-widget-text-editor\" data-id=\"5839233\" data-element_type=\"widget\" data-e-type=\"widget\" data-widget_type=\"text-editor.default\">\n\t\t\t\t<div class=\"elementor-widget-container\">\n\t\t\t\t\t\t\t\t\t<p>Para saber qu\u00e9 panel LED es el ideal para su proyecto, consulte con un especialista:<\/p><p>WhatsApp: (41) 99219-5297<br \/>Correo electr\u00f3nico: sales.brazil@leyardgroup.com<\/p>\t\t\t\t\t\t\t\t<\/div>\n\t\t\t\t<\/div>\n\t\t\t\t\t<\/div>\n\t\t\t\t<\/div>\n\t\t\t\t<\/div>","protected":false},"excerpt":{"rendered":"<p>Propor\u00e7\u00e3o de Imagem em Pain\u00e9is de LED Propor\u00e7\u00e3o de Imagem em Pain\u00e9is de LED A propor\u00e7\u00e3o de imagem \u00e9 um dos fatores mais importantes no planejamento de um painel de LED, pois influencia diretamente na exibi\u00e7\u00e3o correta do conte\u00fado. \u00a0 A propor\u00e7\u00e3o define a rela\u00e7\u00e3o entre largura e altura da tela, impactando desde a qualidade [&hellip;]<\/p>","protected":false},"author":4,"featured_media":0,"parent":0,"menu_order":0,"comment_status":"closed","ping_status":"closed","template":"","meta":{"footnotes":""},"class_list":["post-6243","page","type-page","status-publish","hentry"],"_links":{"self":[{"href":"https:\/\/leyard.com.br\/esp\/wp-json\/wp\/v2\/pages\/6243","targetHints":{"allow":["GET"]}}],"collection":[{"href":"https:\/\/leyard.com.br\/esp\/wp-json\/wp\/v2\/pages"}],"about":[{"href":"https:\/\/leyard.com.br\/esp\/wp-json\/wp\/v2\/types\/page"}],"author":[{"embeddable":true,"href":"https:\/\/leyard.com.br\/esp\/wp-json\/wp\/v2\/users\/4"}],"replies":[{"embeddable":true,"href":"https:\/\/leyard.com.br\/esp\/wp-json\/wp\/v2\/comments?post=6243"}],"version-history":[{"count":5,"href":"https:\/\/leyard.com.br\/esp\/wp-json\/wp\/v2\/pages\/6243\/revisions"}],"predecessor-version":[{"id":6249,"href":"https:\/\/leyard.com.br\/esp\/wp-json\/wp\/v2\/pages\/6243\/revisions\/6249"}],"wp:attachment":[{"href":"https:\/\/leyard.com.br\/esp\/wp-json\/wp\/v2\/media?parent=6243"}],"curies":[{"name":"wp","href":"https:\/\/api.w.org\/{rel}","templated":true}]}}