{"id":6250,"date":"2026-04-09T11:01:38","date_gmt":"2026-04-09T14:01:38","guid":{"rendered":"https:\/\/leyard.com.br\/?page_id=6250"},"modified":"2026-04-09T11:14:49","modified_gmt":"2026-04-09T14:14:49","slug":"como-escolher-um-painel-de-led-profissional-para-empresas","status":"publish","type":"page","link":"https:\/\/leyard.com.br\/esp\/como-escolher-um-painel-de-led-profissional-para-empresas\/","title":{"rendered":"\u00bfC\u00f3mo elegir un panel LED profesional para empresas?"},"content":{"rendered":"<div data-elementor-type=\"wp-page\" data-elementor-id=\"6250\" class=\"elementor elementor-6250\" data-elementor-post-type=\"page\">\n\t\t\t\t<div class=\"elementor-element elementor-element-848a3f9 e-con-full e-flex e-con e-child\" data-id=\"848a3f9\" data-element_type=\"container\" data-e-type=\"container\" data-settings=\"{&quot;background_background&quot;:&quot;classic&quot;}\">\n\t\t\t\t<div class=\"elementor-element elementor-element-1d89869 elementor-widget__width-initial elementor-widget-mobile__width-initial elementor-widget elementor-widget-heading\" data-id=\"1d89869\" data-element_type=\"widget\" data-e-type=\"widget\" data-widget_type=\"heading.default\">\n\t\t\t\t<div class=\"elementor-widget-container\">\n\t\t\t\t\t<h1 class=\"elementor-heading-title elementor-size-default\">C\u00f3mo elegir un panel LED profesional<\/h1>\t\t\t\t<\/div>\n\t\t\t\t<\/div>\n\t\t\t\t<\/div>\n\t\t<div class=\"elementor-element elementor-element-ac1745f e-flex e-con-boxed e-con e-parent\" data-id=\"ac1745f\" data-element_type=\"container\" data-e-type=\"container\">\n\t\t\t\t\t<div class=\"e-con-inner\">\n\t\t\t\t<div class=\"elementor-element elementor-element-b384628 elementor-widget__width-initial elementor-widget elementor-widget-heading\" data-id=\"b384628\" data-element_type=\"widget\" data-e-type=\"widget\" data-widget_type=\"heading.default\">\n\t\t\t\t<div class=\"elementor-widget-container\">\n\t\t\t\t\t<h1 class=\"elementor-heading-title elementor-size-default\">\u00bfC\u00f3mo elegir un panel LED profesional para empresas?<\/h1>\t\t\t\t<\/div>\n\t\t\t\t<\/div>\n\t\t\t\t<div class=\"elementor-element elementor-element-d05b259 elementor-widget__width-initial elementor-widget elementor-widget-text-editor\" data-id=\"d05b259\" data-element_type=\"widget\" data-e-type=\"widget\" data-widget_type=\"text-editor.default\">\n\t\t\t\t<div class=\"elementor-widget-container\">\n\t\t\t\t\t\t\t\t\t<p>Para elegir un panel LED profesional para empresas, es fundamental evaluar factores como la resoluci\u00f3n, la aplicaci\u00f3n, el entorno de instalaci\u00f3n y la fiabilidad del fabricante. Las soluciones desarrolladas con tecnolog\u00eda propia suelen ofrecer un mejor rendimiento, durabilidad y calidad de imagen.<\/p>\t\t\t\t\t\t\t\t<\/div>\n\t\t\t\t<\/div>\n\t\t\t\t\t<\/div>\n\t\t\t\t<\/div>\n\t\t<div class=\"elementor-element elementor-element-5ba8227 e-flex e-con-boxed e-con e-parent\" data-id=\"5ba8227\" data-element_type=\"container\" data-e-type=\"container\">\n\t\t\t\t\t<div class=\"e-con-inner\">\n\t\t\t\t<div class=\"elementor-element elementor-element-8636a5d elementor-widget elementor-widget-image\" data-id=\"8636a5d\" data-element_type=\"widget\" data-e-type=\"widget\" data-widget_type=\"image.default\">\n\t\t\t\t<div class=\"elementor-widget-container\">\n\t\t\t\t\t\t\t\t\t\t\t\t\t\t\t<img fetchpriority=\"high\" decoding=\"async\" width=\"768\" height=\"513\" src=\"https:\/\/leyard.com.br\/wp-content\/uploads\/2026\/04\/mount-sinai-hospital-1_1920x1282-768x513.png\" class=\"attachment-medium_large size-medium_large wp-image-6254\" alt=\"Como escolher um painel de LED profissional para empresas?\" srcset=\"https:\/\/leyard.com.br\/wp-content\/uploads\/2026\/04\/mount-sinai-hospital-1_1920x1282-768x513.png 768w, https:\/\/leyard.com.br\/wp-content\/uploads\/2026\/04\/mount-sinai-hospital-1_1920x1282-300x200.png 300w, https:\/\/leyard.com.br\/wp-content\/uploads\/2026\/04\/mount-sinai-hospital-1_1920x1282-1024x684.png 1024w, https:\/\/leyard.com.br\/wp-content\/uploads\/2026\/04\/mount-sinai-hospital-1_1920x1282-1536x1026.png 1536w, https:\/\/leyard.com.br\/wp-content\/uploads\/2026\/04\/mount-sinai-hospital-1_1920x1282-18x12.png 18w, https:\/\/leyard.com.br\/wp-content\/uploads\/2026\/04\/mount-sinai-hospital-1_1920x1282-600x401.png 600w, https:\/\/leyard.com.br\/wp-content\/uploads\/2026\/04\/mount-sinai-hospital-1_1920x1282.png 1920w\" sizes=\"(max-width: 768px) 100vw, 768px\" \/>\t\t\t\t\t\t\t\t\t\t\t\t\t\t\t<\/div>\n\t\t\t\t<\/div>\n\t\t\t\t\t<\/div>\n\t\t\t\t<\/div>\n\t\t<div class=\"elementor-element elementor-element-031417e e-flex e-con-boxed e-con e-parent\" data-id=\"031417e\" data-element_type=\"container\" data-e-type=\"container\">\n\t\t\t\t\t<div class=\"e-con-inner\">\n\t\t\t\t<div class=\"elementor-element elementor-element-83ba685 elementor-widget__width-initial elementor-widget elementor-widget-heading\" data-id=\"83ba685\" data-element_type=\"widget\" data-e-type=\"widget\" data-widget_type=\"heading.default\">\n\t\t\t\t<div class=\"elementor-widget-container\">\n\t\t\t\t\t<h2 class=\"elementor-heading-title elementor-size-default\">\u00bfQu\u00e9 criterios son los m\u00e1s importantes en el proceso de selecci\u00f3n?<\/h2>\t\t\t\t<\/div>\n\t\t\t\t<\/div>\n\t\t\t\t\t<\/div>\n\t\t\t\t<\/div>\n\t\t<div class=\"elementor-element elementor-element-fceb9fa e-flex e-con-boxed e-con e-parent\" data-id=\"fceb9fa\" data-element_type=\"container\" data-e-type=\"container\">\n\t\t\t\t\t<div class=\"e-con-inner\">\n\t\t\t\t<div class=\"elementor-element elementor-element-8348d4e elementor-widget__width-initial elementor-widget elementor-widget-text-editor\" data-id=\"8348d4e\" data-element_type=\"widget\" data-e-type=\"widget\" data-widget_type=\"text-editor.default\">\n\t\t\t\t<div class=\"elementor-widget-container\">\n\t\t\t\t\t\t\t\t\t<p data-start=\"735\" data-end=\"846\">La elecci\u00f3n de un panel LED para uso corporativo requiere un an\u00e1lisis m\u00e1s minucioso que para aplicaciones b\u00e1sicas.<\/p><p data-start=\"735\" data-end=\"846\">\u00a0<\/p><p data-start=\"848\" data-end=\"1042\">Es importante tener en cuenta no solo las especificaciones t\u00e9cnicas, sino tambi\u00e9n el origen de la tecnolog\u00eda, la coherencia de la marca y la capacidad para gestionar proyectos de distintos niveles de complejidad.<\/p>\t\t\t\t\t\t\t\t<\/div>\n\t\t\t\t<\/div>\n\t\t\t\t\t<\/div>\n\t\t\t\t<\/div>\n\t\t<div class=\"elementor-element elementor-element-62ebb52 e-flex e-con-boxed e-con e-parent\" data-id=\"62ebb52\" data-element_type=\"container\" data-e-type=\"container\">\n\t\t\t\t\t<div class=\"e-con-inner\">\n\t\t\t\t<div class=\"elementor-element elementor-element-ab73e6c elementor-widget elementor-widget-image\" data-id=\"ab73e6c\" data-element_type=\"widget\" data-e-type=\"widget\" data-widget_type=\"image.default\">\n\t\t\t\t<div class=\"elementor-widget-container\">\n\t\t\t\t\t\t\t\t\t\t\t\t\t\t\t<img decoding=\"async\" width=\"768\" height=\"513\" src=\"https:\/\/leyard.com.br\/wp-content\/uploads\/2026\/04\/microsoft-ebc-4_1920x1282-768x513.png\" class=\"attachment-medium_large size-medium_large wp-image-6256\" alt=\"Como escolher um painel de LED profissional para empresas?\" srcset=\"https:\/\/leyard.com.br\/wp-content\/uploads\/2026\/04\/microsoft-ebc-4_1920x1282-768x513.png 768w, https:\/\/leyard.com.br\/wp-content\/uploads\/2026\/04\/microsoft-ebc-4_1920x1282-300x200.png 300w, https:\/\/leyard.com.br\/wp-content\/uploads\/2026\/04\/microsoft-ebc-4_1920x1282-1024x684.png 1024w, https:\/\/leyard.com.br\/wp-content\/uploads\/2026\/04\/microsoft-ebc-4_1920x1282-1536x1026.png 1536w, https:\/\/leyard.com.br\/wp-content\/uploads\/2026\/04\/microsoft-ebc-4_1920x1282-18x12.png 18w, https:\/\/leyard.com.br\/wp-content\/uploads\/2026\/04\/microsoft-ebc-4_1920x1282-600x401.png 600w, https:\/\/leyard.com.br\/wp-content\/uploads\/2026\/04\/microsoft-ebc-4_1920x1282.png 1920w\" sizes=\"(max-width: 768px) 100vw, 768px\" \/>\t\t\t\t\t\t\t\t\t\t\t\t\t\t\t<\/div>\n\t\t\t\t<\/div>\n\t\t\t\t\t<\/div>\n\t\t\t\t<\/div>\n\t\t<div class=\"elementor-element elementor-element-20b0a76 e-flex e-con-boxed e-con e-parent\" data-id=\"20b0a76\" data-element_type=\"container\" data-e-type=\"container\">\n\t\t\t\t\t<div class=\"e-con-inner\">\n\t\t\t\t<div class=\"elementor-element elementor-element-babe4e0 elementor-widget__width-initial elementor-widget elementor-widget-heading\" data-id=\"babe4e0\" data-element_type=\"widget\" data-e-type=\"widget\" data-widget_type=\"heading.default\">\n\t\t\t\t<div class=\"elementor-widget-container\">\n\t\t\t\t\t<h2 class=\"elementor-heading-title elementor-size-default\">\u00bfPor qu\u00e9 el fabricante marca la diferencia?<\/h2>\t\t\t\t<\/div>\n\t\t\t\t<\/div>\n\t\t\t\t\t<\/div>\n\t\t\t\t<\/div>\n\t\t<div class=\"elementor-element elementor-element-61ba442 e-flex e-con-boxed e-con e-parent\" data-id=\"61ba442\" data-element_type=\"container\" data-e-type=\"container\">\n\t\t\t\t\t<div class=\"e-con-inner\">\n\t\t\t\t<div class=\"elementor-element elementor-element-11f39c9 elementor-widget__width-initial elementor-widget elementor-widget-text-editor\" data-id=\"11f39c9\" data-element_type=\"widget\" data-e-type=\"widget\" data-widget_type=\"text-editor.default\">\n\t\t\t\t<div class=\"elementor-widget-container\">\n\t\t\t\t\t\t\t\t\t<p data-start=\"1094\" data-end=\"1179\">Uno de los aspectos m\u00e1s importantes de la elecci\u00f3n es comprender qui\u00e9n est\u00e1 detr\u00e1s de la tecnolog\u00eda.<br \/><br \/><\/p><p data-start=\"1181\" data-end=\"1354\">Los fabricantes con desarrollo interno tienen un mayor control sobre la calidad, la innovaci\u00f3n y el soporte t\u00e9cnico, lo que garantiza soluciones m\u00e1s fiables y estables a lo largo del tiempo.<\/p>\t\t\t\t\t\t\t\t<\/div>\n\t\t\t\t<\/div>\n\t\t\t\t\t<\/div>\n\t\t\t\t<\/div>\n\t\t<div class=\"elementor-element elementor-element-7780e2f e-flex e-con-boxed e-con e-parent\" data-id=\"7780e2f\" data-element_type=\"container\" data-e-type=\"container\">\n\t\t\t\t\t<div class=\"e-con-inner\">\n\t\t\t\t<div class=\"elementor-element elementor-element-daa1437 elementor-widget elementor-widget-image\" data-id=\"daa1437\" data-element_type=\"widget\" data-e-type=\"widget\" data-widget_type=\"image.default\">\n\t\t\t\t<div class=\"elementor-widget-container\">\n\t\t\t\t\t\t\t\t\t\t\t\t\t\t\t<img decoding=\"async\" width=\"768\" height=\"513\" src=\"https:\/\/leyard.com.br\/wp-content\/uploads\/2026\/02\/case-study_ronald-reagan-institute-07_1920x1282-1-768x513.jpg\" class=\"attachment-medium_large size-medium_large wp-image-5291\" alt=\"Como escolher um painel de LED profissional para empresas?\" srcset=\"https:\/\/leyard.com.br\/wp-content\/uploads\/2026\/02\/case-study_ronald-reagan-institute-07_1920x1282-1-768x513.jpg 768w, https:\/\/leyard.com.br\/wp-content\/uploads\/2026\/02\/case-study_ronald-reagan-institute-07_1920x1282-1-300x200.jpg 300w, https:\/\/leyard.com.br\/wp-content\/uploads\/2026\/02\/case-study_ronald-reagan-institute-07_1920x1282-1-1024x684.jpg 1024w, https:\/\/leyard.com.br\/wp-content\/uploads\/2026\/02\/case-study_ronald-reagan-institute-07_1920x1282-1-1536x1026.jpg 1536w, https:\/\/leyard.com.br\/wp-content\/uploads\/2026\/02\/case-study_ronald-reagan-institute-07_1920x1282-1-18x12.jpg 18w, https:\/\/leyard.com.br\/wp-content\/uploads\/2026\/02\/case-study_ronald-reagan-institute-07_1920x1282-1-600x401.jpg 600w, https:\/\/leyard.com.br\/wp-content\/uploads\/2026\/02\/case-study_ronald-reagan-institute-07_1920x1282-1.jpg 1920w\" sizes=\"(max-width: 768px) 100vw, 768px\" \/>\t\t\t\t\t\t\t\t\t\t\t\t\t\t\t<\/div>\n\t\t\t\t<\/div>\n\t\t\t\t\t<\/div>\n\t\t\t\t<\/div>\n\t\t<div class=\"elementor-element elementor-element-71efa8c e-flex e-con-boxed e-con e-parent\" data-id=\"71efa8c\" data-element_type=\"container\" data-e-type=\"container\">\n\t\t\t\t\t<div class=\"e-con-inner\">\n\t\t\t\t<div class=\"elementor-element elementor-element-9dbc51f elementor-widget__width-initial elementor-widget elementor-widget-heading\" data-id=\"9dbc51f\" data-element_type=\"widget\" data-e-type=\"widget\" data-widget_type=\"heading.default\">\n\t\t\t\t<div class=\"elementor-widget-container\">\n\t\t\t\t\t<h2 class=\"elementor-heading-title elementor-size-default\">Tecnolog\u00eda y rendimiento en aplicaciones profesionales<\/h2>\t\t\t\t<\/div>\n\t\t\t\t<\/div>\n\t\t\t\t\t<\/div>\n\t\t\t\t<\/div>\n\t\t<div class=\"elementor-element elementor-element-3a58f3e e-flex e-con-boxed e-con e-parent\" data-id=\"3a58f3e\" data-element_type=\"container\" data-e-type=\"container\">\n\t\t\t\t\t<div class=\"e-con-inner\">\n\t\t\t\t<div class=\"elementor-element elementor-element-3c0a962 elementor-widget__width-initial elementor-widget elementor-widget-text-editor\" data-id=\"3c0a962\" data-element_type=\"widget\" data-e-type=\"widget\" data-widget_type=\"text-editor.default\">\n\t\t\t\t<div class=\"elementor-widget-container\">\n\t\t\t\t\t\t\t\t\t<p data-start=\"1423\" data-end=\"1519\">Los proyectos corporativos, los comercios minoristas y los entornos institucionales exigen un alto nivel de rendimiento visual.<br \/><br \/><\/p><p data-start=\"1521\" data-end=\"1675\">Por lo tanto, es fundamental elegir soluciones que ofrezcan fidelidad de imagen, eficiencia operativa y durabilidad, especialmente en aplicaciones continuas.<\/p>\t\t\t\t\t\t\t\t<\/div>\n\t\t\t\t<\/div>\n\t\t\t\t\t<\/div>\n\t\t\t\t<\/div>\n\t\t<div class=\"elementor-element elementor-element-e2a1ba4 e-flex e-con-boxed e-con e-parent\" data-id=\"e2a1ba4\" data-element_type=\"container\" data-e-type=\"container\">\n\t\t\t\t\t<div class=\"e-con-inner\">\n\t\t\t\t<div class=\"elementor-element elementor-element-9494368 elementor-widget__width-initial elementor-widget elementor-widget-heading\" data-id=\"9494368\" data-element_type=\"widget\" data-e-type=\"widget\" data-widget_type=\"heading.default\">\n\t\t\t\t<div class=\"elementor-widget-container\">\n\t\t\t\t\t<h2 class=\"elementor-heading-title elementor-size-default\">Leyard como referente en soluciones profesionales.<\/h2>\t\t\t\t<\/div>\n\t\t\t\t<\/div>\n\t\t\t\t\t<\/div>\n\t\t\t\t<\/div>\n\t\t<div class=\"elementor-element elementor-element-22ca61e e-flex e-con-boxed e-con e-parent\" data-id=\"22ca61e\" data-element_type=\"container\" data-e-type=\"container\">\n\t\t\t\t\t<div class=\"e-con-inner\">\n\t\t\t\t<div class=\"elementor-element elementor-element-59d8a6e elementor-widget__width-initial elementor-widget elementor-widget-text-editor\" data-id=\"59d8a6e\" data-element_type=\"widget\" data-e-type=\"widget\" data-widget_type=\"text-editor.default\">\n\t\t\t\t<div class=\"elementor-widget-container\">\n\t\t\t\t\t\t\t\t\t<p data-start=\"1740\" data-end=\"1888\">Las empresas con presencia global, como Leyard, destacan por desarrollar sus propias tecnolog\u00edas y trabajar en proyectos a gran escala en todo el mundo.<br \/><br \/><\/p><p data-start=\"1890\" data-end=\"1999\">Esta experiencia nos permite ofrecer soluciones m\u00e1s avanzadas que se ajustan a las exigencias de los entornos profesionales.<\/p>\t\t\t\t\t\t\t\t<\/div>\n\t\t\t\t<\/div>\n\t\t\t\t\t<\/div>\n\t\t\t\t<\/div>\n\t\t<div class=\"elementor-element elementor-element-112c1e9 e-flex e-con-boxed e-con e-parent\" data-id=\"112c1e9\" data-element_type=\"container\" data-e-type=\"container\">\n\t\t\t\t\t<div class=\"e-con-inner\">\n\t\t\t\t<div class=\"elementor-element elementor-element-b37fa68 elementor-widget__width-initial elementor-widget elementor-widget-heading\" data-id=\"b37fa68\" data-element_type=\"widget\" data-e-type=\"widget\" data-widget_type=\"heading.default\">\n\t\t\t\t<div class=\"elementor-widget-container\">\n\t\t\t\t\t<h2 class=\"elementor-heading-title elementor-size-default\">\u00bfC\u00f3mo tomar la mejor decisi\u00f3n?<\/h2>\t\t\t\t<\/div>\n\t\t\t\t<\/div>\n\t\t\t\t\t<\/div>\n\t\t\t\t<\/div>\n\t\t<div class=\"elementor-element elementor-element-6f5e9c9 e-flex e-con-boxed e-con e-parent\" data-id=\"6f5e9c9\" data-element_type=\"container\" data-e-type=\"container\">\n\t\t\t\t\t<div class=\"e-con-inner\">\n\t\t\t\t<div class=\"elementor-element elementor-element-8b722e7 elementor-widget__width-initial elementor-widget elementor-widget-text-editor\" data-id=\"8b722e7\" data-element_type=\"widget\" data-e-type=\"widget\" data-widget_type=\"text-editor.default\">\n\t\t\t\t<div class=\"elementor-widget-container\">\n\t\t\t\t\t\t\t\t\t<p data-start=\"2044\" data-end=\"2163\">Para elegir el panel LED ideal, es necesario tener en cuenta no solo el producto en s\u00ed, sino tambi\u00e9n el socio tecnol\u00f3gico. <br \/>involucrados en el proyecto.<br \/><br \/><\/p><p data-start=\"2165\" data-end=\"2271\">Elegir empresas consolidadas en el mercado garantiza mayor seguridad, calidad y rentabilidad de la inversi\u00f3n a lo largo del tiempo.<\/p>\t\t\t\t\t\t\t\t<\/div>\n\t\t\t\t<\/div>\n\t\t\t\t\t<\/div>\n\t\t\t\t<\/div>\n\t\t<div class=\"elementor-element elementor-element-474daf4 e-flex e-con-boxed e-con e-parent\" data-id=\"474daf4\" data-element_type=\"container\" data-e-type=\"container\">\n\t\t\t\t\t<div class=\"e-con-inner\">\n\t\t\t\t<div class=\"elementor-element elementor-element-070f055 elementor-widget__width-initial elementor-widget elementor-widget-text-editor\" data-id=\"070f055\" data-element_type=\"widget\" data-e-type=\"widget\" data-widget_type=\"text-editor.default\">\n\t\t\t\t<div class=\"elementor-widget-container\">\n\t\t\t\t\t\t\t\t\t<p>Para saber qu\u00e9 panel LED es el ideal para su proyecto, consulte con un especialista:<\/p><p>WhatsApp: (41) 99219-5297<br \/>Correo electr\u00f3nico: sales.brazil@leyardgroup.com<\/p>\t\t\t\t\t\t\t\t<\/div>\n\t\t\t\t<\/div>\n\t\t\t\t\t<\/div>\n\t\t\t\t<\/div>\n\t\t\t\t<\/div>","protected":false},"excerpt":{"rendered":"<p>Como escolher painel de LED profissional Como escolher um painel de LED profissional para empresas? Para escolher um painel de LED profissional para empresas, \u00e9 fundamental avaliar fatores como resolu\u00e7\u00e3o, aplica\u00e7\u00e3o, ambiente de instala\u00e7\u00e3o e confiabilidade do fabricante. Solu\u00e7\u00f5es desenvolvidas com tecnologia pr\u00f3pria tendem a oferecer melhor desempenho, durabilidade e qualidade de imagem. Quais crit\u00e9rios [&hellip;]<\/p>","protected":false},"author":4,"featured_media":0,"parent":0,"menu_order":0,"comment_status":"closed","ping_status":"closed","template":"","meta":{"footnotes":""},"class_list":["post-6250","page","type-page","status-publish","hentry"],"_links":{"self":[{"href":"https:\/\/leyard.com.br\/esp\/wp-json\/wp\/v2\/pages\/6250","targetHints":{"allow":["GET"]}}],"collection":[{"href":"https:\/\/leyard.com.br\/esp\/wp-json\/wp\/v2\/pages"}],"about":[{"href":"https:\/\/leyard.com.br\/esp\/wp-json\/wp\/v2\/types\/page"}],"author":[{"embeddable":true,"href":"https:\/\/leyard.com.br\/esp\/wp-json\/wp\/v2\/users\/4"}],"replies":[{"embeddable":true,"href":"https:\/\/leyard.com.br\/esp\/wp-json\/wp\/v2\/comments?post=6250"}],"version-history":[{"count":5,"href":"https:\/\/leyard.com.br\/esp\/wp-json\/wp\/v2\/pages\/6250\/revisions"}],"predecessor-version":[{"id":6259,"href":"https:\/\/leyard.com.br\/esp\/wp-json\/wp\/v2\/pages\/6250\/revisions\/6259"}],"wp:attachment":[{"href":"https:\/\/leyard.com.br\/esp\/wp-json\/wp\/v2\/media?parent=6250"}],"curies":[{"name":"wp","href":"https:\/\/api.w.org\/{rel}","templated":true}]}}